{"id":1007,"date":"2022-10-20T15:06:46","date_gmt":"2022-10-20T15:06:46","guid":{"rendered":"https:\/\/clearingourpath.ca\/?page_id=1007"},"modified":"2022-11-24T12:22:27","modified_gmt":"2022-11-24T16:22:27","slug":"aires-daisance-pour-chiens-guides","status":"publish","type":"page","link":"https:\/\/clearingourpath.ca\/index.php\/language\/fr\/exigences-generales-de-design\/elements-de-design-exterieur\/entretien\/aires-daisance-pour-chiens-guides\/","title":{"rendered":"Aires d&#8217;aisance pour chiens- guides"},"content":{"rendered":"<h2>\u00c0 l\u2019int\u00e9rieur et l\u2019ext\u00e9rieur<\/h2>\n<div style=\"float:right;\"><figure id=\"attachment_346\" aria-describedby=\"caption-attachment-346\" style=\"width: 502px\" class=\"wp-caption alignright\"><img loading=\"lazy\" decoding=\"async\" class=\"wp-image-346 size-full\" src=\"https:\/\/clearingourpath.ca\/wp-content\/uploads\/2022\/08\/fig4-5-4-1.jpg\" alt=\"Situ\u00e9e \u00e0 l'ext\u00e9rieur, apr\u00e8s le passage \u00e0 la s\u00e9curit\u00e9, l'aire d'aisance des chiens de l'a\u00e9roport est \u00e9quip\u00e9e de poubelles, d'une installation pour se laver les mains et d'un tuyau d'arrosage. Image fournie par DesignABLE Environments.\" width=\"502\" height=\"282\" srcset=\"https:\/\/clearingourpath.ca\/wp-content\/uploads\/2022\/08\/fig4-5-4-1.jpg 502w, https:\/\/clearingourpath.ca\/wp-content\/uploads\/2022\/08\/fig4-5-4-1-300x169.jpg 300w\" sizes=\"auto, (max-width: 502px) 100vw, 502px\" \/><figcaption id=\"caption-attachment-346\" class=\"wp-caption-text\">Situ\u00e9e \u00e0 l&#8217;ext\u00e9rieur, apr\u00e8s le passage \u00e0 la s\u00e9curit\u00e9, l&#8217;aire d&#8217;aisance des chiens de l&#8217;a\u00e9roport est \u00e9quip\u00e9e de poubelles, d&#8217;une installation pour se laver les mains et d&#8217;un tuyau d&#8217;arrosage. Image fournie par DesignABLE Environments.<\/figcaption><\/figure><\/p>\n<p><figure id=\"attachment_347\" aria-describedby=\"caption-attachment-347\" style=\"width: 494px\" class=\"wp-caption alignright\"><img loading=\"lazy\" decoding=\"async\" class=\"wp-image-347 size-full\" src=\"https:\/\/clearingourpath.ca\/wp-content\/uploads\/2022\/08\/fig4-5-4-2.jpg\" alt=\"D\u00e9tails de la photo pr\u00e9c\u00e9dente illustrant la poubelle et l'installation pour lavage de mains. Image fournie par DesignABLE Environments.\" width=\"494\" height=\"278\" srcset=\"https:\/\/clearingourpath.ca\/wp-content\/uploads\/2022\/08\/fig4-5-4-2.jpg 494w, https:\/\/clearingourpath.ca\/wp-content\/uploads\/2022\/08\/fig4-5-4-2-300x169.jpg 300w\" sizes=\"auto, (max-width: 494px) 100vw, 494px\" \/><figcaption id=\"caption-attachment-347\" class=\"wp-caption-text\">D\u00e9tails de la photo pr\u00e9c\u00e9dente illustrant la poubelle et l&#8217;installation pour lavage de mains. Image fournie par DesignABLE Environments.<\/figcaption><\/figure><\/div>\n<p>Dans les a\u00e9roports, les gares ferroviaires ou les gares maritimes dot\u00e9s de zones s\u00e9curis\u00e9es, les voyageurs ayant un chien-guide devraient avoir acc\u00e8s \u00e0 des espaces s\u00fbrs et bien entretenus pour que leur chien-guide se soulage. Ces aires devraient \u00eatre \u00e9quip\u00e9es de poubelles, d&#8217;installations pour se laver les mains et d&#8217;un moyen permettant de nettoyer facilement les surfaces.<\/p>\n<p>Les zones d&#8217;aisance devraient \u00eatre assez grandes pour qu&#8217;un chien-guide de grande taille puisse bouger \u00e0 l&#8217;int\u00e9rieur d&#8217;une aire d\u00e9sign\u00e9e.<\/p>\n<p>Les aires d&#8217;aisance pour chiens-guides devraient \u00eatre facilement accessibles, dot\u00e9es d&#8217;une entr\u00e9e sans obstacle et d&#8217;une trajectoire droite facile \u00e0 suivre. L&#8217;aire d&#8217;aisance, qu&#8217;elle soit situ\u00e9e \u00e0 l&#8217;int\u00e9rieur d&#8217;une zone s\u00e9curis\u00e9e ou \u00e0 c\u00f4t\u00e9 de l&#8217;entr\u00e9e d&#8217;un b\u00e2timent, devrait permettre \u00e0 un propri\u00e9taire de chien-guide d&#8217;utiliser une laisse de 1500 mm pour que le chien puisse encercler son ma\u00eetre avant de se soulager.<\/p>\n<p>La Fondation <abbr>INCA<\/abbr> recommande que ces aires aient une superficie de 7,4 m\u00e8tres carr\u00e9s (3 m de diam\u00e8tre).<\/p>\n<p>Des enclos ext\u00e9rieurs pourraient aussi \u00eatre am\u00e9nag\u00e9s comme le montrent les illustrations ci-dessous.<\/p>\n<p>Dans les zones s\u00e9curis\u00e9es, les aires d&#8217;aisance am\u00e9nag\u00e9es \u00e0 l&#8217;ext\u00e9rieur devraient \u00eatre facilement accessibles sans qu&#8217;il soit n\u00e9cessaire d&#8217;entrer en contact avec des chauffeurs ou op\u00e9rateurs d&#8217;\u00e9quipement lourd qui n&#8217;ont peut-\u00eatre pas l&#8217;habitude de voir des passagers sur le tarmac ou dans les zones s\u00e9curis\u00e9es.<\/p>\n<p>Install\u00e9s dans les a\u00e9roports de Calgary et de Vancouver, ainsi que dans plusieurs autres a\u00e9roports internationaux, ces am\u00e9nagements devraient \u00eatre annonc\u00e9s sur les sites Web pour indiquer leur emplacement dans l&#8217;a\u00e9roport.<\/p>\n<p>\u00c9vitez d&#8217;utiliser des cartes comme seul moyen de communiquer l&#8217;emplacement de ces am\u00e9nagements, car les voyageurs vivant avec une perte de vision ne pourront peut-\u00eatre pas interpr\u00e9ter les descriptions visuelles. Il faut clairement indiquer l&#8217;emplacement de ces aires d&#8217;aisance \u00e0 l&#8217;aide d&#8217;instructions d\u00e9taill\u00e9es qui doivent \u00eatre fournies sous forme de liste plut\u00f4t que sous forme de paragraphes.<\/p>\n<figure id=\"attachment_348\" aria-describedby=\"caption-attachment-348\" style=\"width: 609px\" class=\"wp-caption alignright\"><img loading=\"lazy\" decoding=\"async\" class=\"wp-image-348 size-full\" src=\"https:\/\/clearingourpath.ca\/wp-content\/uploads\/2022\/08\/fig4-5-4-3.jpg\" alt=\"Aire d'aisance des chiens de l'a\u00e9roport situ\u00e9e \u00e0 l'int\u00e9rieur, apr\u00e8s le passage \u00e0 la s\u00e9curit\u00e9. \u00c0 noter que les chiens de grande taille ont suffisamment d'espace pour bouger. \" width=\"609\" height=\"426\" srcset=\"https:\/\/clearingourpath.ca\/wp-content\/uploads\/2022\/08\/fig4-5-4-3.jpg 609w, https:\/\/clearingourpath.ca\/wp-content\/uploads\/2022\/08\/fig4-5-4-3-300x210.jpg 300w\" sizes=\"auto, (max-width: 609px) 100vw, 609px\" \/><figcaption id=\"caption-attachment-348\" class=\"wp-caption-text\">Aire d&#8217;aisance des chiens de l&#8217;a\u00e9roport situ\u00e9e \u00e0 l&#8217;int\u00e9rieur, apr\u00e8s le passage \u00e0 la s\u00e9curit\u00e9. \u00c0 noter que les chiens de grande taille ont suffisamment d&#8217;espace pour bouger.<\/figcaption><\/figure>\n","protected":false},"excerpt":{"rendered":"<p>\u00c0 l\u2019int\u00e9rieur et l\u2019ext\u00e9rieur Dans les a\u00e9roports, les gares ferroviaires ou les gares maritimes dot\u00e9s de zones s\u00e9curis\u00e9es, les voyageurs ayant un chien-guide devraient avoir acc\u00e8s \u00e0 des espaces s\u00fbrs et bien entretenus pour que leur chien-guide se soulage. Ces aires devraient \u00eatre \u00e9quip\u00e9es de [&hellip;]<\/p>\n","protected":false},"author":3,"featured_media":0,"parent":452,"menu_order":3,"comment_status":"closed","ping_status":"closed","template":"","meta":{"_monsterinsights_skip_tracking":false,"_monsterinsights_sitenote_active":false,"_monsterinsights_sitenote_note":"","_monsterinsights_sitenote_category":0,"footnotes":""},"class_list":["post-1007","page","type-page","status-publish","hentry"],"_links":{"self":[{"href":"https:\/\/clearingourpath.ca\/index.php\/wp-json\/wp\/v2\/pages\/1007","targetHints":{"allow":["GET"]}}],"collection":[{"href":"https:\/\/clearingourpath.ca\/index.php\/wp-json\/wp\/v2\/pages"}],"about":[{"href":"https:\/\/clearingourpath.ca\/index.php\/wp-json\/wp\/v2\/types\/page"}],"author":[{"embeddable":true,"href":"https:\/\/clearingourpath.ca\/index.php\/wp-json\/wp\/v2\/users\/3"}],"replies":[{"embeddable":true,"href":"https:\/\/clearingourpath.ca\/index.php\/wp-json\/wp\/v2\/comments?post=1007"}],"version-history":[{"count":5,"href":"https:\/\/clearingourpath.ca\/index.php\/wp-json\/wp\/v2\/pages\/1007\/revisions"}],"predecessor-version":[{"id":1012,"href":"https:\/\/clearingourpath.ca\/index.php\/wp-json\/wp\/v2\/pages\/1007\/revisions\/1012"}],"up":[{"embeddable":true,"href":"https:\/\/clearingourpath.ca\/index.php\/wp-json\/wp\/v2\/pages\/452"}],"wp:attachment":[{"href":"https:\/\/clearingourpath.ca\/index.php\/wp-json\/wp\/v2\/media?parent=1007"}],"curies":[{"name":"wp","href":"https:\/\/api.w.org\/{rel}","templated":true}]}}