{"id":1019,"date":"2022-10-20T15:29:03","date_gmt":"2022-10-20T15:29:03","guid":{"rendered":"https:\/\/clearingourpath.ca\/?page_id=1019"},"modified":"2022-10-20T15:29:03","modified_gmt":"2022-10-20T15:29:03","slug":"entrees-des-edifices","status":"publish","type":"page","link":"https:\/\/clearingourpath.ca\/index.php\/language\/fr\/exigences-generales-de-design\/elements-de-design-exterieur\/entrees-des-edifices\/","title":{"rendered":"Entr\u00e9es des \u00e9difices"},"content":{"rendered":"<p>Les entr\u00e9es des \u00e9difices publics doivent \u00eatre faciles \u00e0 rep\u00e9rer. Divers \u00e9l\u00e9ments peuvent aider les personnes touch\u00e9es par la c\u00e9cit\u00e9 \u00e0 trouver rapidement une entr\u00e9e ext\u00e9rieure.<\/p>\n<p><strong>Panneaux indicateurs\u00a0:<\/strong> Le nom et l\u2019adresse de l\u2019\u00e9difice doivent \u00eatre affich\u00e9s \u00e0 l\u2019ext\u00e9rieur sur un panneau indicateur \u00e0 contenu visuel, imprim\u00e9 en relief et braille. Le panneau indicateur doit \u00eatre conforme aux exigences de design pour la <a href=\"https:\/\/clearingourpath.ca\/index.php\/fr\/exigences-generales-de-design\/elements-de-design-communs\/signalisation\/\">Signalisation<\/a>. Pour les grands \u00e9difices, des enseignes plus volumineuses doivent \u00eatre int\u00e9gr\u00e9es \u00e0 l\u2019am\u00e9nagement paysager jouxtant l\u2019entr\u00e9e principale. \u00c9tant donn\u00e9 leur distance des voies de d\u00e9placement, les caract\u00e8res imprim\u00e9s en relief et braille ne sont pas requis sur ces enseignes.<\/p>\n<p>Gr\u00e2ce \u00e0 de nouvelles technologies, les personnes touch\u00e9es par la c\u00e9cit\u00e9 peuvent lire des panneaux indicateurs \u00e9loign\u00e9s au moyen de leur t\u00e9l\u00e9phone intelligent, lequel re\u00e7oit l\u2019information par Bluetooth depuis une balise install\u00e9e sur le dessus ou \u00e0 proximit\u00e9 du panneau indicateur.<\/p>\n<p>Si certaines portes d\u2019entr\u00e9e d\u2019un \u00e9difice ne sont pas accessibles, une signalisation doit indiquer, \u00e0 toutes les portes, l\u2019emplacement d\u2019une entr\u00e9e accessible.<\/p>\n<p><strong>Cadres de portes\u00a0:<\/strong> Tous les cadres de portes doivent \u00eatre de couleur contrastante par rapport aux murs ou aux surfaces qui les entourent.<\/p>\n<p><strong>Points de rep\u00e8re\u00a0:<\/strong> Des plantes et des colonnes peuvent attirer l\u2019attention vers l\u2019entr\u00e9e principale. La position des plantes peut \u00eatre un moyen d\u2019indiquer le sens de d\u00e9placement vers l\u2019entr\u00e9e.<\/p>\n<p><strong>Entr\u00e9es en retrait\u00a0:<\/strong> Une entr\u00e9e en retrait se rep\u00e8re mieux avec une longue canne. Le retrait peut aussi conf\u00e9rer une acoustique diff\u00e9rente, ce qui rend l\u2019entr\u00e9e plus facile \u00e0 rep\u00e9rer pour les personnes touch\u00e9es par la c\u00e9cit\u00e9.<\/p>\n<p><strong>Changements texturaux dans la surface\u00a0:<\/strong> Les abords de l\u2019entr\u00e9e d\u2019un \u00e9difice peuvent \u00eatre marqu\u00e9s par une surface de sol diff\u00e9rente. Ce pourrait par exemple \u00eatre une section en pav\u00e9s \u00e0 embo\u00eetement (\u00ab\u00a0pav\u00e9 uni\u00a0\u00bb) qui croise un trottoir de b\u00e9ton \u00e0 90\u00a0degr\u00e9s pour indiquer un virage dans le chemin d\u2019acc\u00e8s vers l\u2019entr\u00e9e. Les pav\u00e9s \u00e0 embo\u00eetement doivent \u00eatre d\u00e9tectables avec une canne et sous les pieds.<\/p>\n<p><strong>Rep\u00e8res sonores\u00a0:<\/strong> Des dispositifs de signalisation sonore (trait\u00e9s dans la section <a href=\"https:\/\/clearingourpath.ca\/index.php\/fr\/exigences-generales-de-design\/elements-de-design-communs\/signalisation\/\">Signalisation<\/a> et d\u2019autres rep\u00e8res sonores, comme de la musique, peuvent servir \u00e0 attirer l\u2019attention vers l\u2019entr\u00e9e d\u2019un \u00e9difice.<\/p>\n<p>Lorsque les portes menant \u00e0 plusieurs entreprises sont en rang\u00e9e le long d\u2019une ligne de construction et se confondent avec le mur p\u00e9riph\u00e9rique, il est important que chacune soit clairement d\u00e9sign\u00e9e, par exemple, par une couleur et un paillasson ext\u00e9rieur contrastants pour chacune, ou par un contraste de couleur et de texture pour la surface de marche conduisant \u00e0 chacune. Une signalisation \u00e0 contenu visuel et tactile doit aussi \u00eatre fournie \u00e0 chaque porte.<\/p>\n","protected":false},"excerpt":{"rendered":"<p>Les entr\u00e9es des \u00e9difices publics doivent \u00eatre faciles \u00e0 rep\u00e9rer. Divers \u00e9l\u00e9ments peuvent aider les personnes touch\u00e9es par la c\u00e9cit\u00e9 \u00e0 trouver rapidement une entr\u00e9e ext\u00e9rieure. Panneaux indicateurs\u00a0: Le nom et l\u2019adresse de l\u2019\u00e9difice doivent \u00eatre affich\u00e9s \u00e0 l\u2019ext\u00e9rieur sur un panneau indicateur \u00e0 contenu [&hellip;]<\/p>\n","protected":false},"author":3,"featured_media":0,"parent":448,"menu_order":5,"comment_status":"closed","ping_status":"closed","template":"","meta":{"_monsterinsights_skip_tracking":false,"_monsterinsights_sitenote_active":false,"_monsterinsights_sitenote_note":"","_monsterinsights_sitenote_category":0,"footnotes":""},"class_list":["post-1019","page","type-page","status-publish","hentry"],"_links":{"self":[{"href":"https:\/\/clearingourpath.ca\/index.php\/wp-json\/wp\/v2\/pages\/1019","targetHints":{"allow":["GET"]}}],"collection":[{"href":"https:\/\/clearingourpath.ca\/index.php\/wp-json\/wp\/v2\/pages"}],"about":[{"href":"https:\/\/clearingourpath.ca\/index.php\/wp-json\/wp\/v2\/types\/page"}],"author":[{"embeddable":true,"href":"https:\/\/clearingourpath.ca\/index.php\/wp-json\/wp\/v2\/users\/3"}],"replies":[{"embeddable":true,"href":"https:\/\/clearingourpath.ca\/index.php\/wp-json\/wp\/v2\/comments?post=1019"}],"version-history":[{"count":1,"href":"https:\/\/clearingourpath.ca\/index.php\/wp-json\/wp\/v2\/pages\/1019\/revisions"}],"predecessor-version":[{"id":1020,"href":"https:\/\/clearingourpath.ca\/index.php\/wp-json\/wp\/v2\/pages\/1019\/revisions\/1020"}],"up":[{"embeddable":true,"href":"https:\/\/clearingourpath.ca\/index.php\/wp-json\/wp\/v2\/pages\/448"}],"wp:attachment":[{"href":"https:\/\/clearingourpath.ca\/index.php\/wp-json\/wp\/v2\/media?parent=1019"}],"curies":[{"name":"wp","href":"https:\/\/api.w.org\/{rel}","templated":true}]}}