{"id":1022,"date":"2022-10-20T15:29:57","date_gmt":"2022-10-20T15:29:57","guid":{"rendered":"https:\/\/clearingourpath.ca\/?page_id=1022"},"modified":"2022-10-20T15:29:57","modified_gmt":"2022-10-20T15:29:57","slug":"largeur-libre","status":"publish","type":"page","link":"https:\/\/clearingourpath.ca\/index.php\/language\/fr\/exigences-generales-de-design\/elements-de-design-exterieur\/portes-exterieures\/largeur-libre\/","title":{"rendered":"Largeur libre"},"content":{"rendered":"<p>La largeur libre d\u2019une baie de porte dans un \u00e9difice doit \u00eatre d\u2019au moins 920 mm, mesur\u00e9e entre le cadre et la face de la porte lorsque cette derni\u00e8re est compl\u00e8tement ouverte \u00e0 un angle de 90 degr\u00e9s. Des baies de porte plus larges, mieux adapt\u00e9es aux utilisateurs de chiens-guides, sont pr\u00e9f\u00e9rables.<\/p>\n<p>Les tourniquets et les portes tournantes peuvent \u00eatre difficiles \u00e0 franchir pour une personne accompagn\u00e9e d\u2019un chien-guide, leur largeur libre \u00e9tant souvent insuffisante. Dans les lieux munis de tourniquets ou de portes tournantes, une barri\u00e8re ou une porte adjacente ayant une largeur libre de 920 mm doit \u00eatre accessible.<\/p>\n","protected":false},"excerpt":{"rendered":"<p>La largeur libre d\u2019une baie de porte dans un \u00e9difice doit \u00eatre d\u2019au moins 920 mm, mesur\u00e9e entre le cadre et la face de la porte lorsque cette derni\u00e8re est compl\u00e8tement ouverte \u00e0 un angle de 90 degr\u00e9s. Des baies de porte plus larges, mieux [&hellip;]<\/p>\n","protected":false},"author":3,"featured_media":0,"parent":964,"menu_order":0,"comment_status":"closed","ping_status":"closed","template":"","meta":{"_monsterinsights_skip_tracking":false,"_monsterinsights_sitenote_active":false,"_monsterinsights_sitenote_note":"","_monsterinsights_sitenote_category":0,"footnotes":""},"class_list":["post-1022","page","type-page","status-publish","hentry"],"_links":{"self":[{"href":"https:\/\/clearingourpath.ca\/index.php\/wp-json\/wp\/v2\/pages\/1022","targetHints":{"allow":["GET"]}}],"collection":[{"href":"https:\/\/clearingourpath.ca\/index.php\/wp-json\/wp\/v2\/pages"}],"about":[{"href":"https:\/\/clearingourpath.ca\/index.php\/wp-json\/wp\/v2\/types\/page"}],"author":[{"embeddable":true,"href":"https:\/\/clearingourpath.ca\/index.php\/wp-json\/wp\/v2\/users\/3"}],"replies":[{"embeddable":true,"href":"https:\/\/clearingourpath.ca\/index.php\/wp-json\/wp\/v2\/comments?post=1022"}],"version-history":[{"count":1,"href":"https:\/\/clearingourpath.ca\/index.php\/wp-json\/wp\/v2\/pages\/1022\/revisions"}],"predecessor-version":[{"id":1023,"href":"https:\/\/clearingourpath.ca\/index.php\/wp-json\/wp\/v2\/pages\/1022\/revisions\/1023"}],"up":[{"embeddable":true,"href":"https:\/\/clearingourpath.ca\/index.php\/wp-json\/wp\/v2\/pages\/964"}],"wp:attachment":[{"href":"https:\/\/clearingourpath.ca\/index.php\/wp-json\/wp\/v2\/media?parent=1022"}],"curies":[{"name":"wp","href":"https:\/\/api.w.org\/{rel}","templated":true}]}}