{"id":1026,"date":"2022-10-20T15:30:37","date_gmt":"2022-10-20T15:30:37","guid":{"rendered":"https:\/\/clearingourpath.ca\/?page_id=1026"},"modified":"2022-10-20T15:30:37","modified_gmt":"2022-10-20T15:30:37","slug":"actionnement-des-portes","status":"publish","type":"page","link":"https:\/\/clearingourpath.ca\/index.php\/language\/fr\/exigences-generales-de-design\/elements-de-design-exterieur\/portes-exterieures\/actionnement-des-portes\/","title":{"rendered":"Actionnement des portes"},"content":{"rendered":"<p>Les portes ne devraient pas s\u2019ouvrir dans une voie de d\u00e9placement. Si des portes \u00e0 commande automatique basculent dans une voie de d\u00e9placement, il faut installer des garde-corps qui sont perpendiculaires aux murs contenant ces portes, et qui sont d\u00e9tectables au niveau du sol ou du plancher pour les personnes utilisant une longue canne.<\/p>\n<p>Les deux battants d\u2019une porte double doivent \u00eatre d\u00e9verrouill\u00e9s et mobiles. Il s\u2019agit d\u2019un point particuli\u00e8rement important pour les propri\u00e9taires de chiens-guides. Autant que possible, il ne doit pas y avoir de montant central entre les deux battants.<\/p>\n<p>Les portes battantes sont \u00e0 \u00e9viter parce qu\u2019elles basculent plus loin que la position normalement ferm\u00e9e.<\/p>\n<p>Les ferme-porte hydrauliques ou \u00e0 ressort doivent \u00eatre r\u00e9gl\u00e9s de mani\u00e8re \u00e0 ce qu\u2019une porte ouverte \u00e0 90 degr\u00e9s prenne au moins 3 secondes pour revenir \u00e0 une position partiellement ferm\u00e9e d\u2019environ 12 degr\u00e9s. Le but est d\u2019accommoder les personnes qui marchent plus lentement.<\/p>\n<p>Les portes et les cadres de porte doivent avoir un contraste de couleur et de luminosit\u00e9 par rapport \u00e0 leurs surfaces environnantes imm\u00e9diates. Les chants et les jambages des portes ne doivent pas \u00eatre excessivement pointus.<\/p>\n<p>Dans la mesure du possible, des portes coulissantes sont \u00e0 envisager.<\/p>\n","protected":false},"excerpt":{"rendered":"<p>Les portes ne devraient pas s\u2019ouvrir dans une voie de d\u00e9placement. Si des portes \u00e0 commande automatique basculent dans une voie de d\u00e9placement, il faut installer des garde-corps qui sont perpendiculaires aux murs contenant ces portes, et qui sont d\u00e9tectables au niveau du sol ou [&hellip;]<\/p>\n","protected":false},"author":3,"featured_media":0,"parent":964,"menu_order":1,"comment_status":"closed","ping_status":"closed","template":"","meta":{"_monsterinsights_skip_tracking":false,"_monsterinsights_sitenote_active":false,"_monsterinsights_sitenote_note":"","_monsterinsights_sitenote_category":0,"footnotes":""},"class_list":["post-1026","page","type-page","status-publish","hentry"],"_links":{"self":[{"href":"https:\/\/clearingourpath.ca\/index.php\/wp-json\/wp\/v2\/pages\/1026","targetHints":{"allow":["GET"]}}],"collection":[{"href":"https:\/\/clearingourpath.ca\/index.php\/wp-json\/wp\/v2\/pages"}],"about":[{"href":"https:\/\/clearingourpath.ca\/index.php\/wp-json\/wp\/v2\/types\/page"}],"author":[{"embeddable":true,"href":"https:\/\/clearingourpath.ca\/index.php\/wp-json\/wp\/v2\/users\/3"}],"replies":[{"embeddable":true,"href":"https:\/\/clearingourpath.ca\/index.php\/wp-json\/wp\/v2\/comments?post=1026"}],"version-history":[{"count":1,"href":"https:\/\/clearingourpath.ca\/index.php\/wp-json\/wp\/v2\/pages\/1026\/revisions"}],"predecessor-version":[{"id":1027,"href":"https:\/\/clearingourpath.ca\/index.php\/wp-json\/wp\/v2\/pages\/1026\/revisions\/1027"}],"up":[{"embeddable":true,"href":"https:\/\/clearingourpath.ca\/index.php\/wp-json\/wp\/v2\/pages\/964"}],"wp:attachment":[{"href":"https:\/\/clearingourpath.ca\/index.php\/wp-json\/wp\/v2\/media?parent=1026"}],"curies":[{"name":"wp","href":"https:\/\/api.w.org\/{rel}","templated":true}]}}