{"id":1030,"date":"2022-10-20T15:32:11","date_gmt":"2022-10-20T15:32:11","guid":{"rendered":"https:\/\/clearingourpath.ca\/?page_id=1030"},"modified":"2022-10-20T15:32:11","modified_gmt":"2022-10-20T15:32:11","slug":"quincaillerie","status":"publish","type":"page","link":"https:\/\/clearingourpath.ca\/index.php\/language\/fr\/exigences-generales-de-design\/elements-de-design-exterieur\/portes-exterieures\/quincaillerie\/","title":{"rendered":"Quincaillerie"},"content":{"rendered":"<figure id=\"attachment_349\" aria-describedby=\"caption-attachment-349\" style=\"width: 440px\" class=\"wp-caption alignright\"><img loading=\"lazy\" decoding=\"async\" class=\"wp-image-349 \" src=\"https:\/\/clearingourpath.ca\/wp-content\/uploads\/2022\/08\/fig4-7-1.jpg\" alt=\"Poign\u00e9e de type levier en forme de U, \u00e0 utiliser sur des portes \u00e0 verrou.\" width=\"440\" height=\"326\" srcset=\"https:\/\/clearingourpath.ca\/wp-content\/uploads\/2022\/08\/fig4-7-1.jpg 685w, https:\/\/clearingourpath.ca\/wp-content\/uploads\/2022\/08\/fig4-7-1-300x222.jpg 300w\" sizes=\"auto, (max-width: 440px) 100vw, 440px\" \/><figcaption id=\"caption-attachment-349\" class=\"wp-caption-text\">Poign\u00e9e de type levier en forme de U, \u00e0 utiliser sur des portes \u00e0 verrou.<\/figcaption><\/figure>\n<p>La position de la quincaillerie doit \u00eatre \u00e0 peu pr\u00e8s la m\u00eame pour toutes les portes, soit de 800 \u00e0 1100 mm au-dessus de la surface de marche finie. La couleur de la quincaillerie doit aussi contraster avec la surface de la porte.<\/p>\n<p>La quincaillerie d\u2019ouverture de portes \u00e0 utiliser comprend les poign\u00e9es de type levier (bec-de-cane) \u00e0 bout recourb\u00e9, les poign\u00e9es en forme de D, les plaques de pouss\u00e9e ou les plaques de pouss\u00e9e d\u00e9centr\u00e9es. Les plaques de pouss\u00e9e d\u00e9centr\u00e9es sont \u00e0 privil\u00e9gier parce qu\u2019elles indiquent le sens d\u2019ouverture des portes. La quincaillerie tactile (p. ex., plaques de pouss\u00e9e ou poign\u00e9es) doit \u00eatre install\u00e9e du c\u00f4t\u00e9 \u00e0 pousser des portes sans dispositif de verrouillage. Il sera ainsi plus facile de savoir o\u00f9 pousser pour ouvrir la porte et, si une porte fait partie d\u2019une cloison vitr\u00e9e, de rep\u00e9rer la porte elle-m\u00eame.<\/p>\n","protected":false},"excerpt":{"rendered":"<p>La position de la quincaillerie doit \u00eatre \u00e0 peu pr\u00e8s la m\u00eame pour toutes les portes, soit de 800 \u00e0 1100 mm au-dessus de la surface de marche finie. La couleur de la quincaillerie doit aussi contraster avec la surface de la porte. La quincaillerie [&hellip;]<\/p>\n","protected":false},"author":3,"featured_media":0,"parent":964,"menu_order":2,"comment_status":"closed","ping_status":"closed","template":"","meta":{"_monsterinsights_skip_tracking":false,"_monsterinsights_sitenote_active":false,"_monsterinsights_sitenote_note":"","_monsterinsights_sitenote_category":0,"footnotes":""},"class_list":["post-1030","page","type-page","status-publish","hentry"],"_links":{"self":[{"href":"https:\/\/clearingourpath.ca\/index.php\/wp-json\/wp\/v2\/pages\/1030","targetHints":{"allow":["GET"]}}],"collection":[{"href":"https:\/\/clearingourpath.ca\/index.php\/wp-json\/wp\/v2\/pages"}],"about":[{"href":"https:\/\/clearingourpath.ca\/index.php\/wp-json\/wp\/v2\/types\/page"}],"author":[{"embeddable":true,"href":"https:\/\/clearingourpath.ca\/index.php\/wp-json\/wp\/v2\/users\/3"}],"replies":[{"embeddable":true,"href":"https:\/\/clearingourpath.ca\/index.php\/wp-json\/wp\/v2\/comments?post=1030"}],"version-history":[{"count":1,"href":"https:\/\/clearingourpath.ca\/index.php\/wp-json\/wp\/v2\/pages\/1030\/revisions"}],"predecessor-version":[{"id":1031,"href":"https:\/\/clearingourpath.ca\/index.php\/wp-json\/wp\/v2\/pages\/1030\/revisions\/1031"}],"up":[{"embeddable":true,"href":"https:\/\/clearingourpath.ca\/index.php\/wp-json\/wp\/v2\/pages\/964"}],"wp:attachment":[{"href":"https:\/\/clearingourpath.ca\/index.php\/wp-json\/wp\/v2\/media?parent=1030"}],"curies":[{"name":"wp","href":"https:\/\/api.w.org\/{rel}","templated":true}]}}