{"id":1034,"date":"2022-10-20T15:32:49","date_gmt":"2022-10-20T15:32:49","guid":{"rendered":"https:\/\/clearingourpath.ca\/?page_id=1034"},"modified":"2022-10-20T15:32:49","modified_gmt":"2022-10-20T15:32:49","slug":"marches","status":"publish","type":"page","link":"https:\/\/clearingourpath.ca\/index.php\/language\/fr\/exigences-generales-de-design\/elements-de-design-exterieur\/portes-exterieures\/marches\/","title":{"rendered":"Marches"},"content":{"rendered":"<p>Il ne doit pas y avoir de marches dans les entr\u00e9es publiques des \u00e9difices. Si les marches sont in\u00e9vitables, une rampe d\u2019acc\u00e8s adjacente doit mener \u00e0 l\u2019entr\u00e9e de l\u2019\u00e9difice. Un espace libre et plat doit \u00eatre m\u00e9nag\u00e9 de part et d\u2019autre des portes, \u00e9tant d\u2019au moins 1500 \u00d7 1500 mm sur le c\u00f4t\u00e9 \u00e0 tirer et 1200 \u00d7 1200 mm sur le c\u00f4t\u00e9 \u00e0 pousser. La largeur de l\u2019espace libre doit \u00eatre mesur\u00e9e depuis le c\u00f4t\u00e9 charni\u00e8res d\u2019une porte.<\/p>\n","protected":false},"excerpt":{"rendered":"<p>Il ne doit pas y avoir de marches dans les entr\u00e9es publiques des \u00e9difices. Si les marches sont in\u00e9vitables, une rampe d\u2019acc\u00e8s adjacente doit mener \u00e0 l\u2019entr\u00e9e de l\u2019\u00e9difice. Un espace libre et plat doit \u00eatre m\u00e9nag\u00e9 de part et d\u2019autre des portes, \u00e9tant d\u2019au [&hellip;]<\/p>\n","protected":false},"author":3,"featured_media":0,"parent":964,"menu_order":3,"comment_status":"closed","ping_status":"closed","template":"","meta":{"_monsterinsights_skip_tracking":false,"_monsterinsights_sitenote_active":false,"_monsterinsights_sitenote_note":"","_monsterinsights_sitenote_category":0,"footnotes":""},"class_list":["post-1034","page","type-page","status-publish","hentry"],"_links":{"self":[{"href":"https:\/\/clearingourpath.ca\/index.php\/wp-json\/wp\/v2\/pages\/1034","targetHints":{"allow":["GET"]}}],"collection":[{"href":"https:\/\/clearingourpath.ca\/index.php\/wp-json\/wp\/v2\/pages"}],"about":[{"href":"https:\/\/clearingourpath.ca\/index.php\/wp-json\/wp\/v2\/types\/page"}],"author":[{"embeddable":true,"href":"https:\/\/clearingourpath.ca\/index.php\/wp-json\/wp\/v2\/users\/3"}],"replies":[{"embeddable":true,"href":"https:\/\/clearingourpath.ca\/index.php\/wp-json\/wp\/v2\/comments?post=1034"}],"version-history":[{"count":1,"href":"https:\/\/clearingourpath.ca\/index.php\/wp-json\/wp\/v2\/pages\/1034\/revisions"}],"predecessor-version":[{"id":1035,"href":"https:\/\/clearingourpath.ca\/index.php\/wp-json\/wp\/v2\/pages\/1034\/revisions\/1035"}],"up":[{"embeddable":true,"href":"https:\/\/clearingourpath.ca\/index.php\/wp-json\/wp\/v2\/pages\/964"}],"wp:attachment":[{"href":"https:\/\/clearingourpath.ca\/index.php\/wp-json\/wp\/v2\/media?parent=1034"}],"curies":[{"name":"wp","href":"https:\/\/api.w.org\/{rel}","templated":true}]}}