{"id":1038,"date":"2022-10-20T15:34:19","date_gmt":"2022-10-20T15:34:19","guid":{"rendered":"https:\/\/clearingourpath.ca\/?page_id=1038"},"modified":"2022-10-20T15:34:19","modified_gmt":"2022-10-20T15:34:19","slug":"portes-coulissantes-automatiques","status":"publish","type":"page","link":"https:\/\/clearingourpath.ca\/index.php\/language\/fr\/exigences-generales-de-design\/elements-de-design-exterieur\/portes-exterieures\/portes-coulissantes-automatiques\/","title":{"rendered":"Portes coulissantes automatiques"},"content":{"rendered":"<figure id=\"attachment_350\" aria-describedby=\"caption-attachment-350\" style=\"width: 458px\" class=\"wp-caption alignright\"><img loading=\"lazy\" decoding=\"async\" class=\"wp-image-350 \" src=\"https:\/\/clearingourpath.ca\/wp-content\/uploads\/2022\/08\/fig4-7-2.jpg\" alt=\"Portes coulissantes automatiques en verre \u00e0 l\u2019entr\u00e9e d\u2019un \u00e9difice, avec bande de couleur contrastante.\" width=\"458\" height=\"368\" srcset=\"https:\/\/clearingourpath.ca\/wp-content\/uploads\/2022\/08\/fig4-7-2.jpg 797w, https:\/\/clearingourpath.ca\/wp-content\/uploads\/2022\/08\/fig4-7-2-300x241.jpg 300w, https:\/\/clearingourpath.ca\/wp-content\/uploads\/2022\/08\/fig4-7-2-768x617.jpg 768w\" sizes=\"auto, (max-width: 458px) 100vw, 458px\" \/><figcaption id=\"caption-attachment-350\" class=\"wp-caption-text\">Portes coulissantes automatiques en verre \u00e0 l\u2019entr\u00e9e d\u2019un \u00e9difice, avec bande de couleur contrastante.<\/figcaption><\/figure>\n<p>Autant que possible, des portes coulissantes automatiques activ\u00e9es par un d\u00e9tecteur de mouvement doivent \u00eatre utilis\u00e9es dans l\u2019entr\u00e9e des \u00e9difices. Ces portes fournissent aussi aux personnes touch\u00e9es par la c\u00e9cit\u00e9 un signal sonore de la pr\u00e9sence de l\u2019entr\u00e9e. Les portes coulissantes automatiques n\u2019entravent d\u2019aucune fa\u00e7on la circulation, ne requi\u00e8rent pas de garde-corps protecteurs (contrairement aux portes non coulissantes automatiques) et offrent un acc\u00e8s universel.<\/p>\n<p>En cas d\u2019urgence ou de panne d\u2019\u00e9lectricit\u00e9, les portes coulissantes automatiques doivent pouvoir s\u2019ouvrir dans le sens de la sortie avec une force manuelle de 66 N ou moins.<\/p>\n<p>Pour l\u2019activation des portes, les d\u00e9tecteurs de mouvement install\u00e9s au plafond sont pr\u00e9f\u00e9rables aux tapis d\u00e9tecteurs de mouvement, lesquels sont sujets \u00e0 des d\u00e9faillances en hiver. Si des tapis d\u00e9tecteurs de mouvement sont utilis\u00e9s pour l\u2019activation des portes, leur surface ne doit pas \u00eatre \u00e0 plus de 13 mm au-dessus de la surface de sol environnante.<\/p>\n<p>Si des boutons-poussoirs sont utilis\u00e9s pour des portes battantes automatiques, chacun ne doit ouvrir qu\u2019une seule porte. Les boutons-poussoirs ne doivent jamais ouvrir les deux battants d\u2019une paire de portes. Une personne doit pouvoir ouvrir ou arr\u00eater une porte battante automatique avec une force de 66 N ou moins.<\/p>\n<p>Les dispositifs d\u2019ouverture des portes actionn\u00e9s par bouton-poussoir ou plaque-poussoir, le cas \u00e9ch\u00e9ant, doivent \u00eatre plac\u00e9s invariablement pr\u00e8s de toutes les entr\u00e9es. Ils doivent \u00eatre de couleur contrastante par rapport \u00e0 la surface de fond afin d\u2019\u00eatre plus visibles pour les personnes touch\u00e9es par la c\u00e9cit\u00e9. Les boutons-poussoirs ou plaques-poussoirs doivent \u00eatre mont\u00e9s de mani\u00e8re \u00e0 ce que la porte qui s\u2019ouvre ne heurte ni la personne qui les actionne ni le chien-guide.<\/p>\n","protected":false},"excerpt":{"rendered":"<p>Autant que possible, des portes coulissantes automatiques activ\u00e9es par un d\u00e9tecteur de mouvement doivent \u00eatre utilis\u00e9es dans l\u2019entr\u00e9e des \u00e9difices. Ces portes fournissent aussi aux personnes touch\u00e9es par la c\u00e9cit\u00e9 un signal sonore de la pr\u00e9sence de l\u2019entr\u00e9e. Les portes coulissantes automatiques n\u2019entravent d\u2019aucune fa\u00e7on [&hellip;]<\/p>\n","protected":false},"author":3,"featured_media":0,"parent":964,"menu_order":4,"comment_status":"closed","ping_status":"closed","template":"","meta":{"_monsterinsights_skip_tracking":false,"_monsterinsights_sitenote_active":false,"_monsterinsights_sitenote_note":"","_monsterinsights_sitenote_category":0,"footnotes":""},"class_list":["post-1038","page","type-page","status-publish","hentry"],"_links":{"self":[{"href":"https:\/\/clearingourpath.ca\/index.php\/wp-json\/wp\/v2\/pages\/1038","targetHints":{"allow":["GET"]}}],"collection":[{"href":"https:\/\/clearingourpath.ca\/index.php\/wp-json\/wp\/v2\/pages"}],"about":[{"href":"https:\/\/clearingourpath.ca\/index.php\/wp-json\/wp\/v2\/types\/page"}],"author":[{"embeddable":true,"href":"https:\/\/clearingourpath.ca\/index.php\/wp-json\/wp\/v2\/users\/3"}],"replies":[{"embeddable":true,"href":"https:\/\/clearingourpath.ca\/index.php\/wp-json\/wp\/v2\/comments?post=1038"}],"version-history":[{"count":1,"href":"https:\/\/clearingourpath.ca\/index.php\/wp-json\/wp\/v2\/pages\/1038\/revisions"}],"predecessor-version":[{"id":1039,"href":"https:\/\/clearingourpath.ca\/index.php\/wp-json\/wp\/v2\/pages\/1038\/revisions\/1039"}],"up":[{"embeddable":true,"href":"https:\/\/clearingourpath.ca\/index.php\/wp-json\/wp\/v2\/pages\/964"}],"wp:attachment":[{"href":"https:\/\/clearingourpath.ca\/index.php\/wp-json\/wp\/v2\/media?parent=1038"}],"curies":[{"name":"wp","href":"https:\/\/api.w.org\/{rel}","templated":true}]}}