{"id":1042,"date":"2022-10-20T15:35:30","date_gmt":"2022-10-20T15:35:30","guid":{"rendered":"https:\/\/clearingourpath.ca\/?page_id=1042"},"modified":"2022-10-20T15:35:30","modified_gmt":"2022-10-20T15:35:30","slug":"portes-multiples","status":"publish","type":"page","link":"https:\/\/clearingourpath.ca\/index.php\/language\/fr\/exigences-generales-de-design\/elements-de-design-exterieur\/portes-exterieures\/portes-multiples\/","title":{"rendered":"Portes multiples"},"content":{"rendered":"<p>L\u2019entr\u00e9e de certains \u00e9difices, comme les cin\u00e9mas et les auditoriums, consiste en une rang\u00e9e de portes. Lorsque ces portes basculent dans la voie de d\u00e9placement, elles peuvent constituer un danger pour les personnes touch\u00e9es par la c\u00e9cit\u00e9. Un dispositif protecteur de couleur contrastante, d\u00e9tectable au moyen d\u2019une canne, doit \u00eatre en place.<\/p>\n<p>Un groupe de portes coulissantes automatiques est pr\u00e9f\u00e9rable \u00e0 une rang\u00e9e de portes battantes. Une autre solution serait d\u2019utiliser une paire de portes coulissantes au milieu d\u2019une rang\u00e9e de portes ordinaires \u00e0 l\u2019entr\u00e9e d\u2019un \u00e9difice.<\/p>\n<p>Lorsque des portes sont dispos\u00e9es en s\u00e9ries, comme dans un vestibule, l\u2019espace dans lequel elles basculent doit avoir une longueur d\u2019au moins 1500 mm de plus que la largeur des portes.<\/p>\n","protected":false},"excerpt":{"rendered":"<p>L\u2019entr\u00e9e de certains \u00e9difices, comme les cin\u00e9mas et les auditoriums, consiste en une rang\u00e9e de portes. Lorsque ces portes basculent dans la voie de d\u00e9placement, elles peuvent constituer un danger pour les personnes touch\u00e9es par la c\u00e9cit\u00e9. Un dispositif protecteur de couleur contrastante, d\u00e9tectable au [&hellip;]<\/p>\n","protected":false},"author":3,"featured_media":0,"parent":964,"menu_order":5,"comment_status":"closed","ping_status":"closed","template":"","meta":{"_monsterinsights_skip_tracking":false,"_monsterinsights_sitenote_active":false,"_monsterinsights_sitenote_note":"","_monsterinsights_sitenote_category":0,"footnotes":""},"class_list":["post-1042","page","type-page","status-publish","hentry"],"_links":{"self":[{"href":"https:\/\/clearingourpath.ca\/index.php\/wp-json\/wp\/v2\/pages\/1042","targetHints":{"allow":["GET"]}}],"collection":[{"href":"https:\/\/clearingourpath.ca\/index.php\/wp-json\/wp\/v2\/pages"}],"about":[{"href":"https:\/\/clearingourpath.ca\/index.php\/wp-json\/wp\/v2\/types\/page"}],"author":[{"embeddable":true,"href":"https:\/\/clearingourpath.ca\/index.php\/wp-json\/wp\/v2\/users\/3"}],"replies":[{"embeddable":true,"href":"https:\/\/clearingourpath.ca\/index.php\/wp-json\/wp\/v2\/comments?post=1042"}],"version-history":[{"count":1,"href":"https:\/\/clearingourpath.ca\/index.php\/wp-json\/wp\/v2\/pages\/1042\/revisions"}],"predecessor-version":[{"id":1043,"href":"https:\/\/clearingourpath.ca\/index.php\/wp-json\/wp\/v2\/pages\/1042\/revisions\/1043"}],"up":[{"embeddable":true,"href":"https:\/\/clearingourpath.ca\/index.php\/wp-json\/wp\/v2\/pages\/964"}],"wp:attachment":[{"href":"https:\/\/clearingourpath.ca\/index.php\/wp-json\/wp\/v2\/media?parent=1042"}],"curies":[{"name":"wp","href":"https:\/\/api.w.org\/{rel}","templated":true}]}}