{"id":1060,"date":"2022-10-25T14:47:50","date_gmt":"2022-10-25T14:47:50","guid":{"rendered":"https:\/\/clearingourpath.ca\/?page_id=1060"},"modified":"2022-10-25T14:47:50","modified_gmt":"2022-10-25T14:47:50","slug":"aires-exterieures-de-pique-nique","status":"publish","type":"page","link":"https:\/\/clearingourpath.ca\/index.php\/language\/fr\/exigences-generales-de-design\/elements-de-design-exterieur\/installations-recreatives\/aires-exterieures-de-pique-nique\/","title":{"rendered":"Aires ext\u00e9rieures de pique-nique"},"content":{"rendered":"<p>Les aires ext\u00e9rieures de pique-nique doivent \u00eatre adjacentes \u00e0 une voie de d\u00e9placement accessible et porter une signalisation appropri\u00e9e, comme il est pr\u00e9cis\u00e9 dans la section <a href=\"https:\/\/clearingourpath.ca\/index.php\/fr\/exigences-generales-de-design\/elements-de-design-communs\/signalisation\/\">Signalisation<\/a>. Elles doivent \u00eatre am\u00e9nag\u00e9es sur une surface de terrain ferme, relativement plane et antid\u00e9rapante. Elles seront plus faciles \u00e0 distinguer pour les personnes touch\u00e9es par la c\u00e9cit\u00e9 s\u2019il y a un contraste de couleur et de texture entre cette surface de terrain et la voie accessible attenante.<\/p>\n<p>Les tables de pique-nique doivent \u00eatre en bon \u00e9tat, sans clous, vis ni gros \u00e9clats de bois qui ressortent.<\/p>\n<p>Les poubelles \u00e0 dessus ouvert sont les plus faciles \u00e0 utiliser pour les personnes touch\u00e9es par la c\u00e9cit\u00e9. Si une poubelle \u00e0 dessus ferm\u00e9 est n\u00e9cessaire, des charni\u00e8res \u00e0 ressort doivent permettre d\u2019ouvrir ais\u00e9ment le couvercle d\u2019une seule main.<\/p>\n<p>Une bande de couleur contrastante d\u2019une largeur de 100\u00a0mm doit entourer le haut de la poubelle pour aider les personnes touch\u00e9es par la c\u00e9cit\u00e9.<\/p>\n<p>Les barbecues utilis\u00e9s dans des aires de pique-nique doivent \u00eatre plac\u00e9s sur une surface \u00e0 contraste de ton et de texture par rapport aux alentours imm\u00e9diats. La surface finie doit \u00eatre d\u00e9tectable pour les personnes qui se servent d\u2019une longue canne. Par exemple, une plateforme de b\u00e9ton de couleur p\u00e2le au fini bross\u00e9 convient si elle est entour\u00e9e de pelouse.<\/p>\n<p>Les fontaines \u00e0 eau potable doivent \u00eatre adjacentes \u00e0 la voie de d\u00e9placement et, ainsi, \u00eatre d\u00e9tectables au moyen d\u2019une longue canne.<\/p>\n","protected":false},"excerpt":{"rendered":"<p>Les aires ext\u00e9rieures de pique-nique doivent \u00eatre adjacentes \u00e0 une voie de d\u00e9placement accessible et porter une signalisation appropri\u00e9e, comme il est pr\u00e9cis\u00e9 dans la section Signalisation. Elles doivent \u00eatre am\u00e9nag\u00e9es sur une surface de terrain ferme, relativement plane et antid\u00e9rapante. Elles seront plus faciles [&hellip;]<\/p>\n","protected":false},"author":3,"featured_media":0,"parent":885,"menu_order":0,"comment_status":"closed","ping_status":"closed","template":"","meta":{"_monsterinsights_skip_tracking":false,"_monsterinsights_sitenote_active":false,"_monsterinsights_sitenote_note":"","_monsterinsights_sitenote_category":0,"footnotes":""},"class_list":["post-1060","page","type-page","status-publish","hentry"],"_links":{"self":[{"href":"https:\/\/clearingourpath.ca\/index.php\/wp-json\/wp\/v2\/pages\/1060","targetHints":{"allow":["GET"]}}],"collection":[{"href":"https:\/\/clearingourpath.ca\/index.php\/wp-json\/wp\/v2\/pages"}],"about":[{"href":"https:\/\/clearingourpath.ca\/index.php\/wp-json\/wp\/v2\/types\/page"}],"author":[{"embeddable":true,"href":"https:\/\/clearingourpath.ca\/index.php\/wp-json\/wp\/v2\/users\/3"}],"replies":[{"embeddable":true,"href":"https:\/\/clearingourpath.ca\/index.php\/wp-json\/wp\/v2\/comments?post=1060"}],"version-history":[{"count":1,"href":"https:\/\/clearingourpath.ca\/index.php\/wp-json\/wp\/v2\/pages\/1060\/revisions"}],"predecessor-version":[{"id":1061,"href":"https:\/\/clearingourpath.ca\/index.php\/wp-json\/wp\/v2\/pages\/1060\/revisions\/1061"}],"up":[{"embeddable":true,"href":"https:\/\/clearingourpath.ca\/index.php\/wp-json\/wp\/v2\/pages\/885"}],"wp:attachment":[{"href":"https:\/\/clearingourpath.ca\/index.php\/wp-json\/wp\/v2\/media?parent=1060"}],"curies":[{"name":"wp","href":"https:\/\/api.w.org\/{rel}","templated":true}]}}