{"id":1071,"date":"2022-10-25T14:50:28","date_gmt":"2022-10-25T14:50:28","guid":{"rendered":"https:\/\/clearingourpath.ca\/?page_id=1071"},"modified":"2022-10-25T14:50:28","modified_gmt":"2022-10-25T14:50:28","slug":"terrains-de-jeux-et-parcs-pour-les-enfants","status":"publish","type":"page","link":"https:\/\/clearingourpath.ca\/index.php\/language\/fr\/exigences-generales-de-design\/elements-de-design-exterieur\/installations-recreatives\/terrains-de-jeux-et-parcs-pour-les-enfants\/","title":{"rendered":"Terrains de jeux et parcs pour les enfants"},"content":{"rendered":"<p>Les terrains de jeux et les parcs sont cens\u00e9s \u00eatre des lieux o\u00f9 les enfants s\u2019amusent et explorent en toute insouciance. Avec quelques mesures simples, ils peuvent aussi devenir plaisants pour les enfants vivant avec la c\u00e9cit\u00e9.<\/p>\n<p>Les \u00e9l\u00e9ments des terrains de jeux seront plus accessibles pour les enfants vivant avec la c\u00e9cit\u00e9 et leur famille s\u2019ils sont regroup\u00e9s de fa\u00e7on logique, notamment par type et par groupe d\u2019\u00e2ge cible. Par exemple, tout l\u2019\u00e9quipement destin\u00e9 aux tout-petits pourrait \u00eatre r\u00e9uni dans un seul endroit.<\/p>\n<p>Comme la couleur va de soi dans un terrain de jeu, des tons contrastants peuvent servir \u00e0 guider les enfants vers des structures de jeux sp\u00e9cifiques ou \u00e0 leur indiquer des \u00e9l\u00e9ments tels que les bordures d\u2019aires de jeux et les bords de plateformes sur\u00e9lev\u00e9es.<\/p>\n<p>Les parcours dans un terrain de jeu doivent relier des \u00e9l\u00e9ments de jeu appropri\u00e9s. Ils doivent \u00eatre de couleur contrastante et \u00eatre facilement rep\u00e9rables par les enfants vivant avec la c\u00e9cit\u00e9. Ils doivent aussi avoir une texture diff\u00e9rente de celle de l\u2019aire de jeu d\u00e9finie. Des parcours tactiles, de couleur contrastante, doivent \u00eatre cr\u00e9\u00e9s pour \u00e9loigner les enfants du bas des glissoires et d\u2019autres sorties d\u2019\u00e9quipement de jeu.<\/p>\n<p>Pour pr\u00e9venir d\u2019\u00e9ventuelles collisions, les balan\u00e7oires doivent \u00eatre loin des autres \u00e9quipements de jeu. Aucun parcours ne doit passer devant ni derri\u00e8re une balan\u00e7oire. L\u2019aire de balan\u00e7oires doit \u00eatre d\u00e9limit\u00e9e \u00e0 la fois par un changement de texture sur la surface et par des tons contrastants sur l\u2019\u00e9quipement et sur tout le p\u00e9rim\u00e8tre.<\/p>\n<p>Les rampes et les murs d\u2019escalade doivent \u00eatre recouverts d\u2019un mat\u00e9riau doux, comme du plastique, qui r\u00e9duit les risques de blessure par des \u00e9chardes ou par une surface de m\u00e9tal chaude l\u2019\u00e9t\u00e9. Dans un parc aquatique, les commandes de d\u00e9bit d\u2019eau destin\u00e9es aux enfants doivent \u00eatre de couleur contrastante par rapport \u00e0 leur surface de fond. Elles doivent \u00eatre plac\u00e9es de mani\u00e8re \u00e0 \u00eatre facilement visibles et atteintes.<\/p>\n<p>Une attention particuli\u00e8re doit \u00eatre accord\u00e9e \u00e0 la hauteur libre des \u00e9l\u00e9ments de jeu dans un terrain de jeu. Les enfants vivant avec la c\u00e9cit\u00e9 pourraient ne pas d\u00e9tecter les objets suspendus, et subir des blessures. Les \u00e9quipements de jeu ayant des pi\u00e8ces suspendues ou sur\u00e9lev\u00e9es doivent \u00eatre munis de dispositifs de protection ou d\u2019autres \u00e9l\u00e9ments. Un changement dans la surface du terrain sous ces pi\u00e8ces peut informer les enfants de la pr\u00e9sence d\u2019un danger en saillie ou en hauteur.<\/p>\n<p>Tous les terrains de jeux doivent \u00eatre inspect\u00e9s r\u00e9guli\u00e8rement. Afin d\u2019accomplir leur travail correctement, tous les employ\u00e9s charg\u00e9s de leur entretien doivent \u00eatre form\u00e9s sur le fonctionnement des \u00e9l\u00e9ments de design universel qui y sont int\u00e9gr\u00e9s.<\/p>\n","protected":false},"excerpt":{"rendered":"<p>Les terrains de jeux et les parcs sont cens\u00e9s \u00eatre des lieux o\u00f9 les enfants s\u2019amusent et explorent en toute insouciance. Avec quelques mesures simples, ils peuvent aussi devenir plaisants pour les enfants vivant avec la c\u00e9cit\u00e9. Les \u00e9l\u00e9ments des terrains de jeux seront plus [&hellip;]<\/p>\n","protected":false},"author":3,"featured_media":0,"parent":885,"menu_order":2,"comment_status":"closed","ping_status":"closed","template":"","meta":{"_monsterinsights_skip_tracking":false,"_monsterinsights_sitenote_active":false,"_monsterinsights_sitenote_note":"","_monsterinsights_sitenote_category":0,"footnotes":""},"class_list":["post-1071","page","type-page","status-publish","hentry"],"_links":{"self":[{"href":"https:\/\/clearingourpath.ca\/index.php\/wp-json\/wp\/v2\/pages\/1071","targetHints":{"allow":["GET"]}}],"collection":[{"href":"https:\/\/clearingourpath.ca\/index.php\/wp-json\/wp\/v2\/pages"}],"about":[{"href":"https:\/\/clearingourpath.ca\/index.php\/wp-json\/wp\/v2\/types\/page"}],"author":[{"embeddable":true,"href":"https:\/\/clearingourpath.ca\/index.php\/wp-json\/wp\/v2\/users\/3"}],"replies":[{"embeddable":true,"href":"https:\/\/clearingourpath.ca\/index.php\/wp-json\/wp\/v2\/comments?post=1071"}],"version-history":[{"count":1,"href":"https:\/\/clearingourpath.ca\/index.php\/wp-json\/wp\/v2\/pages\/1071\/revisions"}],"predecessor-version":[{"id":1072,"href":"https:\/\/clearingourpath.ca\/index.php\/wp-json\/wp\/v2\/pages\/1071\/revisions\/1072"}],"up":[{"embeddable":true,"href":"https:\/\/clearingourpath.ca\/index.php\/wp-json\/wp\/v2\/pages\/885"}],"wp:attachment":[{"href":"https:\/\/clearingourpath.ca\/index.php\/wp-json\/wp\/v2\/media?parent=1071"}],"curies":[{"name":"wp","href":"https:\/\/api.w.org\/{rel}","templated":true}]}}