{"id":1075,"date":"2022-10-25T14:51:07","date_gmt":"2022-10-25T14:51:07","guid":{"rendered":"https:\/\/clearingourpath.ca\/?page_id=1075"},"modified":"2022-10-25T14:51:07","modified_gmt":"2022-10-25T14:51:07","slug":"sentiers-dinterpretation-de-la-nature","status":"publish","type":"page","link":"https:\/\/clearingourpath.ca\/index.php\/language\/fr\/exigences-generales-de-design\/elements-de-design-exterieur\/installations-recreatives\/sentiers-dinterpretation-de-la-nature\/","title":{"rendered":"Sentiers d&#8217;interpr\u00e9tation de la nature"},"content":{"rendered":"<p>Les sentiers d\u2019interpr\u00e9tation de la nature offrent des occasions de loisirs en plein air. En raison du terrain et d\u2019autres facteurs, il est difficile de tous les rendre universellement accessibles, mais certains peuvent \u00eatre adapt\u00e9s pour que les personnes touch\u00e9es par la c\u00e9cit\u00e9 puissent en profiter. Il est important de tenir compte des besoins de tous les utilisateurs, y compris des personnes touch\u00e9es par la c\u00e9cit\u00e9.<\/p>\n<p>Les points d\u2019acc\u00e8s d\u2019un sentier doivent communiquer avec une voie pi\u00e9tonni\u00e8re locale accessible. Un panneau indicateur doit \u00eatre install\u00e9 au d\u00e9but de chaque sentier, accompagn\u00e9 d\u2019une carte tactile \u00e0 couleurs contrastantes et \u00e0 contenu imprim\u00e9 en relief et en braille. Des renseignements additionnels sur la disposition des sentiers et les points d\u2019int\u00e9r\u00eat peuvent \u00eatre fournis sous forme de texte braille, d\u2019imprim\u00e9 en relief et d\u2019indications sonores.<\/p>\n<p>La longueur d\u2019un sentier, son degr\u00e9 de difficult\u00e9 et ses \u00e9l\u00e9ments distinctifs, plus particuli\u00e8rement les dangers, doivent appara\u00eetre sur la signalisation affich\u00e9e \u00e0 son entr\u00e9e. Une l\u00e9gende doit expliquer la signification de tous les symboles et rep\u00e8res utilis\u00e9s le long du sentier.<\/p>\n<p>Il existe diff\u00e9rents types de sentiers, et certains sont situ\u00e9s dans des zones dangereuses. La signalisation plac\u00e9e au d\u00e9but de chacun doit contenir de l\u2019information qui permet \u00e0 l\u2019utilisateur de comprendre la configuration, d\u2019\u00e9valuer le niveau de risque et de juger de sa capacit\u00e9 \u00e0 effectuer le parcours.<\/p>\n<p>Pour certains types de sentiers, un syst\u00e8me de guidage \u00e0 corde peut \u00eatre opportun. Le syst\u00e8me consiste en une corde jaune vif tendue \u00e0 une hauteur de 920 mm au-dessus du sol sur toute la longueur du sentier. Des n\u0153uds \u00e0 certains endroits de la corde peuvent indiquer aux personnes touch\u00e9es par la c\u00e9cit\u00e9 qu\u2019elles sont devant un panneau tactile ou un point d\u2019int\u00e9r\u00eat. Le syst\u00e8me de guidage \u00e0 corde doit partir du panneau d\u2019information install\u00e9 au d\u00e9but du sentier.<\/p>\n","protected":false},"excerpt":{"rendered":"<p>Les sentiers d\u2019interpr\u00e9tation de la nature offrent des occasions de loisirs en plein air. En raison du terrain et d\u2019autres facteurs, il est difficile de tous les rendre universellement accessibles, mais certains peuvent \u00eatre adapt\u00e9s pour que les personnes touch\u00e9es par la c\u00e9cit\u00e9 puissent en [&hellip;]<\/p>\n","protected":false},"author":3,"featured_media":0,"parent":885,"menu_order":3,"comment_status":"closed","ping_status":"closed","template":"","meta":{"_monsterinsights_skip_tracking":false,"_monsterinsights_sitenote_active":false,"_monsterinsights_sitenote_note":"","_monsterinsights_sitenote_category":0,"footnotes":""},"class_list":["post-1075","page","type-page","status-publish","hentry"],"_links":{"self":[{"href":"https:\/\/clearingourpath.ca\/index.php\/wp-json\/wp\/v2\/pages\/1075","targetHints":{"allow":["GET"]}}],"collection":[{"href":"https:\/\/clearingourpath.ca\/index.php\/wp-json\/wp\/v2\/pages"}],"about":[{"href":"https:\/\/clearingourpath.ca\/index.php\/wp-json\/wp\/v2\/types\/page"}],"author":[{"embeddable":true,"href":"https:\/\/clearingourpath.ca\/index.php\/wp-json\/wp\/v2\/users\/3"}],"replies":[{"embeddable":true,"href":"https:\/\/clearingourpath.ca\/index.php\/wp-json\/wp\/v2\/comments?post=1075"}],"version-history":[{"count":1,"href":"https:\/\/clearingourpath.ca\/index.php\/wp-json\/wp\/v2\/pages\/1075\/revisions"}],"predecessor-version":[{"id":1076,"href":"https:\/\/clearingourpath.ca\/index.php\/wp-json\/wp\/v2\/pages\/1075\/revisions\/1076"}],"up":[{"embeddable":true,"href":"https:\/\/clearingourpath.ca\/index.php\/wp-json\/wp\/v2\/pages\/885"}],"wp:attachment":[{"href":"https:\/\/clearingourpath.ca\/index.php\/wp-json\/wp\/v2\/media?parent=1075"}],"curies":[{"name":"wp","href":"https:\/\/api.w.org\/{rel}","templated":true}]}}