{"id":1097,"date":"2022-10-25T15:15:38","date_gmt":"2022-10-25T15:15:38","guid":{"rendered":"https:\/\/clearingourpath.ca\/?page_id=1097"},"modified":"2022-10-25T15:15:38","modified_gmt":"2022-10-25T15:15:38","slug":"entrees-et-vestibules","status":"publish","type":"page","link":"https:\/\/clearingourpath.ca\/index.php\/language\/fr\/exigences-generales-de-design\/elements-de-design-interieur\/entrees-et-vestibules\/","title":{"rendered":"Entr\u00e9es et vestibules"},"content":{"rendered":"<p>Pour s\u2019orienter dans un espace, les personnes touch\u00e9es par la c\u00e9cit\u00e9 se servent de leurs autres sens, en plus de toute la vision utilisable qu\u2019elles pourraient avoir. Les \u00e9l\u00e9ments acoustiques, olfactifs (c.-\u00e0-d., li\u00e9s au sens de l\u2019odorat) et tactiles dans l\u2019entr\u00e9e d\u2019un \u00e9difice transmettent tous de l\u2019information importante sur l\u2019organisation de l\u2019espace et peuvent faciliter le rep\u00e9rage du chemin d\u2019acc\u00e8s. Il est plus simple de s\u2019y retrouver dans un espace d\u00e9gag\u00e9, organis\u00e9 de fa\u00e7on logique.<\/p>\n<p>En raison de l\u2019\u00e9clairage, les vestibules peuvent \u00eatre particuli\u00e8rement probl\u00e9matiques pour les personnes touch\u00e9es par la c\u00e9cit\u00e9. La transition entre les niveaux d\u2019\u00e9clairement \u00e0 l\u2019ext\u00e9rieur et \u00e0 l\u2019int\u00e9rieur doit \u00eatre \u00e9tudi\u00e9e avec soin. Le passage de la lumi\u00e8re ext\u00e9rieure naturelle \u00e0 l\u2019\u00e9clairage int\u00e9rieur doit se faire en douceur, graduellement. Les variations des niveaux d\u2019\u00e9clairement ext\u00e9rieur du matin au soir doivent aussi \u00eatre prises en compte. Pour de plus amples renseignements, consultez la section <a href=\"https:\/\/clearingourpath.ca\/index.php\/fr\/exigences-generales-de-design\/elements-de-design-communs\/escaliers\/eclairage\/\">\u00c9clairage<\/a>.<\/p>\n<p>Il existe de nombreuses fa\u00e7ons de faciliter le rep\u00e9rage du chemin d\u2019acc\u00e8s dans les \u00e9difices publics. Il doit y avoir dans l\u2019entr\u00e9e principale des syst\u00e8mes d\u2019information et de communication, de m\u00eame que des syst\u00e8mes de guidage tactile qui permettent aux personnes touch\u00e9es par la c\u00e9cit\u00e9 de trouver les \u00e9l\u00e9ments de commodit\u00e9 tels que les bureaux d\u2019accueil, les tableaux r\u00e9pertoires de l\u2019\u00e9difice et les cartes tactiles. Pour de plus amples renseignements, consultez la section <a href=\"https:\/\/clearingourpath.ca\/index.php\/fr\/exigences-generales-de-design\/elements-de-design-communs\/systemes-dinformation-et-de-communication\/\">Syst\u00e8mes d\u2019information et de communication<\/a>.<\/p>\n","protected":false},"excerpt":{"rendered":"<p>Pour s\u2019orienter dans un espace, les personnes touch\u00e9es par la c\u00e9cit\u00e9 se servent de leurs autres sens, en plus de toute la vision utilisable qu\u2019elles pourraient avoir. Les \u00e9l\u00e9ments acoustiques, olfactifs (c.-\u00e0-d., li\u00e9s au sens de l\u2019odorat) et tactiles dans l\u2019entr\u00e9e d\u2019un \u00e9difice transmettent tous [&hellip;]<\/p>\n","protected":false},"author":3,"featured_media":0,"parent":713,"menu_order":0,"comment_status":"closed","ping_status":"closed","template":"","meta":{"_monsterinsights_skip_tracking":false,"_monsterinsights_sitenote_active":false,"_monsterinsights_sitenote_note":"","_monsterinsights_sitenote_category":0,"footnotes":""},"class_list":["post-1097","page","type-page","status-publish","hentry"],"_links":{"self":[{"href":"https:\/\/clearingourpath.ca\/index.php\/wp-json\/wp\/v2\/pages\/1097","targetHints":{"allow":["GET"]}}],"collection":[{"href":"https:\/\/clearingourpath.ca\/index.php\/wp-json\/wp\/v2\/pages"}],"about":[{"href":"https:\/\/clearingourpath.ca\/index.php\/wp-json\/wp\/v2\/types\/page"}],"author":[{"embeddable":true,"href":"https:\/\/clearingourpath.ca\/index.php\/wp-json\/wp\/v2\/users\/3"}],"replies":[{"embeddable":true,"href":"https:\/\/clearingourpath.ca\/index.php\/wp-json\/wp\/v2\/comments?post=1097"}],"version-history":[{"count":1,"href":"https:\/\/clearingourpath.ca\/index.php\/wp-json\/wp\/v2\/pages\/1097\/revisions"}],"predecessor-version":[{"id":1098,"href":"https:\/\/clearingourpath.ca\/index.php\/wp-json\/wp\/v2\/pages\/1097\/revisions\/1098"}],"up":[{"embeddable":true,"href":"https:\/\/clearingourpath.ca\/index.php\/wp-json\/wp\/v2\/pages\/713"}],"wp:attachment":[{"href":"https:\/\/clearingourpath.ca\/index.php\/wp-json\/wp\/v2\/media?parent=1097"}],"curies":[{"name":"wp","href":"https:\/\/api.w.org\/{rel}","templated":true}]}}