{"id":1105,"date":"2022-10-25T15:18:02","date_gmt":"2022-10-25T15:18:02","guid":{"rendered":"https:\/\/clearingourpath.ca\/?page_id=1105"},"modified":"2022-10-25T15:18:02","modified_gmt":"2022-10-25T15:18:02","slug":"finis-de-sol-grilles-et-tapis","status":"publish","type":"page","link":"https:\/\/clearingourpath.ca\/index.php\/language\/fr\/exigences-generales-de-design\/elements-de-design-interieur\/finis-de-sol-grilles-et-tapis\/","title":{"rendered":"Finis de sol, grilles et tapis"},"content":{"rendered":"<figure id=\"attachment_354\" aria-describedby=\"caption-attachment-354\" style=\"width: 415px\" class=\"wp-caption alignright\"><img loading=\"lazy\" decoding=\"async\" class=\"wp-image-354 \" src=\"https:\/\/clearingourpath.ca\/wp-content\/uploads\/2022\/08\/fig5-3-1.jpg\" alt=\"Bon exemple de diff\u00e9renciation d\u2019une surface de sol et des murs par un contraste de couleur et de luminosit\u00e9. La couleur augmente aussi la visibilit\u00e9 des meubles.\" width=\"415\" height=\"311\" srcset=\"https:\/\/clearingourpath.ca\/wp-content\/uploads\/2022\/08\/fig5-3-1.jpg 640w, https:\/\/clearingourpath.ca\/wp-content\/uploads\/2022\/08\/fig5-3-1-300x225.jpg 300w\" sizes=\"auto, (max-width: 415px) 100vw, 415px\" \/><figcaption id=\"caption-attachment-354\" class=\"wp-caption-text\">Bon exemple de diff\u00e9renciation d\u2019une surface de sol et des murs par un contraste de couleur et de luminosit\u00e9. La couleur augmente aussi la visibilit\u00e9 des meubles.<\/figcaption><\/figure>\n<p>Tous les finis de sol dans un \u00e9difice doivent \u00eatre antid\u00e9rapants et mats (non \u00e9blouissants). Les carreaux de sol et les moquettes \u00e0 motifs prononc\u00e9s sont \u00e0 \u00e9viter.<\/p>\n<p>Les surfaces de sol et les murs peuvent \u00eatre diff\u00e9renci\u00e9s par un contraste de couleur et de luminosit\u00e9 ou par des bordures \u00e0 contraste de couleur et de luminosit\u00e9 appliqu\u00e9es \u00e0 leur jonction.<\/p>\n<p>La couleur du rev\u00eatement de sol contribue au facteur de r\u00e9flectance global de la lumi\u00e8re dans un espace int\u00e9rieur. Si un espace plus lumineux est souhaitable, un rev\u00eatement de sol p\u00e2le y contribue.<\/p>\n<p>Pour la s\u00e9curit\u00e9 de tous, les moquettes doivent \u00eatre solidement fix\u00e9es au sol, et avoir une surface d\u2019appui, un sous-tapis ou un endos ferme. La texture de trame doit \u00eatre \u00e0 boucle uniforme, \u00e0 boucle ras\u00e9e ou \u00e0 poil non coup\u00e9. La hauteur du sous-tapis et du velours de toute moquette ne doit pas exc\u00e9der 13\u00a0mm. Les bords expos\u00e9s doivent \u00eatre fix\u00e9s \u00e0 la surface du sol par une bordure.<\/p>\n<p>Les r\u00e8gles ci-dessous doivent \u00eatre observ\u00e9es pour les faibles changements de niveau. Si l\u2019\u00e9l\u00e9vation est\u00a0:<\/p>\n<ul>\n<li>entre 0 et 6\u00a0mm, un changement vertical de niveau est acceptable;<\/li>\n<li>entre 6,1 et 13\u00a0mm, le changement de niveau doit \u00eatre biseaut\u00e9 et avoir une pente d\u2019au plus 1:2;<\/li>\n<li>sup\u00e9rieure \u00e0 13\u00a0mm, le changement de niveau doit \u00eatre trait\u00e9 comme un plancher inclin\u00e9 et la pente doit \u00eatre d\u2019au plus 1:20.<\/li>\n<\/ul>\n<p>Les ouvertures des caillebotis et grilles doivent \u00eatre perpendiculaires \u00e0 la voie de d\u00e9placement, et mesurer au plus 13\u00a0mm de large. Ainsi, les cannes de m\u00eame que les talons des chaussures et bottes ne se coinceront pas dans les ouvertures des caillebotis et des grilles.<\/p>\n<p>Des tapis peuvent servir \u00e0 indiquer les entr\u00e9es de porte ou les intersections des voies de d\u00e9placement. Les tapis \u00e0 contraste de couleur et de luminosit\u00e9 avec la surface de plancher p\u00e9riph\u00e9rique constituent des rep\u00e8res texturaux et visuels pour les personnes touch\u00e9es par la c\u00e9cit\u00e9. Les tapis de plancher doivent avoir une \u00e9paisseur d\u2019au plus 13\u00a0mm et des bords biseaut\u00e9s. Ils doivent \u00eatre solidement maintenus en place sur le sol (au moyen d\u2019un endos de caoutchouc, au besoin) ou fix\u00e9s au plancher.<\/p>\n","protected":false},"excerpt":{"rendered":"<p>Tous les finis de sol dans un \u00e9difice doivent \u00eatre antid\u00e9rapants et mats (non \u00e9blouissants). Les carreaux de sol et les moquettes \u00e0 motifs prononc\u00e9s sont \u00e0 \u00e9viter. Les surfaces de sol et les murs peuvent \u00eatre diff\u00e9renci\u00e9s par un contraste de couleur et de [&hellip;]<\/p>\n","protected":false},"author":3,"featured_media":0,"parent":713,"menu_order":2,"comment_status":"closed","ping_status":"closed","template":"","meta":{"_monsterinsights_skip_tracking":false,"_monsterinsights_sitenote_active":false,"_monsterinsights_sitenote_note":"","_monsterinsights_sitenote_category":0,"footnotes":""},"class_list":["post-1105","page","type-page","status-publish","hentry"],"_links":{"self":[{"href":"https:\/\/clearingourpath.ca\/index.php\/wp-json\/wp\/v2\/pages\/1105","targetHints":{"allow":["GET"]}}],"collection":[{"href":"https:\/\/clearingourpath.ca\/index.php\/wp-json\/wp\/v2\/pages"}],"about":[{"href":"https:\/\/clearingourpath.ca\/index.php\/wp-json\/wp\/v2\/types\/page"}],"author":[{"embeddable":true,"href":"https:\/\/clearingourpath.ca\/index.php\/wp-json\/wp\/v2\/users\/3"}],"replies":[{"embeddable":true,"href":"https:\/\/clearingourpath.ca\/index.php\/wp-json\/wp\/v2\/comments?post=1105"}],"version-history":[{"count":1,"href":"https:\/\/clearingourpath.ca\/index.php\/wp-json\/wp\/v2\/pages\/1105\/revisions"}],"predecessor-version":[{"id":1106,"href":"https:\/\/clearingourpath.ca\/index.php\/wp-json\/wp\/v2\/pages\/1105\/revisions\/1106"}],"up":[{"embeddable":true,"href":"https:\/\/clearingourpath.ca\/index.php\/wp-json\/wp\/v2\/pages\/713"}],"wp:attachment":[{"href":"https:\/\/clearingourpath.ca\/index.php\/wp-json\/wp\/v2\/media?parent=1105"}],"curies":[{"name":"wp","href":"https:\/\/api.w.org\/{rel}","templated":true}]}}