{"id":1109,"date":"2022-10-25T15:19:17","date_gmt":"2022-10-25T15:19:17","guid":{"rendered":"https:\/\/clearingourpath.ca\/?page_id=1109"},"modified":"2022-10-25T15:19:17","modified_gmt":"2022-10-25T15:19:17","slug":"comptoirs-de-services-et-guichets","status":"publish","type":"page","link":"https:\/\/clearingourpath.ca\/index.php\/language\/fr\/exigences-generales-de-design\/elements-de-design-interieur\/comptoirs-de-services-et-guichets\/","title":{"rendered":"Comptoirs de services et guichets"},"content":{"rendered":"<p>Les comptoirs de services, les guichets d\u2019information, les billetteries et lieux de commodit\u00e9 similaires doivent \u00eatre adjacents \u00e0 une voie principale de d\u00e9placement. L\u2019espace doit y \u00eatre suffisant pour qu\u2019une personne accompagn\u00e9e d\u2019un chien-guide ou d\u2019un guide s\u2019y tienne sans \u00eatre dans la voie de d\u00e9placement. Des indicateurs tactiles directionnels au sol sont \u00e0 envisager entre l\u2019entr\u00e9e et le guichet ou la billetterie pour guider les personnes touch\u00e9es par la c\u00e9cit\u00e9.<\/p>\n<p>Pour \u00eatre facilement rep\u00e9rables, les comptoirs et guichets de services doivent \u00eatre en contraste de couleur et de luminosit\u00e9 par rapport \u00e0 leur environnement imm\u00e9diat. Leur niveau d\u2019\u00e9clairement doit \u00eatre le m\u00eame que celui de leur milieu ambiant ou \u00eatre plus \u00e9lev\u00e9 au besoin, par exemple pour les personnes qui doivent signer des documents ou payer au comptoir. Les comptoirs doivent \u00eatre exempts d\u2019objets inattendus comme des plantes et des porte-d\u00e9pliants. Les stylos plac\u00e9s dans un contenant \u00e0 l\u2019intention des visiteurs ne doivent pas avoir de bouts pointus.<\/p>\n<p>Les personnes touch\u00e9es par la c\u00e9cit\u00e9 pr\u00e9f\u00e8rent g\u00e9n\u00e9ralement un comptoir plus haut et les personnes en fauteuil roulant, un comptoir plus bas. Des comptoirs \u00e0 deux niveaux doivent \u00eatre utilis\u00e9s, si possible.<\/p>\n<p>Les comptoirs de services et guichets \u00e0 cloison vitr\u00e9e doivent comprendre un syst\u00e8me de communication qui permet des \u00e9changes clairs entre des personnes qui se trouvent de part et d\u2019autre. Des syst\u00e8mes de c\u00e2blage audio peuvent faciliter les communications pour les personnes qui portent une proth\u00e8se auditive et sont \u00e0 envisager aux comptoirs de services. Le bruit de fond excessif est \u00e0 \u00e9viter, car il peut emp\u00eacher une personne vivant avec la c\u00e9cit\u00e9 compl\u00e8te ou importante d\u2019entendre les instructions d\u2019un pr\u00e9pos\u00e9 au comptoir. Les lieux de rassemblement de foules (p. ex., cin\u00e9mas et restaurants) cr\u00e9ent un \u00ab boucan \u00bb et sont probl\u00e9matiques pour les personnes vivant avec une perte de vision importante.<\/p>\n","protected":false},"excerpt":{"rendered":"<p>Les comptoirs de services, les guichets d\u2019information, les billetteries et lieux de commodit\u00e9 similaires doivent \u00eatre adjacents \u00e0 une voie principale de d\u00e9placement. L\u2019espace doit y \u00eatre suffisant pour qu\u2019une personne accompagn\u00e9e d\u2019un chien-guide ou d\u2019un guide s\u2019y tienne sans \u00eatre dans la voie de [&hellip;]<\/p>\n","protected":false},"author":3,"featured_media":0,"parent":713,"menu_order":3,"comment_status":"closed","ping_status":"closed","template":"","meta":{"_monsterinsights_skip_tracking":false,"_monsterinsights_sitenote_active":false,"_monsterinsights_sitenote_note":"","_monsterinsights_sitenote_category":0,"footnotes":""},"class_list":["post-1109","page","type-page","status-publish","hentry"],"_links":{"self":[{"href":"https:\/\/clearingourpath.ca\/index.php\/wp-json\/wp\/v2\/pages\/1109","targetHints":{"allow":["GET"]}}],"collection":[{"href":"https:\/\/clearingourpath.ca\/index.php\/wp-json\/wp\/v2\/pages"}],"about":[{"href":"https:\/\/clearingourpath.ca\/index.php\/wp-json\/wp\/v2\/types\/page"}],"author":[{"embeddable":true,"href":"https:\/\/clearingourpath.ca\/index.php\/wp-json\/wp\/v2\/users\/3"}],"replies":[{"embeddable":true,"href":"https:\/\/clearingourpath.ca\/index.php\/wp-json\/wp\/v2\/comments?post=1109"}],"version-history":[{"count":1,"href":"https:\/\/clearingourpath.ca\/index.php\/wp-json\/wp\/v2\/pages\/1109\/revisions"}],"predecessor-version":[{"id":1110,"href":"https:\/\/clearingourpath.ca\/index.php\/wp-json\/wp\/v2\/pages\/1109\/revisions\/1110"}],"up":[{"embeddable":true,"href":"https:\/\/clearingourpath.ca\/index.php\/wp-json\/wp\/v2\/pages\/713"}],"wp:attachment":[{"href":"https:\/\/clearingourpath.ca\/index.php\/wp-json\/wp\/v2\/media?parent=1109"}],"curies":[{"name":"wp","href":"https:\/\/api.w.org\/{rel}","templated":true}]}}