{"id":1117,"date":"2022-10-25T15:22:23","date_gmt":"2022-10-25T15:22:23","guid":{"rendered":"https:\/\/clearingourpath.ca\/?page_id=1117"},"modified":"2022-10-25T15:26:44","modified_gmt":"2022-10-25T15:26:44","slug":"circulation-interieure","status":"publish","type":"page","link":"https:\/\/clearingourpath.ca\/index.php\/language\/fr\/exigences-generales-de-design\/elements-de-design-interieur\/circulation-interieure\/","title":{"rendered":"Circulation int\u00e9rieure"},"content":{"rendered":"<p>Les personnes touch\u00e9es par la c\u00e9cit\u00e9 trouvent plus facilement leur chemin lorsque les plans des espaces int\u00e9rieurs sont simples et logiques, et que les changements de direction se font \u00e0 angle droit. Les changements d\u2019\u00e9l\u00e9vation du sol, comme la pr\u00e9sence d\u2019une estrade au milieu d\u2019une pi\u00e8ce, sont \u00e0 \u00e9viter. Si des surfaces sur\u00e9lev\u00e9es sont n\u00e9cessaires, elles doivent \u00eatre signal\u00e9es par des indicateurs tactiles de mise en garde comme un rev\u00eatement de sol diff\u00e9rent. Une bordure (comme un tapis ou des carreaux de c\u00e9ramique) d\u2019une largeur \u00e9quivalant \u00e0 deux ou trois pas doit entourer des surfaces sur\u00e9lev\u00e9es.<\/p>\n<p>Dans le m\u00eame ordre d\u2019id\u00e9es, les planchers en contrebas comme ceux que l\u2019on retrouve dans de nombreux restaurants et bars constituent un important danger potentiel. Si des espaces en contrebas sont utilis\u00e9s, ils doivent \u00eatre dot\u00e9s de garde-corps ou d\u2019autres barri\u00e8res qui emp\u00eachent les personnes touch\u00e9es par la c\u00e9cit\u00e9 d\u2019y entrer malencontreusement.<\/p>\n<p><strong>Dans cette section\u00a0:<\/strong><\/p>\n<ul>\n<li><a href=\"https:\/\/clearingourpath.ca\/index.php\/fr\/exigences-generales-de-design\/elements-de-design-interieur\/circulation-interieure\/couloirs-et-entrees\/\">Couloirs et entr\u00e9es<\/a><\/li>\n<li><a href=\"https:\/\/clearingourpath.ca\/index.php\/fr\/exigences-generales-de-design\/elements-de-design-interieur\/circulation-interieure\/mains-courantes\/\">Mains courantes<\/a><\/li>\n<li><a href=\"https:\/\/clearingourpath.ca\/index.php\/fr\/exigences-generales-de-design\/elements-de-design-interieur\/circulation-interieure\/aires-dattente\/\">Aires d&#8217;attente<\/a><\/li>\n<\/ul>\n","protected":false},"excerpt":{"rendered":"<p>Les personnes touch\u00e9es par la c\u00e9cit\u00e9 trouvent plus facilement leur chemin lorsque les plans des espaces int\u00e9rieurs sont simples et logiques, et que les changements de direction se font \u00e0 angle droit. Les changements d\u2019\u00e9l\u00e9vation du sol, comme la pr\u00e9sence d\u2019une estrade au milieu d\u2019une [&hellip;]<\/p>\n","protected":false},"author":3,"featured_media":0,"parent":713,"menu_order":5,"comment_status":"closed","ping_status":"closed","template":"","meta":{"_monsterinsights_skip_tracking":false,"_monsterinsights_sitenote_active":false,"_monsterinsights_sitenote_note":"","_monsterinsights_sitenote_category":0,"footnotes":""},"class_list":["post-1117","page","type-page","status-publish","hentry"],"_links":{"self":[{"href":"https:\/\/clearingourpath.ca\/index.php\/wp-json\/wp\/v2\/pages\/1117","targetHints":{"allow":["GET"]}}],"collection":[{"href":"https:\/\/clearingourpath.ca\/index.php\/wp-json\/wp\/v2\/pages"}],"about":[{"href":"https:\/\/clearingourpath.ca\/index.php\/wp-json\/wp\/v2\/types\/page"}],"author":[{"embeddable":true,"href":"https:\/\/clearingourpath.ca\/index.php\/wp-json\/wp\/v2\/users\/3"}],"replies":[{"embeddable":true,"href":"https:\/\/clearingourpath.ca\/index.php\/wp-json\/wp\/v2\/comments?post=1117"}],"version-history":[{"count":2,"href":"https:\/\/clearingourpath.ca\/index.php\/wp-json\/wp\/v2\/pages\/1117\/revisions"}],"predecessor-version":[{"id":1133,"href":"https:\/\/clearingourpath.ca\/index.php\/wp-json\/wp\/v2\/pages\/1117\/revisions\/1133"}],"up":[{"embeddable":true,"href":"https:\/\/clearingourpath.ca\/index.php\/wp-json\/wp\/v2\/pages\/713"}],"wp:attachment":[{"href":"https:\/\/clearingourpath.ca\/index.php\/wp-json\/wp\/v2\/media?parent=1117"}],"curies":[{"name":"wp","href":"https:\/\/api.w.org\/{rel}","templated":true}]}}