{"id":1121,"date":"2022-10-25T15:23:36","date_gmt":"2022-10-25T15:23:36","guid":{"rendered":"https:\/\/clearingourpath.ca\/?page_id=1121"},"modified":"2022-10-25T15:23:36","modified_gmt":"2022-10-25T15:23:36","slug":"couloirs-et-entrees","status":"publish","type":"page","link":"https:\/\/clearingourpath.ca\/index.php\/language\/fr\/exigences-generales-de-design\/elements-de-design-interieur\/circulation-interieure\/couloirs-et-entrees\/","title":{"rendered":"Couloirs et entr\u00e9es"},"content":{"rendered":"<p>Les couloirs principaux doivent \u00eatre assez larges pour que deux personnes accompagn\u00e9es de chiens-guides ou de guides marchant dans des directions oppos\u00e9es puissent s\u2019y croiser facilement. Des entr\u00e9es plus larges facilitent aussi les d\u00e9placements pour les personnes qui utilisent des aides \u00e0 la mobilit\u00e9. Les couloirs et entr\u00e9es des \u00e9difices publics doivent avoir une largeur minimale de 1800\u00a0mm et une hauteur libre minimale de 2030\u00a0mm. Pour des couloirs tr\u00e8s larges comme ceux des centres commerciaux et des a\u00e9roports, des indicateurs tactiles directionnels doivent d\u00e9finir au sol les voies principales de d\u00e9placement. Ces indicateurs doivent cr\u00e9er une voie de d\u00e9placement simple, bien \u00e0 l\u2019\u00e9cart des aires de places assises ou d\u2019obstacles. Ils doivent \u00eatre faits de mat\u00e9riaux qui sont de couleur contrastante par rapport au plancher environnant et qui en sont tactilement diff\u00e9renciables.<\/p>\n<p>Les changements de direction des couloirs doivent \u00eatre \u00e0 angle droit. Il est ainsi plus facile de rep\u00e9rer un chemin d\u2019acc\u00e8s et de m\u00e9moriser le plan d\u2019un couloir. Pour les personnes touch\u00e9es par la c\u00e9cit\u00e9, il est plus difficile et plus d\u00e9routant de circuler dans des couloirs qui sont incurv\u00e9s ou qui changent de direction \u00e0 des angles sup\u00e9rieurs ou inf\u00e9rieurs \u00e0 90\u00a0degr\u00e9s.<\/p>\n<p>Les intersections entre des voies principales de d\u00e9placement doivent \u00eatre reconnaissables par un rev\u00eatement de sol \u00e0 texture diff\u00e9rente. Les personnes touch\u00e9es par la c\u00e9cit\u00e9 sauront alors qu\u2019elles ont atteint un point de d\u00e9cision dans un \u00e9difice ou une vaste aire ouverte.<\/p>\n<p>Les murs \u00e0 l\u2019extr\u00e9mit\u00e9 des couloirs doivent \u00eatre en contraste de couleur et de luminosit\u00e9 avec le plancher et les murs environnants. Les fen\u00eatres sont \u00e0 \u00e9viter \u00e0 l\u2019extr\u00e9mit\u00e9 des couloirs parce qu\u2019elles produisent des \u00e9blouissements. Si des fen\u00eatres sont d\u00e9j\u00e0 en place, l\u2019utilisation de diverses m\u00e9thodes telles que rideaux, stores ou vitrages teint\u00e9s permet de r\u00e9duire l\u2019\u00e9blouissement et de maintenir un niveau d\u2019\u00e9clairement appropri\u00e9. Pour de plus amples renseignements, consultez la section <a href=\"https:\/\/clearingourpath.ca\/index.php\/fr\/exigences-generales-de-design\/elements-de-design-communs\/escaliers\/eclairage\/\">\u00c9clairage<\/a>.<\/p>\n","protected":false},"excerpt":{"rendered":"<p>Les couloirs principaux doivent \u00eatre assez larges pour que deux personnes accompagn\u00e9es de chiens-guides ou de guides marchant dans des directions oppos\u00e9es puissent s\u2019y croiser facilement. Des entr\u00e9es plus larges facilitent aussi les d\u00e9placements pour les personnes qui utilisent des aides \u00e0 la mobilit\u00e9. Les [&hellip;]<\/p>\n","protected":false},"author":3,"featured_media":0,"parent":1117,"menu_order":0,"comment_status":"closed","ping_status":"closed","template":"","meta":{"_monsterinsights_skip_tracking":false,"_monsterinsights_sitenote_active":false,"_monsterinsights_sitenote_note":"","_monsterinsights_sitenote_category":0,"footnotes":""},"class_list":["post-1121","page","type-page","status-publish","hentry"],"_links":{"self":[{"href":"https:\/\/clearingourpath.ca\/index.php\/wp-json\/wp\/v2\/pages\/1121","targetHints":{"allow":["GET"]}}],"collection":[{"href":"https:\/\/clearingourpath.ca\/index.php\/wp-json\/wp\/v2\/pages"}],"about":[{"href":"https:\/\/clearingourpath.ca\/index.php\/wp-json\/wp\/v2\/types\/page"}],"author":[{"embeddable":true,"href":"https:\/\/clearingourpath.ca\/index.php\/wp-json\/wp\/v2\/users\/3"}],"replies":[{"embeddable":true,"href":"https:\/\/clearingourpath.ca\/index.php\/wp-json\/wp\/v2\/comments?post=1121"}],"version-history":[{"count":1,"href":"https:\/\/clearingourpath.ca\/index.php\/wp-json\/wp\/v2\/pages\/1121\/revisions"}],"predecessor-version":[{"id":1122,"href":"https:\/\/clearingourpath.ca\/index.php\/wp-json\/wp\/v2\/pages\/1121\/revisions\/1122"}],"up":[{"embeddable":true,"href":"https:\/\/clearingourpath.ca\/index.php\/wp-json\/wp\/v2\/pages\/1117"}],"wp:attachment":[{"href":"https:\/\/clearingourpath.ca\/index.php\/wp-json\/wp\/v2\/media?parent=1121"}],"curies":[{"name":"wp","href":"https:\/\/api.w.org\/{rel}","templated":true}]}}