{"id":1125,"date":"2022-10-25T15:25:35","date_gmt":"2022-10-25T15:25:35","guid":{"rendered":"https:\/\/clearingourpath.ca\/?page_id=1125"},"modified":"2022-10-25T15:25:35","modified_gmt":"2022-10-25T15:25:35","slug":"mains-courantes","status":"publish","type":"page","link":"https:\/\/clearingourpath.ca\/index.php\/language\/fr\/exigences-generales-de-design\/elements-de-design-interieur\/circulation-interieure\/mains-courantes\/","title":{"rendered":"Mains courantes"},"content":{"rendered":"<p>Si les personnes ayant des incapacit\u00e9s physiques ont souvent besoin des mains courantes comme points d\u2019appui dans les couloirs, les personnes touch\u00e9es par la c\u00e9cit\u00e9 s\u2019en servent pour se d\u00e9placer ou s\u2019orienter dans l\u2019environnement b\u00e2ti. Les mains courantes install\u00e9es dans les couloirs peuvent leur \u00eatre utiles, mais ne sont pas n\u00e9cessaires puisque d\u2019autres m\u00e9thodes sont souvent plus efficaces pour le rep\u00e9rage du chemin d\u2019acc\u00e8s (p. ex., contraste de couleur sur la surface de plancher le long des c\u00f4t\u00e9s de la voie de d\u00e9placement). Les mains courantes utilis\u00e9es dans un couloir, le cas \u00e9ch\u00e9ant, doivent respecter les sp\u00e9cifications d\u00e9crites dans la section <a href=\"https:\/\/clearingourpath.ca\/index.php\/fr\/exigences-generales-de-design\/elements-de-design-communs\/escaliers\/mains-courantes\/\">\u00c9l\u00e9ments de design communs &#8211; Mains courantes<\/a>.<\/p>\n","protected":false},"excerpt":{"rendered":"<p>Si les personnes ayant des incapacit\u00e9s physiques ont souvent besoin des mains courantes comme points d\u2019appui dans les couloirs, les personnes touch\u00e9es par la c\u00e9cit\u00e9 s\u2019en servent pour se d\u00e9placer ou s\u2019orienter dans l\u2019environnement b\u00e2ti. Les mains courantes install\u00e9es dans les couloirs peuvent leur \u00eatre [&hellip;]<\/p>\n","protected":false},"author":3,"featured_media":0,"parent":1117,"menu_order":1,"comment_status":"closed","ping_status":"closed","template":"","meta":{"_monsterinsights_skip_tracking":false,"_monsterinsights_sitenote_active":false,"_monsterinsights_sitenote_note":"","_monsterinsights_sitenote_category":0,"footnotes":""},"class_list":["post-1125","page","type-page","status-publish","hentry"],"_links":{"self":[{"href":"https:\/\/clearingourpath.ca\/index.php\/wp-json\/wp\/v2\/pages\/1125","targetHints":{"allow":["GET"]}}],"collection":[{"href":"https:\/\/clearingourpath.ca\/index.php\/wp-json\/wp\/v2\/pages"}],"about":[{"href":"https:\/\/clearingourpath.ca\/index.php\/wp-json\/wp\/v2\/types\/page"}],"author":[{"embeddable":true,"href":"https:\/\/clearingourpath.ca\/index.php\/wp-json\/wp\/v2\/users\/3"}],"replies":[{"embeddable":true,"href":"https:\/\/clearingourpath.ca\/index.php\/wp-json\/wp\/v2\/comments?post=1125"}],"version-history":[{"count":1,"href":"https:\/\/clearingourpath.ca\/index.php\/wp-json\/wp\/v2\/pages\/1125\/revisions"}],"predecessor-version":[{"id":1126,"href":"https:\/\/clearingourpath.ca\/index.php\/wp-json\/wp\/v2\/pages\/1125\/revisions\/1126"}],"up":[{"embeddable":true,"href":"https:\/\/clearingourpath.ca\/index.php\/wp-json\/wp\/v2\/pages\/1117"}],"wp:attachment":[{"href":"https:\/\/clearingourpath.ca\/index.php\/wp-json\/wp\/v2\/media?parent=1125"}],"curies":[{"name":"wp","href":"https:\/\/api.w.org\/{rel}","templated":true}]}}