{"id":1136,"date":"2022-10-25T15:27:36","date_gmt":"2022-10-25T15:27:36","guid":{"rendered":"https:\/\/clearingourpath.ca\/?page_id=1136"},"modified":"2022-10-25T15:27:36","modified_gmt":"2022-10-25T15:27:36","slug":"telephones-publics","status":"publish","type":"page","link":"https:\/\/clearingourpath.ca\/index.php\/language\/fr\/exigences-generales-de-design\/elements-de-design-interieur\/telephones-publics\/","title":{"rendered":"T\u00e9l\u00e9phones publics"},"content":{"rendered":"<p>L\u2019emplacement des t\u00e9l\u00e9phones publics dans un \u00e9difice, que ce soit sur des bureaux ou comptoirs ou dans des cabines individuelles, doit r\u00e9pondre aux besoins de tous les utilisateurs, y compris des personnes qui veulent se servir d\u2019un appareil en \u00e9tant assises.<\/p>\n<p>Des cordons plus longs peuvent rendre un t\u00e9l\u00e9phone plus accessible pour une personne incapable de s\u2019en approcher (p. ex., quelqu\u2019un qui doit demeurer assis dans une aire d\u2019attente). Pour les personnes sourdes, devenues sourdes ou malentendantes, les t\u00e9l\u00e9phones doivent \u00eatre munis de commandes de r\u00e9glage du volume et d\u2019une tablette o\u00f9 elles peuvent poser un appareil de t\u00e9l\u00e9communication pour sourds (ATS). Un att\u00e9nuateur de bruit est requis pour les t\u00e9l\u00e9phones publics install\u00e9s dans de grandes aires, comme des halls d\u2019h\u00f4tel ou des immeubles de bureaux. De cette mani\u00e8re, toute personne ayant une perte d\u2019audition pourra utiliser plus efficacement l\u2019\u00e9quipement t\u00e9l\u00e9phonique.<\/p>\n<p>Les t\u00e9l\u00e9phones doivent \u00eatre plac\u00e9s dans un endroit en retrait o\u00f9 leurs utilisateurs n\u2019obstruent pas la voie de d\u00e9placement. Sinon, les postes t\u00e9l\u00e9phoniques doivent \u00eatre d\u00e9tectables avec une longue canne, sans saillir dans la voie principale de d\u00e9placement.<\/p>\n","protected":false},"excerpt":{"rendered":"<p>L\u2019emplacement des t\u00e9l\u00e9phones publics dans un \u00e9difice, que ce soit sur des bureaux ou comptoirs ou dans des cabines individuelles, doit r\u00e9pondre aux besoins de tous les utilisateurs, y compris des personnes qui veulent se servir d\u2019un appareil en \u00e9tant assises. Des cordons plus longs [&hellip;]<\/p>\n","protected":false},"author":3,"featured_media":0,"parent":713,"menu_order":6,"comment_status":"closed","ping_status":"closed","template":"","meta":{"_monsterinsights_skip_tracking":false,"_monsterinsights_sitenote_active":false,"_monsterinsights_sitenote_note":"","_monsterinsights_sitenote_category":0,"footnotes":""},"class_list":["post-1136","page","type-page","status-publish","hentry"],"_links":{"self":[{"href":"https:\/\/clearingourpath.ca\/index.php\/wp-json\/wp\/v2\/pages\/1136","targetHints":{"allow":["GET"]}}],"collection":[{"href":"https:\/\/clearingourpath.ca\/index.php\/wp-json\/wp\/v2\/pages"}],"about":[{"href":"https:\/\/clearingourpath.ca\/index.php\/wp-json\/wp\/v2\/types\/page"}],"author":[{"embeddable":true,"href":"https:\/\/clearingourpath.ca\/index.php\/wp-json\/wp\/v2\/users\/3"}],"replies":[{"embeddable":true,"href":"https:\/\/clearingourpath.ca\/index.php\/wp-json\/wp\/v2\/comments?post=1136"}],"version-history":[{"count":1,"href":"https:\/\/clearingourpath.ca\/index.php\/wp-json\/wp\/v2\/pages\/1136\/revisions"}],"predecessor-version":[{"id":1137,"href":"https:\/\/clearingourpath.ca\/index.php\/wp-json\/wp\/v2\/pages\/1136\/revisions\/1137"}],"up":[{"embeddable":true,"href":"https:\/\/clearingourpath.ca\/index.php\/wp-json\/wp\/v2\/pages\/713"}],"wp:attachment":[{"href":"https:\/\/clearingourpath.ca\/index.php\/wp-json\/wp\/v2\/media?parent=1136"}],"curies":[{"name":"wp","href":"https:\/\/api.w.org\/{rel}","templated":true}]}}