{"id":1157,"date":"2022-10-25T15:34:17","date_gmt":"2022-10-25T15:34:17","guid":{"rendered":"https:\/\/clearingourpath.ca\/?page_id=1157"},"modified":"2022-10-25T15:34:17","modified_gmt":"2022-10-25T15:34:17","slug":"dessous-des-escaliers-mecaniques-et-des-trottoirs-mecaniques","status":"publish","type":"page","link":"https:\/\/clearingourpath.ca\/index.php\/language\/fr\/exigences-generales-de-design\/elements-de-design-interieur\/escaliers-mecaniques-et-trottoirs-mecaniques\/dessous-des-escaliers-mecaniques-et-des-trottoirs-mecaniques\/","title":{"rendered":"Dessous des escaliers m\u00e9caniques et des trottoirs m\u00e9caniques"},"content":{"rendered":"<p>Si une voie de d\u00e9placement passe sous des escaliers m\u00e9caniques ou sous des trottoirs m\u00e9caniques inclin\u00e9s, il est essentiel de s\u2019assurer que nul ne peut heurter accidentellement le dessous de ces structures de commodit\u00e9.<\/p>\n<p>L\u2019espace sous un escalier m\u00e9canique ou un trottoir m\u00e9canique doit mesurer au moins 2030\u00a0mm de haut depuis la surface finie de marche. Si une telle hauteur est impossible \u00e0 obtenir, l\u2019installation de d\u00e9tails architecturaux, de plantes ou de garde-corps d\u00e9tectables par les personnes qui utilisent une longue canne ou un chien-guide peut pr\u00e9venir l\u2019acc\u00e8s accidentel \u00e0 des zones de faible hauteur libre. Pour de plus amples renseignements, consultez la section <a href=\"https:\/\/clearingourpath.ca\/index.php\/fr\/exigences-generales-de-design\/elements-de-design-communs\/objets-en-saillie-et-autres-obstacles\/\">Objets en saillie et autres obstacles<\/a>.<\/p>\n","protected":false},"excerpt":{"rendered":"<p>Si une voie de d\u00e9placement passe sous des escaliers m\u00e9caniques ou sous des trottoirs m\u00e9caniques inclin\u00e9s, il est essentiel de s\u2019assurer que nul ne peut heurter accidentellement le dessous de ces structures de commodit\u00e9. L\u2019espace sous un escalier m\u00e9canique ou un trottoir m\u00e9canique doit mesurer [&hellip;]<\/p>\n","protected":false},"author":3,"featured_media":0,"parent":717,"menu_order":4,"comment_status":"closed","ping_status":"closed","template":"","meta":{"_monsterinsights_skip_tracking":false,"_monsterinsights_sitenote_active":false,"_monsterinsights_sitenote_note":"","_monsterinsights_sitenote_category":0,"footnotes":""},"class_list":["post-1157","page","type-page","status-publish","hentry"],"_links":{"self":[{"href":"https:\/\/clearingourpath.ca\/index.php\/wp-json\/wp\/v2\/pages\/1157","targetHints":{"allow":["GET"]}}],"collection":[{"href":"https:\/\/clearingourpath.ca\/index.php\/wp-json\/wp\/v2\/pages"}],"about":[{"href":"https:\/\/clearingourpath.ca\/index.php\/wp-json\/wp\/v2\/types\/page"}],"author":[{"embeddable":true,"href":"https:\/\/clearingourpath.ca\/index.php\/wp-json\/wp\/v2\/users\/3"}],"replies":[{"embeddable":true,"href":"https:\/\/clearingourpath.ca\/index.php\/wp-json\/wp\/v2\/comments?post=1157"}],"version-history":[{"count":1,"href":"https:\/\/clearingourpath.ca\/index.php\/wp-json\/wp\/v2\/pages\/1157\/revisions"}],"predecessor-version":[{"id":1158,"href":"https:\/\/clearingourpath.ca\/index.php\/wp-json\/wp\/v2\/pages\/1157\/revisions\/1158"}],"up":[{"embeddable":true,"href":"https:\/\/clearingourpath.ca\/index.php\/wp-json\/wp\/v2\/pages\/717"}],"wp:attachment":[{"href":"https:\/\/clearingourpath.ca\/index.php\/wp-json\/wp\/v2\/media?parent=1157"}],"curies":[{"name":"wp","href":"https:\/\/api.w.org\/{rel}","templated":true}]}}