{"id":1161,"date":"2022-10-25T15:34:56","date_gmt":"2022-10-25T15:34:56","guid":{"rendered":"https:\/\/clearingourpath.ca\/?page_id=1161"},"modified":"2022-10-25T15:34:56","modified_gmt":"2022-10-25T15:34:56","slug":"voie-dacces-substitut","status":"publish","type":"page","link":"https:\/\/clearingourpath.ca\/index.php\/language\/fr\/exigences-generales-de-design\/elements-de-design-interieur\/escaliers-mecaniques-et-trottoirs-mecaniques\/voie-dacces-substitut\/","title":{"rendered":"Voie d\u2019acc\u00e8s substitut"},"content":{"rendered":"<p>Une voie d\u2019acc\u00e8s substitut (p. ex., escalier, rampe d\u2019acc\u00e8s ou ascenseur) doit \u00eatre offerte \u00e0 proximit\u00e9 pour les personnes qui ne sont pas \u00e0 l\u2019aise d\u2019emprunter les escaliers m\u00e9caniques ou pour les ma\u00eetres d\u2019un chien-guide qui n\u2019a pas appris \u00e0 les utiliser.<\/p>\n","protected":false},"excerpt":{"rendered":"<p>Une voie d\u2019acc\u00e8s substitut (p. ex., escalier, rampe d\u2019acc\u00e8s ou ascenseur) doit \u00eatre offerte \u00e0 proximit\u00e9 pour les personnes qui ne sont pas \u00e0 l\u2019aise d\u2019emprunter les escaliers m\u00e9caniques ou pour les ma\u00eetres d\u2019un chien-guide qui n\u2019a pas appris \u00e0 les utiliser.<\/p>\n","protected":false},"author":3,"featured_media":0,"parent":717,"menu_order":5,"comment_status":"closed","ping_status":"closed","template":"","meta":{"_monsterinsights_skip_tracking":false,"_monsterinsights_sitenote_active":false,"_monsterinsights_sitenote_note":"","_monsterinsights_sitenote_category":0,"footnotes":""},"class_list":["post-1161","page","type-page","status-publish","hentry"],"_links":{"self":[{"href":"https:\/\/clearingourpath.ca\/index.php\/wp-json\/wp\/v2\/pages\/1161","targetHints":{"allow":["GET"]}}],"collection":[{"href":"https:\/\/clearingourpath.ca\/index.php\/wp-json\/wp\/v2\/pages"}],"about":[{"href":"https:\/\/clearingourpath.ca\/index.php\/wp-json\/wp\/v2\/types\/page"}],"author":[{"embeddable":true,"href":"https:\/\/clearingourpath.ca\/index.php\/wp-json\/wp\/v2\/users\/3"}],"replies":[{"embeddable":true,"href":"https:\/\/clearingourpath.ca\/index.php\/wp-json\/wp\/v2\/comments?post=1161"}],"version-history":[{"count":1,"href":"https:\/\/clearingourpath.ca\/index.php\/wp-json\/wp\/v2\/pages\/1161\/revisions"}],"predecessor-version":[{"id":1162,"href":"https:\/\/clearingourpath.ca\/index.php\/wp-json\/wp\/v2\/pages\/1161\/revisions\/1162"}],"up":[{"embeddable":true,"href":"https:\/\/clearingourpath.ca\/index.php\/wp-json\/wp\/v2\/pages\/717"}],"wp:attachment":[{"href":"https:\/\/clearingourpath.ca\/index.php\/wp-json\/wp\/v2\/media?parent=1161"}],"curies":[{"name":"wp","href":"https:\/\/api.w.org\/{rel}","templated":true}]}}