{"id":1165,"date":"2022-10-25T15:35:32","date_gmt":"2022-10-25T15:35:32","guid":{"rendered":"https:\/\/clearingourpath.ca\/?page_id=1165"},"modified":"2022-10-25T15:35:32","modified_gmt":"2022-10-25T15:35:32","slug":"reparations","status":"publish","type":"page","link":"https:\/\/clearingourpath.ca\/index.php\/language\/fr\/exigences-generales-de-design\/elements-de-design-interieur\/escaliers-mecaniques-et-trottoirs-mecaniques\/reparations\/","title":{"rendered":"R\u00e9parations"},"content":{"rendered":"<p>Des barri\u00e8res doivent \u00eatre install\u00e9es \u00e0 l\u2019entr\u00e9e et \u00e0 la sortie des escaliers m\u00e9caniques ou des trottoirs m\u00e9caniques qui sont en panne ou en r\u00e9paration. Les barri\u00e8res doivent \u00eatre d\u00e9tectables par une longue canne. Une signalisation appropri\u00e9e doit aussi indiquer que l\u2019escalier m\u00e9canique ou le trottoir m\u00e9canique est hors service.<\/p>\n","protected":false},"excerpt":{"rendered":"<p>Des barri\u00e8res doivent \u00eatre install\u00e9es \u00e0 l\u2019entr\u00e9e et \u00e0 la sortie des escaliers m\u00e9caniques ou des trottoirs m\u00e9caniques qui sont en panne ou en r\u00e9paration. Les barri\u00e8res doivent \u00eatre d\u00e9tectables par une longue canne. Une signalisation appropri\u00e9e doit aussi indiquer que l\u2019escalier m\u00e9canique ou le [&hellip;]<\/p>\n","protected":false},"author":3,"featured_media":0,"parent":717,"menu_order":6,"comment_status":"closed","ping_status":"closed","template":"","meta":{"_monsterinsights_skip_tracking":false,"_monsterinsights_sitenote_active":false,"_monsterinsights_sitenote_note":"","_monsterinsights_sitenote_category":0,"footnotes":""},"class_list":["post-1165","page","type-page","status-publish","hentry"],"_links":{"self":[{"href":"https:\/\/clearingourpath.ca\/index.php\/wp-json\/wp\/v2\/pages\/1165","targetHints":{"allow":["GET"]}}],"collection":[{"href":"https:\/\/clearingourpath.ca\/index.php\/wp-json\/wp\/v2\/pages"}],"about":[{"href":"https:\/\/clearingourpath.ca\/index.php\/wp-json\/wp\/v2\/types\/page"}],"author":[{"embeddable":true,"href":"https:\/\/clearingourpath.ca\/index.php\/wp-json\/wp\/v2\/users\/3"}],"replies":[{"embeddable":true,"href":"https:\/\/clearingourpath.ca\/index.php\/wp-json\/wp\/v2\/comments?post=1165"}],"version-history":[{"count":1,"href":"https:\/\/clearingourpath.ca\/index.php\/wp-json\/wp\/v2\/pages\/1165\/revisions"}],"predecessor-version":[{"id":1166,"href":"https:\/\/clearingourpath.ca\/index.php\/wp-json\/wp\/v2\/pages\/1165\/revisions\/1166"}],"up":[{"embeddable":true,"href":"https:\/\/clearingourpath.ca\/index.php\/wp-json\/wp\/v2\/pages\/717"}],"wp:attachment":[{"href":"https:\/\/clearingourpath.ca\/index.php\/wp-json\/wp\/v2\/media?parent=1165"}],"curies":[{"name":"wp","href":"https:\/\/api.w.org\/{rel}","templated":true}]}}