{"id":1172,"date":"2022-10-25T15:38:47","date_gmt":"2022-10-25T15:38:47","guid":{"rendered":"https:\/\/clearingourpath.ca\/?page_id=1172"},"modified":"2025-01-09T17:12:29","modified_gmt":"2025-01-09T20:12:29","slug":"ascenseurs","status":"publish","type":"page","link":"https:\/\/clearingourpath.ca\/index.php\/language\/fr\/exigences-generales-de-design\/elements-de-design-interieur\/ascenseurs\/","title":{"rendered":"Ascenseurs"},"content":{"rendered":"<p>Les exigences qui permettent de r\u00e9pondre aux besoins des personnes touch\u00e9es par la c\u00e9cit\u00e9 en mati\u00e8re de design d\u2019ascenseurs sont \u00e9nonc\u00e9es dans l\u2019Annexe\u00a0E (Dispositions applicables aux personnes en situation de handicap) du document de l\u2019Association canadienne de normalisation intitul\u00e9 \u00ab\u00a0ASME A17.1-F2013\/CSA B44-F13 &#8211; Code de s\u00e9curit\u00e9 sur les ascenseurs, monte-charges et escaliers m\u00e9caniques\u00a0\u00bb, offert sur le <a href=\"https:\/\/store.csagroup.org\/ccrz__Products?cartID=&amp;operation=quickSearch&amp;searchText=all~~ASME%20A17.1-2013%2FCSA%20B44-13&amp;searchFilter=all&amp;isCSRFlow=true&amp;portalUser=&amp;store=&amp;cclcl=fr_CA\" target=\"_blank\" rel=\"noopener\">site Web ShopCSA<\/a>.<\/p>\n<p>En r\u00e8gle g\u00e9n\u00e9rale, les normes de design d\u00e9finies dans ce document n\u2019ont pas \u00e9t\u00e9 r\u00e9p\u00e9t\u00e9es dans la pr\u00e9sente section. Les recommandations de design fournies dans les sections qui suivent s\u2019ajoutent aux exigences de l\u2019Association canadienne de normalisation.<\/p>\n<p><strong>Dans cette section\u00a0:<\/strong><\/p>\n<ul>\n<li><a href=\"https:\/\/clearingourpath.ca\/index.php\/fr\/exigences-generales-de-design\/elements-de-design-interieur\/ascenseurs\/vestibules-dascenseur\/\">Vestibules d\u2019ascenseur<\/a><\/li>\n<li><a href=\"https:\/\/clearingourpath.ca\/index.php\/fr\/exigences-generales-de-design\/elements-de-design-interieur\/ascenseurs\/cabines-dascenseur\/\">Cabines d\u2019ascenseur<\/a><\/li>\n<li><a href=\"https:\/\/clearingourpath.ca\/index.php\/fr\/exigences-generales-de-design\/elements-de-design-interieur\/ascenseurs\/panneaux-de-commande-des-ascenseurs\/\">Panneaux de commande des ascenseurs<\/a><\/li>\n<li><a href=\"https:\/\/clearingourpath.ca\/index.php\/fr\/exigences-generales-de-design\/elements-de-design-interieur\/ascenseurs\/telephones-dascenseur\/\">T\u00e9l\u00e9phones d\u2019ascenseur<\/a><\/li>\n<li><a href=\"https:\/\/clearingourpath.ca\/index.php\/fr\/exigences-generales-de-design\/elements-de-design-interieur\/ascenseurs\/nouvelles-technologies-dascenseur\/\">Nouvelles technologies d\u2019ascenseur<\/a><\/li>\n<\/ul>\n","protected":false},"excerpt":{"rendered":"<p>Les exigences qui permettent de r\u00e9pondre aux besoins des personnes touch\u00e9es par la c\u00e9cit\u00e9 en mati\u00e8re de design d\u2019ascenseurs sont \u00e9nonc\u00e9es dans l\u2019Annexe\u00a0E (Dispositions applicables aux personnes en situation de handicap) du document de l\u2019Association canadienne de normalisation intitul\u00e9 \u00ab\u00a0ASME A17.1-F2013\/CSA B44-F13 &#8211; Code de [&hellip;]<\/p>\n","protected":false},"author":3,"featured_media":0,"parent":713,"menu_order":8,"comment_status":"closed","ping_status":"closed","template":"","meta":{"_monsterinsights_skip_tracking":false,"_monsterinsights_sitenote_active":false,"_monsterinsights_sitenote_note":"","_monsterinsights_sitenote_category":0,"footnotes":""},"class_list":["post-1172","page","type-page","status-publish","hentry"],"_links":{"self":[{"href":"https:\/\/clearingourpath.ca\/index.php\/wp-json\/wp\/v2\/pages\/1172","targetHints":{"allow":["GET"]}}],"collection":[{"href":"https:\/\/clearingourpath.ca\/index.php\/wp-json\/wp\/v2\/pages"}],"about":[{"href":"https:\/\/clearingourpath.ca\/index.php\/wp-json\/wp\/v2\/types\/page"}],"author":[{"embeddable":true,"href":"https:\/\/clearingourpath.ca\/index.php\/wp-json\/wp\/v2\/users\/3"}],"replies":[{"embeddable":true,"href":"https:\/\/clearingourpath.ca\/index.php\/wp-json\/wp\/v2\/comments?post=1172"}],"version-history":[{"count":3,"href":"https:\/\/clearingourpath.ca\/index.php\/wp-json\/wp\/v2\/pages\/1172\/revisions"}],"predecessor-version":[{"id":1889,"href":"https:\/\/clearingourpath.ca\/index.php\/wp-json\/wp\/v2\/pages\/1172\/revisions\/1889"}],"up":[{"embeddable":true,"href":"https:\/\/clearingourpath.ca\/index.php\/wp-json\/wp\/v2\/pages\/713"}],"wp:attachment":[{"href":"https:\/\/clearingourpath.ca\/index.php\/wp-json\/wp\/v2\/media?parent=1172"}],"curies":[{"name":"wp","href":"https:\/\/api.w.org\/{rel}","templated":true}]}}