{"id":1176,"date":"2022-10-25T15:39:28","date_gmt":"2022-10-25T15:39:28","guid":{"rendered":"https:\/\/clearingourpath.ca\/?page_id=1176"},"modified":"2022-10-25T15:39:28","modified_gmt":"2022-10-25T15:39:28","slug":"vestibules-dascenseur","status":"publish","type":"page","link":"https:\/\/clearingourpath.ca\/index.php\/language\/fr\/exigences-generales-de-design\/elements-de-design-interieur\/ascenseurs\/vestibules-dascenseur\/","title":{"rendered":"Vestibules d\u2019ascenseur"},"content":{"rendered":"<p>Le vestibule du groupe d\u2019ascenseurs au rez-de-chauss\u00e9e d\u2019un \u00e9difice doit \u00eatre directement accessible depuis l\u2019entr\u00e9e principale de l\u2019\u00e9difice. Aux \u00e9tages sup\u00e9rieurs, le vestibule d\u2019ascenseurs doit \u00eatre directement accessible depuis la voie principale de circulation.<\/p>\n<p>Le design de m\u00eame que l\u2019emplacement de la signalisation, des boutons d\u2019appel, des rep\u00e8res sonores et d\u2019autres \u00e9l\u00e9ments qui facilitent le rep\u00e9rage du chemin d\u2019acc\u00e8s dans les vestibules d\u2019ascenseurs doivent \u00eatre coh\u00e9rents dans l\u2019ensemble d\u2019un \u00e9difice.<\/p>\n<p>Les portes des ascenseurs dans les vestibules doivent \u00eatre en contraste de couleur et de luminosit\u00e9 avec leur milieu environnant et avoir un fini antireflet.<\/p>\n<p>Les panneaux de service avec interrupteurs \u00e0 cl\u00e9 r\u00e9serv\u00e9s au personnel d\u2019un \u00e9difice doivent \u00eatre plac\u00e9s loin des panneaux de boutons d\u2019appel utilis\u00e9s par le public de mani\u00e8re \u00e0 \u00e9viter toute confusion pour les personnes touch\u00e9es par la c\u00e9cit\u00e9.<\/p>\n<p>S\u2019il y a un seul ascenseur, le panneau de boutons d\u2019appel doit \u00eatre \u00e0 droite de la porte de l\u2019ascenseur. Dans les vestibules de deux ascenseurs ou plus, il doit \u00eatre entre les ascenseurs afin que tous les utilisateurs y aient ais\u00e9ment acc\u00e8s.<\/p>\n<p>Les panneaux de boutons d\u2019appel thermosensibles ne sont pas recommand\u00e9s pour les ascenseurs, car ils rendent trop facile l\u2019activation involontaire du bouton d\u2019appel dans la mauvaise direction. Sur les panneaux de boutons d\u2019appel, des symboles visuels et tactiles doivent indiquer les directions \u00ab vers le haut \u00bb et \u00ab vers le bas \u00bb. Le symbole braille de \u00ab vers le haut \u00bb doit \u00eatre au-dessus du bouton d\u2019appel \u00ab vers le haut \u00bb et le symbole braille de \u00ab vers le bas \u00bb, sous le bouton d\u2019appel \u00ab vers le bas \u00bb.<\/p>\n<p>Les \u00e9tages doivent \u00eatre d\u00e9sign\u00e9s par des caract\u00e8res imprim\u00e9s en relief et en braille int\u00e9gral sur des panneaux indicateurs install\u00e9s de chaque c\u00f4t\u00e9 des montants des portes d\u2019ascenseur. Le centre de ces panneaux indicateurs doit \u00eatre \u00e0 1500 mm au-dessus du plancher fini. Les panneaux avec imprim\u00e9 en relief doivent avoir un contraste de couleur et de luminosit\u00e9 par rapport \u00e0 la surface du mur. Les \u00e9tages doivent y \u00eatre d\u00e9sign\u00e9s par des chiffres arabes d\u2019une hauteur d\u2019au moins 50 mm, sur\u00e9lev\u00e9s d\u2019au moins 1 mm. La d\u00e9signation des \u00e9tages en braille doit \u00eatre en dessous des caract\u00e8res imprim\u00e9s en relief.<\/p>\n<p>Pour faciliter le rep\u00e9rage de l\u2019\u00e9tage au niveau du sol, une \u00e9toile tactile doit \u00eatre ajout\u00e9e \u00e0 gauche de la d\u00e9signation de l\u2019\u00e9tage imprim\u00e9e en relief. Il s\u2019agit du symbole universel utilis\u00e9 dans les \u00e9difices pour informer les visiteurs qu\u2019ils sont au rez-de-chauss\u00e9e, un \u00e9tage dont la d\u00e9signation est loin d\u2019\u00eatre uniforme.<\/p>\n<p>Dans les \u00e9difices o\u00f9 les groupes d\u2019ascenseurs desservent diff\u00e9rents \u00e9tages, des panneaux indicateurs \u00e0 contenu visuel et tactile doivent pr\u00e9ciser les \u00e9tages correspondant \u00e0 chaque groupe d\u2019ascenseurs.<\/p>\n","protected":false},"excerpt":{"rendered":"<p>Le vestibule du groupe d\u2019ascenseurs au rez-de-chauss\u00e9e d\u2019un \u00e9difice doit \u00eatre directement accessible depuis l\u2019entr\u00e9e principale de l\u2019\u00e9difice. Aux \u00e9tages sup\u00e9rieurs, le vestibule d\u2019ascenseurs doit \u00eatre directement accessible depuis la voie principale de circulation. Le design de m\u00eame que l\u2019emplacement de la signalisation, des boutons [&hellip;]<\/p>\n","protected":false},"author":3,"featured_media":0,"parent":1172,"menu_order":0,"comment_status":"closed","ping_status":"closed","template":"","meta":{"_monsterinsights_skip_tracking":false,"_monsterinsights_sitenote_active":false,"_monsterinsights_sitenote_note":"","_monsterinsights_sitenote_category":0,"footnotes":""},"class_list":["post-1176","page","type-page","status-publish","hentry"],"_links":{"self":[{"href":"https:\/\/clearingourpath.ca\/index.php\/wp-json\/wp\/v2\/pages\/1176","targetHints":{"allow":["GET"]}}],"collection":[{"href":"https:\/\/clearingourpath.ca\/index.php\/wp-json\/wp\/v2\/pages"}],"about":[{"href":"https:\/\/clearingourpath.ca\/index.php\/wp-json\/wp\/v2\/types\/page"}],"author":[{"embeddable":true,"href":"https:\/\/clearingourpath.ca\/index.php\/wp-json\/wp\/v2\/users\/3"}],"replies":[{"embeddable":true,"href":"https:\/\/clearingourpath.ca\/index.php\/wp-json\/wp\/v2\/comments?post=1176"}],"version-history":[{"count":1,"href":"https:\/\/clearingourpath.ca\/index.php\/wp-json\/wp\/v2\/pages\/1176\/revisions"}],"predecessor-version":[{"id":1177,"href":"https:\/\/clearingourpath.ca\/index.php\/wp-json\/wp\/v2\/pages\/1176\/revisions\/1177"}],"up":[{"embeddable":true,"href":"https:\/\/clearingourpath.ca\/index.php\/wp-json\/wp\/v2\/pages\/1172"}],"wp:attachment":[{"href":"https:\/\/clearingourpath.ca\/index.php\/wp-json\/wp\/v2\/media?parent=1176"}],"curies":[{"name":"wp","href":"https:\/\/api.w.org\/{rel}","templated":true}]}}