{"id":1180,"date":"2022-10-25T15:40:02","date_gmt":"2022-10-25T15:40:02","guid":{"rendered":"https:\/\/clearingourpath.ca\/?page_id=1180"},"modified":"2022-10-25T15:40:02","modified_gmt":"2022-10-25T15:40:02","slug":"cabines-dascenseur","status":"publish","type":"page","link":"https:\/\/clearingourpath.ca\/index.php\/language\/fr\/exigences-generales-de-design\/elements-de-design-interieur\/ascenseurs\/cabines-dascenseur\/","title":{"rendered":"Cabines d\u2019ascenseur"},"content":{"rendered":"<p>Une bande de couleur jaune, \u00e0 contraste de luminosit\u00e9, doit \u00eatre appliqu\u00e9e sur une largeur de 50 mm sur le seuil de la porte de la cabine, \u00e0 l\u2019endroit o\u00f9 celle-ci vient s\u2019appuyer sur le plancher, afin de rendre le seuil plus visible.<\/p>\n<p>La largeur libre de l\u2019entr\u00e9e de porte d\u2019un ascenseur doit \u00eatre d\u2019au moins 920 mm. Le plancher et le pourtour du plancher doivent se diff\u00e9rencier l\u2019un de l\u2019autre par un contraste de couleur et de luminosit\u00e9. Un plancher p\u00e2le doit avoir un pourtour fonc\u00e9. Un plancher fonc\u00e9 doit avoir un pourtour p\u00e2le et, en son centre, un logo ou motif de couleur p\u00e2le (un plancher fonc\u00e9 compl\u00e8tement uni peut \u00eatre per\u00e7u comme un espace vide par une personne vivant avec la c\u00e9cit\u00e9).<\/p>\n<p>Les ascenseurs doivent \u00eatre programm\u00e9s de telle sorte que les portes restent ouvertes pendant au moins 5 secondes apr\u00e8s l\u2019activation d\u2019un bouton d\u2019appel plac\u00e9 dans un couloir. Les personnes touch\u00e9es par la c\u00e9cit\u00e9 doivent avoir assez de temps pour atteindre l\u2019ascenseur et y entrer en toute s\u00e9curit\u00e9. Lorsqu\u2019un ascenseur s\u2019arr\u00eate \u00e0 un \u00e9tage en r\u00e9ponse \u00e0 l\u2019activation du bouton correspondant \u00e0 l\u2019int\u00e9rieur de la cabine, la dur\u00e9e d\u2019ouverture des portes doit \u00eatre d\u2019au moins 3 secondes, pour que le d\u00e9lai de sortie soit suffisant. Seule l\u2019activation du bouton \u00ab Fermer les portes \u00bb plac\u00e9 \u00e0 l\u2019int\u00e9rieur de l\u2019ascenseur devrait permettre de r\u00e9duire le temps pendant lequel les portes demeurent ouvertes.<\/p>\n<p>Les portes coulissantes automatiques d\u2019une cabine d\u2019ascenseur doivent comporter un m\u00e9canisme d\u2019arr\u00eat et de r\u00e9ouverture des portes de la cabine et des portes pali\u00e8res adjacentes sur une largeur libre d\u2019au moins 920 mm en cas d\u2019obstruction, de quelque nature que ce soit, pendant la fermeture.<\/p>\n<p>L\u2019espace libre minimal \u00e0 l\u2019int\u00e9rieur d\u2019une cabine d\u2019ascenseur, excluant le panneau de retour, doit \u00eatre de 1725 \u00d7 1525 mm, afin d\u2019\u00eatre suffisant pour les personnes accompagn\u00e9es d\u2019un chien-guide.<\/p>\n<p>Le niveau d\u2019\u00e9clairement dans les cabines d\u2019ascenseur doit \u00eatre d\u2019au moins 200 lux. Les miroirs et autres surfaces produisant des \u00e9blouissements sont \u00e0 \u00e9viter.<\/p>\n","protected":false},"excerpt":{"rendered":"<p>Une bande de couleur jaune, \u00e0 contraste de luminosit\u00e9, doit \u00eatre appliqu\u00e9e sur une largeur de 50 mm sur le seuil de la porte de la cabine, \u00e0 l\u2019endroit o\u00f9 celle-ci vient s\u2019appuyer sur le plancher, afin de rendre le seuil plus visible. La largeur [&hellip;]<\/p>\n","protected":false},"author":3,"featured_media":0,"parent":1172,"menu_order":1,"comment_status":"closed","ping_status":"closed","template":"","meta":{"_monsterinsights_skip_tracking":false,"_monsterinsights_sitenote_active":false,"_monsterinsights_sitenote_note":"","_monsterinsights_sitenote_category":0,"footnotes":""},"class_list":["post-1180","page","type-page","status-publish","hentry"],"_links":{"self":[{"href":"https:\/\/clearingourpath.ca\/index.php\/wp-json\/wp\/v2\/pages\/1180","targetHints":{"allow":["GET"]}}],"collection":[{"href":"https:\/\/clearingourpath.ca\/index.php\/wp-json\/wp\/v2\/pages"}],"about":[{"href":"https:\/\/clearingourpath.ca\/index.php\/wp-json\/wp\/v2\/types\/page"}],"author":[{"embeddable":true,"href":"https:\/\/clearingourpath.ca\/index.php\/wp-json\/wp\/v2\/users\/3"}],"replies":[{"embeddable":true,"href":"https:\/\/clearingourpath.ca\/index.php\/wp-json\/wp\/v2\/comments?post=1180"}],"version-history":[{"count":1,"href":"https:\/\/clearingourpath.ca\/index.php\/wp-json\/wp\/v2\/pages\/1180\/revisions"}],"predecessor-version":[{"id":1181,"href":"https:\/\/clearingourpath.ca\/index.php\/wp-json\/wp\/v2\/pages\/1180\/revisions\/1181"}],"up":[{"embeddable":true,"href":"https:\/\/clearingourpath.ca\/index.php\/wp-json\/wp\/v2\/pages\/1172"}],"wp:attachment":[{"href":"https:\/\/clearingourpath.ca\/index.php\/wp-json\/wp\/v2\/media?parent=1180"}],"curies":[{"name":"wp","href":"https:\/\/api.w.org\/{rel}","templated":true}]}}