{"id":1184,"date":"2022-10-25T15:40:44","date_gmt":"2022-10-25T15:40:44","guid":{"rendered":"https:\/\/clearingourpath.ca\/?page_id=1184"},"modified":"2022-10-25T15:40:44","modified_gmt":"2022-10-25T15:40:44","slug":"panneaux-de-commande-des-ascenseurs","status":"publish","type":"page","link":"https:\/\/clearingourpath.ca\/index.php\/language\/fr\/exigences-generales-de-design\/elements-de-design-interieur\/ascenseurs\/panneaux-de-commande-des-ascenseurs\/","title":{"rendered":"Panneaux de commande des ascenseurs"},"content":{"rendered":"<p>Dans une cabine d\u2019ascenseur, les panneaux de commande doivent \u00eatre \u00e0 droite de la porte, vue de face depuis l\u2019int\u00e9rieur de la cabine. Si l\u2019espace le permet, il doit y avoir des panneaux de commande des deux c\u00f4t\u00e9s de la porte. Les boutons thermosensibles sont \u00e0 \u00e9viter, car les personnes qui lisent les chiffres sous forme braille ou tactile n\u2019auraient aucun moyen de savoir quand ni si un bouton a \u00e9t\u00e9 enfonc\u00e9. En outre, comme leur mode de rep\u00e9rage est le toucher, elles activeraient chaque bouton thermosensible effleur\u00e9.<\/p>\n<p>Les panneaux d\u2019ascenseur doivent avoir une l\u00e9g\u00e8re inclinaison verticale qui permet aux utilisateurs de lire les boutons sans s\u2019accroupir, et facilite aussi la lecture des caract\u00e8res braille et tactiles.<\/p>\n<p>Tous les boutons des panneaux doivent \u00eatre sur\u00e9lev\u00e9s d\u2019au moins 1,5\u00a0mm par rapport \u00e0 la surface du panneau, et mesurer au moins 19\u00a0mm dans n\u2019importe quelle direction sur la surface. Les boutons d\u2019appel \u00e0 chaque \u00e9tage doivent \u00eatre organis\u00e9s en une structure logique et uniforme dans tous les ascenseurs d\u2019un \u00e9difice.<\/p>\n<p>Les chiffres arabes, lettres et autres symboles sur\u00e9lev\u00e9s doivent \u00eatre plac\u00e9s \u00e0 gauche des boutons d\u2019appel de l\u2019ascenseur, sur un fond avec contraste de couleur et de luminosit\u00e9. Ils doivent avoir une hauteur minimale de 16\u00a0mm et \u00eatre sur\u00e9lev\u00e9s d\u2019au moins 0,8\u00a0mm par rapport \u00e0 la surface du panneau. Une police sans empattement est requise et les caract\u00e8res mis en italique, inclin\u00e9s, tr\u00e8s d\u00e9coratifs ou de forme inhabituelle sont \u00e0 proscrire. Pour chaque bouton, l\u2019information correspondante doit aussi \u00eatre fournie en braille int\u00e9gral, juste en dessous des caract\u00e8res sur\u00e9lev\u00e9s.<\/p>\n<p>Des boutons r\u00e9tro\u00e9clair\u00e9s plus gros seront utiles pour les personnes ayant une vision partielle. Des boutons d\u2019au moins 50\u00a0mm sont \u00e0 envisager, avec des chiffres de 38\u00a0mm en double \u00e9clairage (c.-\u00e0-d., r\u00e9tro\u00e9clairage continu). Il doit y avoir un bon contraste entre le fond et les boutons.<\/p>\n<p>Si un panneau montre l\u2019\u00e9tage courant, son centre doit se trouver \u00e0 au plus 1830\u00a0mm du plancher fini. Le num\u00e9ro d\u2019\u00e9tage affich\u00e9 doit \u00eatre en contraste de couleur et de luminosit\u00e9 avec son milieu environnant dans l\u2019ascenseur.<\/p>\n<p>L\u2019information sur le num\u00e9ro d\u2019\u00e9tage courant de l\u2019ascenseur doit \u00eatre \u00e0 la fois sonore et visuelle.<\/p>\n<ul>\n<li>Les caract\u00e8res visuels doivent mesurer au moins 60\u00a0mm de haut.<\/li>\n<li>L\u2019annonce vocale doit \u00eatre utilis\u00e9e pour les num\u00e9ros d\u2019\u00e9tage et la direction de d\u00e9placement.<\/li>\n<li>L\u2019annonce vocale doit, par un ajustement automatique, demeurer \u00e0 un volume d\u2019au moins 15\u00a0dB au-dessus du bruit ambiant.<\/li>\n<\/ul>\n","protected":false},"excerpt":{"rendered":"<p>Dans une cabine d\u2019ascenseur, les panneaux de commande doivent \u00eatre \u00e0 droite de la porte, vue de face depuis l\u2019int\u00e9rieur de la cabine. Si l\u2019espace le permet, il doit y avoir des panneaux de commande des deux c\u00f4t\u00e9s de la porte. Les boutons thermosensibles sont [&hellip;]<\/p>\n","protected":false},"author":3,"featured_media":0,"parent":1172,"menu_order":2,"comment_status":"closed","ping_status":"closed","template":"","meta":{"_monsterinsights_skip_tracking":false,"_monsterinsights_sitenote_active":false,"_monsterinsights_sitenote_note":"","_monsterinsights_sitenote_category":0,"footnotes":""},"class_list":["post-1184","page","type-page","status-publish","hentry"],"_links":{"self":[{"href":"https:\/\/clearingourpath.ca\/index.php\/wp-json\/wp\/v2\/pages\/1184","targetHints":{"allow":["GET"]}}],"collection":[{"href":"https:\/\/clearingourpath.ca\/index.php\/wp-json\/wp\/v2\/pages"}],"about":[{"href":"https:\/\/clearingourpath.ca\/index.php\/wp-json\/wp\/v2\/types\/page"}],"author":[{"embeddable":true,"href":"https:\/\/clearingourpath.ca\/index.php\/wp-json\/wp\/v2\/users\/3"}],"replies":[{"embeddable":true,"href":"https:\/\/clearingourpath.ca\/index.php\/wp-json\/wp\/v2\/comments?post=1184"}],"version-history":[{"count":1,"href":"https:\/\/clearingourpath.ca\/index.php\/wp-json\/wp\/v2\/pages\/1184\/revisions"}],"predecessor-version":[{"id":1185,"href":"https:\/\/clearingourpath.ca\/index.php\/wp-json\/wp\/v2\/pages\/1184\/revisions\/1185"}],"up":[{"embeddable":true,"href":"https:\/\/clearingourpath.ca\/index.php\/wp-json\/wp\/v2\/pages\/1172"}],"wp:attachment":[{"href":"https:\/\/clearingourpath.ca\/index.php\/wp-json\/wp\/v2\/media?parent=1184"}],"curies":[{"name":"wp","href":"https:\/\/api.w.org\/{rel}","templated":true}]}}