{"id":1188,"date":"2022-10-25T15:41:19","date_gmt":"2022-10-25T15:41:19","guid":{"rendered":"https:\/\/clearingourpath.ca\/?page_id=1188"},"modified":"2022-10-25T15:41:19","modified_gmt":"2022-10-25T15:41:19","slug":"telephones-dascenseur","status":"publish","type":"page","link":"https:\/\/clearingourpath.ca\/index.php\/language\/fr\/exigences-generales-de-design\/elements-de-design-interieur\/ascenseurs\/telephones-dascenseur\/","title":{"rendered":"T\u00e9l\u00e9phones d\u2019ascenseur"},"content":{"rendered":"<p>Un t\u00e9l\u00e9phone doit \u00eatre install\u00e9 \u00e0 droite du panneau dans une cabine d\u2019ascenseur. S\u2019il y a plus d\u2019un panneau, le t\u00e9l\u00e9phone peut \u00eatre plac\u00e9 \u00e0 droite du panneau le plus \u00e0 droite, par rapport aux portes vues de face \u00e0 l\u2019int\u00e9rieur. S\u2019il s\u2019agit d\u2019un combin\u00e9, le cordon doit avoir une longueur d\u2019au moins 920 mm.<\/p>\n<p>Le t\u00e9l\u00e9phone d\u2019ascenseur ou son meuble, le cas \u00e9ch\u00e9ant, doit \u00eatre d\u00e9sign\u00e9 par le symbole international du t\u00e9l\u00e9phone. Ce symbole doit avoir une hauteur minimale de 38 mm et \u00eatre sur\u00e9lev\u00e9 d\u2019au moins 1 mm par rapport \u00e0 la surface environnante. Le t\u00e9l\u00e9phone doit \u00eatre dot\u00e9 d\u2019une commande de r\u00e9glage du volume. Un r\u00e9cepteur t\u00e9l\u00e9phonique ne doit pas g\u00e9n\u00e9rer de champ magn\u00e9tique dans la zone de l\u2019\u00e9couteur.<\/p>\n<p>Si un mode d\u2019emploi du t\u00e9l\u00e9phone est fourni \u00e0 l\u2019int\u00e9rieur de l\u2019ascenseur, l\u2019information essentielle doit aussi \u00eatre communiqu\u00e9e en braille.<\/p>\n","protected":false},"excerpt":{"rendered":"<p>Un t\u00e9l\u00e9phone doit \u00eatre install\u00e9 \u00e0 droite du panneau dans une cabine d\u2019ascenseur. S\u2019il y a plus d\u2019un panneau, le t\u00e9l\u00e9phone peut \u00eatre plac\u00e9 \u00e0 droite du panneau le plus \u00e0 droite, par rapport aux portes vues de face \u00e0 l\u2019int\u00e9rieur. S\u2019il s\u2019agit d\u2019un combin\u00e9, [&hellip;]<\/p>\n","protected":false},"author":3,"featured_media":0,"parent":1172,"menu_order":3,"comment_status":"closed","ping_status":"closed","template":"","meta":{"_monsterinsights_skip_tracking":false,"_monsterinsights_sitenote_active":false,"_monsterinsights_sitenote_note":"","_monsterinsights_sitenote_category":0,"footnotes":""},"class_list":["post-1188","page","type-page","status-publish","hentry"],"_links":{"self":[{"href":"https:\/\/clearingourpath.ca\/index.php\/wp-json\/wp\/v2\/pages\/1188","targetHints":{"allow":["GET"]}}],"collection":[{"href":"https:\/\/clearingourpath.ca\/index.php\/wp-json\/wp\/v2\/pages"}],"about":[{"href":"https:\/\/clearingourpath.ca\/index.php\/wp-json\/wp\/v2\/types\/page"}],"author":[{"embeddable":true,"href":"https:\/\/clearingourpath.ca\/index.php\/wp-json\/wp\/v2\/users\/3"}],"replies":[{"embeddable":true,"href":"https:\/\/clearingourpath.ca\/index.php\/wp-json\/wp\/v2\/comments?post=1188"}],"version-history":[{"count":1,"href":"https:\/\/clearingourpath.ca\/index.php\/wp-json\/wp\/v2\/pages\/1188\/revisions"}],"predecessor-version":[{"id":1189,"href":"https:\/\/clearingourpath.ca\/index.php\/wp-json\/wp\/v2\/pages\/1188\/revisions\/1189"}],"up":[{"embeddable":true,"href":"https:\/\/clearingourpath.ca\/index.php\/wp-json\/wp\/v2\/pages\/1172"}],"wp:attachment":[{"href":"https:\/\/clearingourpath.ca\/index.php\/wp-json\/wp\/v2\/media?parent=1188"}],"curies":[{"name":"wp","href":"https:\/\/api.w.org\/{rel}","templated":true}]}}