{"id":1207,"date":"2022-10-25T15:57:05","date_gmt":"2022-10-25T15:57:05","guid":{"rendered":"https:\/\/clearingourpath.ca\/?page_id=1207"},"modified":"2022-10-25T15:57:05","modified_gmt":"2022-10-25T15:57:05","slug":"portes-et-allees-dentree","status":"publish","type":"page","link":"https:\/\/clearingourpath.ca\/index.php\/language\/fr\/exigences-generales-de-design\/elements-de-design-interieur\/portes-et-allees-dentree\/","title":{"rendered":"Portes et all\u00e9es d\u2019entr\u00e9e"},"content":{"rendered":"<figure id=\"attachment_357\" aria-describedby=\"caption-attachment-357\" style=\"width: 379px\" class=\"wp-caption alignright\"><img loading=\"lazy\" decoding=\"async\" class=\"wp-image-357 \" src=\"https:\/\/clearingourpath.ca\/wp-content\/uploads\/2022\/08\/fig5-11-1.jpg\" alt=\"Toilettes publiques accessibles par une all\u00e9e d\u2019entr\u00e9e plut\u00f4t que par une porte. L\u2019emplacement de l\u2019all\u00e9e d\u2019entr\u00e9e est mis en \u00e9vidence par un plancher au fini diff\u00e9rent. Des pictogrammes de couleur contrastante servent \u00e0 d\u00e9signer les toilettes.\" width=\"379\" height=\"285\" srcset=\"https:\/\/clearingourpath.ca\/wp-content\/uploads\/2022\/08\/fig5-11-1.jpg 639w, https:\/\/clearingourpath.ca\/wp-content\/uploads\/2022\/08\/fig5-11-1-300x225.jpg 300w\" sizes=\"auto, (max-width: 379px) 100vw, 379px\" \/><figcaption id=\"caption-attachment-357\" class=\"wp-caption-text\">Toilettes publiques accessibles par une all\u00e9e d\u2019entr\u00e9e plut\u00f4t que par une porte. L\u2019emplacement de l\u2019all\u00e9e d\u2019entr\u00e9e est mis en \u00e9vidence par un plancher au fini diff\u00e9rent. Des pictogrammes de couleur contrastante servent \u00e0 d\u00e9signer les toilettes.<\/figcaption><\/figure>\n<p>Les sp\u00e9cifications \u00e9nonc\u00e9es \u00e0 la section <a href=\"https:\/\/clearingourpath.ca\/index.php\/fr\/exigences-generales-de-design\/elements-de-design-exterieur\/portes-exterieures\/\">Portes ext\u00e9rieures<\/a> s\u2019appliquent aussi aux portes install\u00e9es \u00e0 l\u2019int\u00e9rieur d\u2019un \u00e9difice. La pr\u00e9sente section fournit des sp\u00e9cifications suppl\u00e9mentaires pour les portes int\u00e9rieures.<\/p>\n<p>Les portes accessibles depuis la voie de d\u00e9placement doivent, pour ne pas obstruer celle-ci, \u00eatre install\u00e9es en retrait ou s\u2019ouvrir dans une pi\u00e8ce. L\u2019acc\u00e8s peut aussi se faire par une all\u00e9e d\u2019entr\u00e9e sans portes, ce qui \u00e9limine le danger potentiel li\u00e9 \u00e0 l\u2019ouverture de portes.<\/p>\n<p>Les portes ouvertes dans des entr\u00e9es et des couloirs repr\u00e9sentent un s\u00e9rieux danger pour les personnes touch\u00e9es par la c\u00e9cit\u00e9. Partout o\u00f9 c\u2019est possible, les doubles portes ouvrant d\u2019un seul c\u00f4t\u00e9 sont \u00e0 \u00e9viter. Les deux portes doivent soit \u00eatre maintenues ouvertes, soit \u00eatre ferm\u00e9es. De cette fa\u00e7on, les personnes touch\u00e9es par la c\u00e9cit\u00e9 ne heurteront pas malencontreusement une porte partiellement ouverte.<\/p>\n<p>Les noms ou num\u00e9ros de locaux doivent \u00eatre affich\u00e9s pr\u00e8s du c\u00f4t\u00e9 loquet des portes. Pour de plus amples renseignements, consultez la section <a href=\"https:\/\/clearingourpath.ca\/index.php\/fr\/exigences-generales-de-design\/elements-de-design-communs\/signalisation\/\">Signalisation<\/a>.<\/p>\n<p>Des seuils sur\u00e9lev\u00e9s sont \u00e0 \u00e9viter, autant que possible. Si des seuils sont n\u00e9cessaires, ils doivent mesurer au plus 13\u00a0mm de haut. Si leur hauteur d\u00e9passe 6\u00a0mm, ils doivent \u00eatre biseaut\u00e9s. Tous les seuils doivent \u00eatre en contraste de couleur et de luminosit\u00e9 avec leurs surfaces environnantes.<\/p>\n","protected":false},"excerpt":{"rendered":"<p>Les sp\u00e9cifications \u00e9nonc\u00e9es \u00e0 la section Portes ext\u00e9rieures s\u2019appliquent aussi aux portes install\u00e9es \u00e0 l\u2019int\u00e9rieur d\u2019un \u00e9difice. La pr\u00e9sente section fournit des sp\u00e9cifications suppl\u00e9mentaires pour les portes int\u00e9rieures. Les portes accessibles depuis la voie de d\u00e9placement doivent, pour ne pas obstruer celle-ci, \u00eatre install\u00e9es en [&hellip;]<\/p>\n","protected":false},"author":3,"featured_media":0,"parent":713,"menu_order":10,"comment_status":"closed","ping_status":"closed","template":"","meta":{"_monsterinsights_skip_tracking":false,"_monsterinsights_sitenote_active":false,"_monsterinsights_sitenote_note":"","_monsterinsights_sitenote_category":0,"footnotes":""},"class_list":["post-1207","page","type-page","status-publish","hentry"],"_links":{"self":[{"href":"https:\/\/clearingourpath.ca\/index.php\/wp-json\/wp\/v2\/pages\/1207","targetHints":{"allow":["GET"]}}],"collection":[{"href":"https:\/\/clearingourpath.ca\/index.php\/wp-json\/wp\/v2\/pages"}],"about":[{"href":"https:\/\/clearingourpath.ca\/index.php\/wp-json\/wp\/v2\/types\/page"}],"author":[{"embeddable":true,"href":"https:\/\/clearingourpath.ca\/index.php\/wp-json\/wp\/v2\/users\/3"}],"replies":[{"embeddable":true,"href":"https:\/\/clearingourpath.ca\/index.php\/wp-json\/wp\/v2\/comments?post=1207"}],"version-history":[{"count":1,"href":"https:\/\/clearingourpath.ca\/index.php\/wp-json\/wp\/v2\/pages\/1207\/revisions"}],"predecessor-version":[{"id":1208,"href":"https:\/\/clearingourpath.ca\/index.php\/wp-json\/wp\/v2\/pages\/1207\/revisions\/1208"}],"up":[{"embeddable":true,"href":"https:\/\/clearingourpath.ca\/index.php\/wp-json\/wp\/v2\/pages\/713"}],"wp:attachment":[{"href":"https:\/\/clearingourpath.ca\/index.php\/wp-json\/wp\/v2\/media?parent=1207"}],"curies":[{"name":"wp","href":"https:\/\/api.w.org\/{rel}","templated":true}]}}