{"id":1211,"date":"2022-10-25T15:57:55","date_gmt":"2022-10-25T15:57:55","guid":{"rendered":"https:\/\/clearingourpath.ca\/?page_id=1211"},"modified":"2022-10-25T16:09:17","modified_gmt":"2022-10-25T16:09:17","slug":"espaces-interieurs-particuliers","status":"publish","type":"page","link":"https:\/\/clearingourpath.ca\/index.php\/language\/fr\/exigences-generales-de-design\/elements-de-design-interieur\/espaces-interieurs-particuliers\/","title":{"rendered":"Espaces int\u00e9rieurs particuliers"},"content":{"rendered":"<p>Les \u00e9l\u00e9ments suivants doivent \u00eatre int\u00e9gr\u00e9s au design de certains espaces int\u00e9rieurs\u00a0:<\/p>\n<ul>\n<li>dans le couloir, d\u00e9signation ad\u00e9quate de la pi\u00e8ce par une signalisation avec caract\u00e8res braille et tactiles, de couleur et de polices appropri\u00e9es;<\/li>\n<li>portes bien situ\u00e9es, de largeur suffisante et \u00e0 quincaillerie appropri\u00e9e;<\/li>\n<li>disposition logique de l\u2019\u00e9quipement, des luminaires, du mobilier et des services, si possible en lignes droites et \u00e0 angles droits;<\/li>\n<li>contraste de couleur permettant de rep\u00e9rer l\u2019\u00e9quipement, les installations et les dangers dans la pi\u00e8ce;<\/li>\n<li>voie de d\u00e9placement d\u00e9gag\u00e9e et accessible d\u2019au moins 1200\u00a0mm de large;<\/li>\n<li>espace libre d\u2019au moins 920\u00a0\u00d7\u00a01200\u00a0mm \u00e0 c\u00f4t\u00e9 de certaines places assises pour les chiens-guides;<\/li>\n<li>interrupteurs de luminaires et autres commandes de param\u00e8tres environnementaux pr\u00e8s de l\u2019entr\u00e9e de la pi\u00e8ce.<\/li>\n<\/ul>\n<p><strong>Dans cette section\u00a0:<\/strong><\/p>\n<ul>\n<li><a href=\"https:\/\/clearingourpath.ca\/index.php\/fr\/exigences-generales-de-design\/elements-de-design-interieur\/espaces-interieurs-particuliers\/salles-de-cinema-theatres-salles-de-spectacles-et-salles-de-conferences\/\">Salles de cin\u00e9ma, th\u00e9\u00e2tres, salles de spectacles et salles de conf\u00e9rences<\/a><\/li>\n<li><a href=\"https:\/\/clearingourpath.ca\/index.php\/fr\/exigences-generales-de-design\/elements-de-design-interieur\/espaces-interieurs-particuliers\/cafeterias-et-salles-a-manger\/\">Caf\u00e9t\u00e9rias et salles \u00e0 manger<\/a><\/li>\n<li><a href=\"https:\/\/clearingourpath.ca\/index.php\/fr\/exigences-generales-de-design\/elements-de-design-interieur\/espaces-interieurs-particuliers\/cuisines\/\">Cuisines<\/a><\/li>\n<li><a href=\"https:\/\/clearingourpath.ca\/index.php\/fr\/exigences-generales-de-design\/elements-de-design-interieur\/espaces-interieurs-particuliers\/salles-de-bain-et-cabines-de-douche\/\">Salles de bain et cabines de douche<\/a><\/li>\n<li><a href=\"https:\/\/clearingourpath.ca\/index.php\/fr\/exigences-generales-de-design\/elements-de-design-interieur\/espaces-interieurs-particuliers\/vestiaires\/\">Vestiaires<\/a><\/li>\n<li><a href=\"https:\/\/clearingourpath.ca\/index.php\/fr\/exigences-generales-de-design\/elements-de-design-interieur\/espaces-interieurs-particuliers\/piscines-gymnases-bibliotheques-et-espaces-dexposition\/\">Piscines, gymnases, biblioth\u00e8ques et espaces d\u2019exposition<\/a><\/li>\n<\/ul>\n","protected":false},"excerpt":{"rendered":"<p>Les \u00e9l\u00e9ments suivants doivent \u00eatre int\u00e9gr\u00e9s au design de certains espaces int\u00e9rieurs\u00a0: dans le couloir, d\u00e9signation ad\u00e9quate de la pi\u00e8ce par une signalisation avec caract\u00e8res braille et tactiles, de couleur et de polices appropri\u00e9es; portes bien situ\u00e9es, de largeur suffisante et \u00e0 quincaillerie appropri\u00e9e; disposition [&hellip;]<\/p>\n","protected":false},"author":3,"featured_media":0,"parent":713,"menu_order":11,"comment_status":"closed","ping_status":"closed","template":"","meta":{"_monsterinsights_skip_tracking":false,"_monsterinsights_sitenote_active":false,"_monsterinsights_sitenote_note":"","_monsterinsights_sitenote_category":0,"footnotes":""},"class_list":["post-1211","page","type-page","status-publish","hentry"],"_links":{"self":[{"href":"https:\/\/clearingourpath.ca\/index.php\/wp-json\/wp\/v2\/pages\/1211","targetHints":{"allow":["GET"]}}],"collection":[{"href":"https:\/\/clearingourpath.ca\/index.php\/wp-json\/wp\/v2\/pages"}],"about":[{"href":"https:\/\/clearingourpath.ca\/index.php\/wp-json\/wp\/v2\/types\/page"}],"author":[{"embeddable":true,"href":"https:\/\/clearingourpath.ca\/index.php\/wp-json\/wp\/v2\/users\/3"}],"replies":[{"embeddable":true,"href":"https:\/\/clearingourpath.ca\/index.php\/wp-json\/wp\/v2\/comments?post=1211"}],"version-history":[{"count":2,"href":"https:\/\/clearingourpath.ca\/index.php\/wp-json\/wp\/v2\/pages\/1211\/revisions"}],"predecessor-version":[{"id":1240,"href":"https:\/\/clearingourpath.ca\/index.php\/wp-json\/wp\/v2\/pages\/1211\/revisions\/1240"}],"up":[{"embeddable":true,"href":"https:\/\/clearingourpath.ca\/index.php\/wp-json\/wp\/v2\/pages\/713"}],"wp:attachment":[{"href":"https:\/\/clearingourpath.ca\/index.php\/wp-json\/wp\/v2\/media?parent=1211"}],"curies":[{"name":"wp","href":"https:\/\/api.w.org\/{rel}","templated":true}]}}