{"id":1216,"date":"2022-10-25T16:01:35","date_gmt":"2022-10-25T16:01:35","guid":{"rendered":"https:\/\/clearingourpath.ca\/?page_id=1216"},"modified":"2022-10-25T16:01:35","modified_gmt":"2022-10-25T16:01:35","slug":"salles-de-cinema-theatres-salles-de-spectacles-et-salles-de-conferences","status":"publish","type":"page","link":"https:\/\/clearingourpath.ca\/index.php\/language\/fr\/exigences-generales-de-design\/elements-de-design-interieur\/espaces-interieurs-particuliers\/salles-de-cinema-theatres-salles-de-spectacles-et-salles-de-conferences\/","title":{"rendered":"Salles de cin\u00e9ma, th\u00e9\u00e2tres, salles de spectacles et salles de conf\u00e9rences"},"content":{"rendered":"<p>Les places assises dans un th\u00e9\u00e2tre, ou une salle de cin\u00e9ma, de spectacles ou de conf\u00e9rences doivent \u00eatre orient\u00e9es vers le centre d\u2019attraction de la pi\u00e8ce. La position du mobilier et des luminaires doit assurer le maintien d\u2019une bonne visibilit\u00e9 du centre d\u2019attraction. Un plancher \u00e0 inclinaison vers l\u2019avant aide aussi \u00e0 garder non obstru\u00e9e la vue du centre d\u2019attraction, gr\u00e2ce \u00e0 une sur\u00e9l\u00e9vation de l\u2019arri\u00e8re de la salle. M\u00eame une pente douce (p. ex., 1:30) est utile.<\/p>\n<p>La voie d\u2019acc\u00e8s \u00e0 l\u2019aire de places assises ne doit pas traverser la ligne de vue du centre d\u2019attraction. Par exemple, dans la plupart des th\u00e9\u00e2tres, les entr\u00e9es sont \u00e0 l\u2019arri\u00e8re ou sur les c\u00f4t\u00e9s et, par cons\u00e9quent, hors de la ligne de vue des spectateurs assis devant la sc\u00e8ne.<\/p>\n<p>Les places destin\u00e9es \u00e0 des personnes accompagn\u00e9es d\u2019un chien-guide doivent \u00eatre proches de la voie de d\u00e9placement. Elles doivent \u00eatre d\u00e9sign\u00e9es par une signalisation claire, afin qu\u2019elles restent r\u00e9serv\u00e9es aux personnes qui en ont besoin.<\/p>\n<p>Des si\u00e8ges amovibles peuvent \u00eatre un moyen de cr\u00e9er une place assise confortable et s\u00e9curitaire pour les invit\u00e9s accompagn\u00e9s de chiens-guides. Ces si\u00e8ges doivent \u00eatre pr\u00e8s d\u2019une all\u00e9e. Les places d\u00e9sign\u00e9es pour les utilisateurs de chiens-guides ne doivent pas \u00eatre \u00e0 l\u2019arri\u00e8re ni au bout d\u2019une rang\u00e9e d\u2019un auditorium.<\/p>\n<p>L\u2019emplacement des sorties de secours doit \u00eatre pr\u00e9cis\u00e9 dans les messages publics diffus\u00e9s \u00e0 l\u2019assistance, par exemple\u00a0: \u00ab\u00a0Il y a des sorties de secours de chaque c\u00f4t\u00e9 de la sc\u00e8ne, \u00e0 l\u2019avant de l\u2019auditorium\u00a0\u00bb. Il n\u2019est pas rare que des personnes touch\u00e9es par la c\u00e9cit\u00e9 assistent seules \u00e0 des \u00e9v\u00e9nements publics, et il ne convient pas de pr\u00e9sumer qu\u2019un accompagnateur qui voit est toujours pr\u00e9sent.<\/p>\n<p>L\u2019\u00e9clairage peut \u00eatre mis \u00e0 profit pour accentuer des \u00e9l\u00e9ments cl\u00e9s dans un lieu de rassemblement ou de r\u00e9union. Par exemple, une combinaison de niveaux d\u2019\u00e9clairage et de motifs d\u2019\u00e9clairage peut diriger l\u2019attention vers l\u2019orateur dans une salle de conf\u00e9rences.<\/p>\n<p>Il faut veiller \u00e0 ce que les niveaux d\u2019\u00e9clairement demeurent suffisants et, s\u2019il y a lieu, changent graduellement. Par exemple, la diff\u00e9rence d\u2019\u00e9clairage entre le foyer d\u2019un th\u00e9\u00e2tre et l\u2019aire de places assises doit \u00eatre graduelle, car tous ne s\u2019adaptent pas facilement aux changements soudains de la quantit\u00e9 de lumi\u00e8re. L\u2019une des approches utilis\u00e9es consiste \u00e0 offrir l\u2019\u00e9clairage le plus intense \u00e0 l\u2019entr\u00e9e et \u00e0 la billetterie, et \u00e0 le r\u00e9duire l\u00e9g\u00e8rement aux comptoirs de concession et dans les toilettes. L\u2019int\u00e9rieur de la salle aurait le niveau d\u2019\u00e9clairage le plus faible. Avant le d\u00e9but de l\u2019\u00e9v\u00e9nement, l\u2019\u00e9clairage de la salle doit diminuer graduellement.<\/p>\n<p>Un contraste de couleur sur le mobilier et sur des \u00e9l\u00e9ments fixes de la salle peut contribuer \u00e0 une meilleure utilisation des lieux. Par exemple, dans une salle de spectacles \u00e0 si\u00e8ges fonc\u00e9s, un arri\u00e8re-plan de couleur p\u00e2le derri\u00e8re une sc\u00e8ne fonc\u00e9e attirera l\u2019attention des spectateurs vers celle-ci. Un code de couleur pour les si\u00e8ges peut \u00e9galement faciliter le rep\u00e9rage d\u2019une section (p. ex., rang\u00e9es\u00a0A \u00e0 D en bleu fonc\u00e9, rang\u00e9es\u00a0E \u00e0 H en jaune fonc\u00e9, etc.).<\/p>\n<p>Dans un lieu comme une salle de r\u00e9union d\u2019un conseil municipal, la couleur des si\u00e8ges peut servir \u00e0 diff\u00e9rencier les types de participants : membres du conseil, administrateurs municipaux, repr\u00e9sentants des m\u00e9dias, citoyens, etc. Il vaut mieux s\u2019en tenir \u00e0 des sch\u00e9mas de couleur simples et \u00e9viter les d\u00e9coupages complexes. La section <a href=\"https:\/\/clearingourpath.ca\/index.php\/fr\/exigences-generales-de-design\/principes-de-base-du-design\/contraste-de-couleur-et-de-luminosite\/\">Contraste de couleur et de luminosit\u00e9<\/a> fournit plus de renseignements sur l\u2019utilisation appropri\u00e9e et profitable des couleurs pour les personnes touch\u00e9es par la c\u00e9cit\u00e9.<\/p>\n<p>Le pourtour des sc\u00e8nes et plateformes doit \u00eatre d\u00e9limit\u00e9 par un mat\u00e9riau tactile de couleur contrastante par rapport aux surfaces adjacentes de plancher.<\/p>\n","protected":false},"excerpt":{"rendered":"<p>Les places assises dans un th\u00e9\u00e2tre, ou une salle de cin\u00e9ma, de spectacles ou de conf\u00e9rences doivent \u00eatre orient\u00e9es vers le centre d\u2019attraction de la pi\u00e8ce. La position du mobilier et des luminaires doit assurer le maintien d\u2019une bonne visibilit\u00e9 du centre d\u2019attraction. Un plancher [&hellip;]<\/p>\n","protected":false},"author":3,"featured_media":0,"parent":1211,"menu_order":0,"comment_status":"closed","ping_status":"closed","template":"","meta":{"_monsterinsights_skip_tracking":false,"_monsterinsights_sitenote_active":false,"_monsterinsights_sitenote_note":"","_monsterinsights_sitenote_category":0,"footnotes":""},"class_list":["post-1216","page","type-page","status-publish","hentry"],"_links":{"self":[{"href":"https:\/\/clearingourpath.ca\/index.php\/wp-json\/wp\/v2\/pages\/1216","targetHints":{"allow":["GET"]}}],"collection":[{"href":"https:\/\/clearingourpath.ca\/index.php\/wp-json\/wp\/v2\/pages"}],"about":[{"href":"https:\/\/clearingourpath.ca\/index.php\/wp-json\/wp\/v2\/types\/page"}],"author":[{"embeddable":true,"href":"https:\/\/clearingourpath.ca\/index.php\/wp-json\/wp\/v2\/users\/3"}],"replies":[{"embeddable":true,"href":"https:\/\/clearingourpath.ca\/index.php\/wp-json\/wp\/v2\/comments?post=1216"}],"version-history":[{"count":1,"href":"https:\/\/clearingourpath.ca\/index.php\/wp-json\/wp\/v2\/pages\/1216\/revisions"}],"predecessor-version":[{"id":1217,"href":"https:\/\/clearingourpath.ca\/index.php\/wp-json\/wp\/v2\/pages\/1216\/revisions\/1217"}],"up":[{"embeddable":true,"href":"https:\/\/clearingourpath.ca\/index.php\/wp-json\/wp\/v2\/pages\/1211"}],"wp:attachment":[{"href":"https:\/\/clearingourpath.ca\/index.php\/wp-json\/wp\/v2\/media?parent=1216"}],"curies":[{"name":"wp","href":"https:\/\/api.w.org\/{rel}","templated":true}]}}