{"id":1224,"date":"2022-10-25T16:03:57","date_gmt":"2022-10-25T16:03:57","guid":{"rendered":"https:\/\/clearingourpath.ca\/?page_id=1224"},"modified":"2022-10-25T16:03:57","modified_gmt":"2022-10-25T16:03:57","slug":"cuisines","status":"publish","type":"page","link":"https:\/\/clearingourpath.ca\/index.php\/language\/fr\/exigences-generales-de-design\/elements-de-design-interieur\/espaces-interieurs-particuliers\/cuisines\/","title":{"rendered":"Cuisines"},"content":{"rendered":"<figure id=\"attachment_358\" aria-describedby=\"caption-attachment-358\" style=\"width: 511px\" class=\"wp-caption alignright\"><img loading=\"lazy\" decoding=\"async\" class=\"wp-image-358 \" src=\"https:\/\/clearingourpath.ca\/wp-content\/uploads\/2022\/08\/fig5-12-1.jpg\" alt=\"Exemple de bon contraste de couleur dans une cuisine.\" width=\"511\" height=\"240\" srcset=\"https:\/\/clearingourpath.ca\/wp-content\/uploads\/2022\/08\/fig5-12-1.jpg 814w, https:\/\/clearingourpath.ca\/wp-content\/uploads\/2022\/08\/fig5-12-1-300x141.jpg 300w, https:\/\/clearingourpath.ca\/wp-content\/uploads\/2022\/08\/fig5-12-1-768x360.jpg 768w\" sizes=\"auto, (max-width: 511px) 100vw, 511px\" \/><figcaption id=\"caption-attachment-358\" class=\"wp-caption-text\">Exemple de bon contraste de couleur dans une cuisine.<\/figcaption><\/figure>\n<p>Les cuisines et les coins-caf\u00e9 doivent \u00eatre rendus accessibles aux personnes touch\u00e9es par la c\u00e9cit\u00e9. L\u2019utilisation d\u2019un contraste de couleur peut aider les personnes ayant une vision partielle \u00e0 rep\u00e9rer les surfaces, les commandes et les appareils \u00e9lectrom\u00e9nagers.<\/p>\n<p>Un plan de travail fonc\u00e9 est utile lorsque les utilisateurs de la cuisine y recherchent des objets de couleur p\u00e2le, comme des assiettes blanches. Un plan de travail fonc\u00e9 doit s\u2019accompagner d\u2019un dosseret de couleur p\u00e2le et d\u2019armoires fonc\u00e9es avec poign\u00e9es de tiroirs et de portes d\u2019une couleur p\u00e2le.<\/p>\n<p>De m\u00eame, un plan de travail p\u00e2le aide les utilisateurs \u00e0 rep\u00e9rer des objets fonc\u00e9s, comme des assiettes fonc\u00e9es. Dans ce cas, la combinaison doit \u00eatre un dosseret fonc\u00e9 et des armoires p\u00e2les avec poign\u00e9es de tiroirs et de portes d\u2019une couleur fonc\u00e9e.<\/p>\n<p>Les interrupteurs et les prises de courant murales doivent aussi \u00eatre de couleur contrastante par rapport \u00e0 la surface \u00e0 laquelle ils sont fix\u00e9s.<\/p>\n","protected":false},"excerpt":{"rendered":"<p>Les cuisines et les coins-caf\u00e9 doivent \u00eatre rendus accessibles aux personnes touch\u00e9es par la c\u00e9cit\u00e9. L\u2019utilisation d\u2019un contraste de couleur peut aider les personnes ayant une vision partielle \u00e0 rep\u00e9rer les surfaces, les commandes et les appareils \u00e9lectrom\u00e9nagers. Un plan de travail fonc\u00e9 est utile [&hellip;]<\/p>\n","protected":false},"author":3,"featured_media":0,"parent":1211,"menu_order":2,"comment_status":"closed","ping_status":"closed","template":"","meta":{"_monsterinsights_skip_tracking":false,"_monsterinsights_sitenote_active":false,"_monsterinsights_sitenote_note":"","_monsterinsights_sitenote_category":0,"footnotes":""},"class_list":["post-1224","page","type-page","status-publish","hentry"],"_links":{"self":[{"href":"https:\/\/clearingourpath.ca\/index.php\/wp-json\/wp\/v2\/pages\/1224","targetHints":{"allow":["GET"]}}],"collection":[{"href":"https:\/\/clearingourpath.ca\/index.php\/wp-json\/wp\/v2\/pages"}],"about":[{"href":"https:\/\/clearingourpath.ca\/index.php\/wp-json\/wp\/v2\/types\/page"}],"author":[{"embeddable":true,"href":"https:\/\/clearingourpath.ca\/index.php\/wp-json\/wp\/v2\/users\/3"}],"replies":[{"embeddable":true,"href":"https:\/\/clearingourpath.ca\/index.php\/wp-json\/wp\/v2\/comments?post=1224"}],"version-history":[{"count":1,"href":"https:\/\/clearingourpath.ca\/index.php\/wp-json\/wp\/v2\/pages\/1224\/revisions"}],"predecessor-version":[{"id":1225,"href":"https:\/\/clearingourpath.ca\/index.php\/wp-json\/wp\/v2\/pages\/1224\/revisions\/1225"}],"up":[{"embeddable":true,"href":"https:\/\/clearingourpath.ca\/index.php\/wp-json\/wp\/v2\/pages\/1211"}],"wp:attachment":[{"href":"https:\/\/clearingourpath.ca\/index.php\/wp-json\/wp\/v2\/media?parent=1224"}],"curies":[{"name":"wp","href":"https:\/\/api.w.org\/{rel}","templated":true}]}}