{"id":1228,"date":"2022-10-25T16:05:21","date_gmt":"2022-10-25T16:05:21","guid":{"rendered":"https:\/\/clearingourpath.ca\/?page_id=1228"},"modified":"2022-10-25T16:05:21","modified_gmt":"2022-10-25T16:05:21","slug":"salles-de-bain-et-cabines-de-douche","status":"publish","type":"page","link":"https:\/\/clearingourpath.ca\/index.php\/language\/fr\/exigences-generales-de-design\/elements-de-design-interieur\/espaces-interieurs-particuliers\/salles-de-bain-et-cabines-de-douche\/","title":{"rendered":"Salles de bain et cabines de douche"},"content":{"rendered":"<figure id=\"attachment_359\" aria-describedby=\"caption-attachment-359\" style=\"width: 501px\" class=\"wp-caption alignright\"><img loading=\"lazy\" decoding=\"async\" class=\"wp-image-359 \" src=\"https:\/\/clearingourpath.ca\/wp-content\/uploads\/2022\/08\/fig5-12-2.jpg\" alt=\"Exemple de bon contraste de couleur dans une salle de bain.\" width=\"501\" height=\"326\" srcset=\"https:\/\/clearingourpath.ca\/wp-content\/uploads\/2022\/08\/fig5-12-2.jpg 742w, https:\/\/clearingourpath.ca\/wp-content\/uploads\/2022\/08\/fig5-12-2-300x195.jpg 300w\" sizes=\"auto, (max-width: 501px) 100vw, 501px\" \/><figcaption id=\"caption-attachment-359\" class=\"wp-caption-text\">Exemple de bon contraste de couleur dans une salle de bain.<\/figcaption><\/figure>\n<p>Dans les salles de bain et les cabines de douche, les rev\u00eatements de sol doivent \u00eatre faits d\u2019un mat\u00e9riau antid\u00e9rapant et antireflet. Les carreaux de sol, qu\u2019ils soient en c\u00e9ramique, en linol\u00e9um ou en composite de vinyle, doivent avoir un fini mat qui r\u00e9duit les \u00e9blouissements. Les tapis non fix\u00e9s doivent avoir un endos caoutchouteux pour ne pas causer de glissements. Le carrelage mural ne doit pas avoir de fini lustr\u00e9, lequel pourrait aussi produire des \u00e9blouissements.<\/p>\n<p>Un contraste de couleur et de luminosit\u00e9 doit faire ressortir les cabines de toilettes, les accessoires et les \u00e9l\u00e9ments fixes dans une salle de bain ou de douche publique. Par exemple, les appareils sanitaires doivent \u00eatre en contraste de couleur et de luminosit\u00e9 avec les murs et les planchers pour r\u00e9duire les risques qu\u2019une personne vivant avec la c\u00e9cit\u00e9 les heurte accidentellement. Les porte-papier hygi\u00e9nique, les porte-savons et les interrupteurs peuvent \u00eatre mis en \u00e9vidence par des bordures \u00e0 contraste de couleur et de luminosit\u00e9 par rapport \u00e0 la surface adjacente. D\u2019autres \u00e9l\u00e9ments essentiels comme les robinets, les barres d\u2019appui et les porte-serviettes doivent aussi avoir un contraste de couleur et de luminosit\u00e9 par rapport \u00e0 leurs surfaces de fond.<\/p>\n<p>Les accessoires de salle de bain doivent \u00eatre dispos\u00e9s de fa\u00e7on logique pr\u00e8s des lavabos, sans d\u00e9border dans les voies de d\u00e9placement. Les accessoires mont\u00e9s sur un mur doivent ressortir d\u2019au plus 100 mm de celui-ci. Les accessoires qui se posent normalement en hauteur sur un mur, tels que les crochets \u00e0 v\u00eatements, doivent \u00eatre install\u00e9s au-dessus du niveau de la t\u00eate afin de ne pas \u00eatre dangereux pour les personnes touch\u00e9es par la c\u00e9cit\u00e9.<\/p>\n<p>Si possible, les distributeurs d\u2019essuie-mains, les poubelles et les fontaines \u00e0 eau potable doivent \u00eatre en retrait dans le mur. Les distributeurs d\u2019essuie-mains \u00e0 d\u00e9tecteur de mouvement constituent un bon choix, car ils sont accessibles \u00e0 tous.<\/p>\n<p>Les luminaires cr\u00e9eront des \u00e9blouissements s\u2019ils sont appliqu\u00e9s autour d\u2019un miroir. Ils doivent plut\u00f4t \u00eatre dispos\u00e9s de mani\u00e8re \u00e0 produire une lumi\u00e8re douce et diffuse qui \u00e9claire le visage des utilisateurs.<\/p>\n<p>Les commandes de chasse d\u2019eau doivent id\u00e9alement fonctionner par activation \u00e9lectronique ou automatique. Ces commandes doivent trancher avec leur surface environnante par un contraste de couleur et de luminosit\u00e9.<\/p>\n<p>L\u2019axe central des urinoirs doit \u00eatre reconnaissable par un tuyau vertical ou par un marqueur tactile sur\u00e9lev\u00e9, directement au-dessus de l\u2019urinoir et offrir un contraste de couleur et de luminosit\u00e9 par rapport \u00e0 la surface de fond.<\/p>\n<p>Les si\u00e8ges install\u00e9s dans les cabines de douche doivent avoir un contraste de couleur et de luminosit\u00e9 par rapport \u00e0 leur milieu environnant et doivent \u00eatre d\u00e9tectables au moyen d\u2019une longue canne. Un contraste de couleur et de luminosit\u00e9 est aussi requis pour les pommes de douche.<\/p>\n<p>Les bordures peuvent faire tr\u00e9bucher n\u2019importe qui et sont \u00e0 \u00e9viter dans les cabines de douche. Si des bordures sont tout de m\u00eame install\u00e9es, un contraste de couleur et de luminosit\u00e9 doit les diff\u00e9rencier de la surface de sol adjacente pour r\u00e9duire les risques de faux pas.<\/p>\n<p>Dans les \u00e9difices o\u00f9 une assistance peut \u00eatre offerte, les cabines de toilette individuelles doivent \u00eatre dot\u00e9es d\u2019un bouton d\u2019appel de secours qui active une alarme. Ce bouton doit \u00eatre d\u2019une couleur contrastante.<\/p>\n","protected":false},"excerpt":{"rendered":"<p>Dans les salles de bain et les cabines de douche, les rev\u00eatements de sol doivent \u00eatre faits d\u2019un mat\u00e9riau antid\u00e9rapant et antireflet. Les carreaux de sol, qu\u2019ils soient en c\u00e9ramique, en linol\u00e9um ou en composite de vinyle, doivent avoir un fini mat qui r\u00e9duit les [&hellip;]<\/p>\n","protected":false},"author":3,"featured_media":0,"parent":1211,"menu_order":3,"comment_status":"closed","ping_status":"closed","template":"","meta":{"_monsterinsights_skip_tracking":false,"_monsterinsights_sitenote_active":false,"_monsterinsights_sitenote_note":"","_monsterinsights_sitenote_category":0,"footnotes":""},"class_list":["post-1228","page","type-page","status-publish","hentry"],"_links":{"self":[{"href":"https:\/\/clearingourpath.ca\/index.php\/wp-json\/wp\/v2\/pages\/1228","targetHints":{"allow":["GET"]}}],"collection":[{"href":"https:\/\/clearingourpath.ca\/index.php\/wp-json\/wp\/v2\/pages"}],"about":[{"href":"https:\/\/clearingourpath.ca\/index.php\/wp-json\/wp\/v2\/types\/page"}],"author":[{"embeddable":true,"href":"https:\/\/clearingourpath.ca\/index.php\/wp-json\/wp\/v2\/users\/3"}],"replies":[{"embeddable":true,"href":"https:\/\/clearingourpath.ca\/index.php\/wp-json\/wp\/v2\/comments?post=1228"}],"version-history":[{"count":1,"href":"https:\/\/clearingourpath.ca\/index.php\/wp-json\/wp\/v2\/pages\/1228\/revisions"}],"predecessor-version":[{"id":1229,"href":"https:\/\/clearingourpath.ca\/index.php\/wp-json\/wp\/v2\/pages\/1228\/revisions\/1229"}],"up":[{"embeddable":true,"href":"https:\/\/clearingourpath.ca\/index.php\/wp-json\/wp\/v2\/pages\/1211"}],"wp:attachment":[{"href":"https:\/\/clearingourpath.ca\/index.php\/wp-json\/wp\/v2\/media?parent=1228"}],"curies":[{"name":"wp","href":"https:\/\/api.w.org\/{rel}","templated":true}]}}