{"id":1232,"date":"2022-10-25T16:06:36","date_gmt":"2022-10-25T16:06:36","guid":{"rendered":"https:\/\/clearingourpath.ca\/?page_id=1232"},"modified":"2022-10-25T16:06:36","modified_gmt":"2022-10-25T16:06:36","slug":"vestiaires","status":"publish","type":"page","link":"https:\/\/clearingourpath.ca\/index.php\/language\/fr\/exigences-generales-de-design\/elements-de-design-interieur\/espaces-interieurs-particuliers\/vestiaires\/","title":{"rendered":"Vestiaires"},"content":{"rendered":"<p>Le plan d\u2019un vestiaire doit \u00eatre logique et simple afin de pouvoir \u00eatre m\u00e9moris\u00e9 ais\u00e9ment. Le rev\u00eatement doit avoir un fini antid\u00e9rapant qui r\u00e9duit au minimum le danger caus\u00e9 par les flaques d\u2019eau au sortir d\u2019une douche ou d\u2019une piscine. Les traces d\u2019eau sur le plancher se voient mieux sur un rev\u00eatement de sol antireflet.<\/p>\n<p>Partout dans un vestiaire, une voie de d\u00e9placement doit \u00eatre d\u00e9gag\u00e9e sur une largeur de 1200\u00a0mm, mesur\u00e9e entre tous les \u00e9l\u00e9ments fixes, murs et meubles \u00e0 leur \u00e9tendue maximale de fonctionnement (p. ex., entre la porte d\u2019un casier ouverte \u00e0 90\u00a0degr\u00e9s et le bord pro\u00e9minent d\u2019un banc). Un espace de 920\u00a0\u00d7\u00a01200\u00a0mm doit \u00eatre laiss\u00e9 au bout des bancs pour les chiens-guides. Une signalisation doit indiquer que l\u2019espace est r\u00e9serv\u00e9 \u00e0 cette fin.<\/p>\n<p>Les <a href=\"https:\/\/clearingourpath.ca\/index.php\/fr\/exigences-generales-de-design\/principes-de-base-du-design\/contraste-de-couleur-et-de-luminosite\/\">principes de contraste de couleur et de luminosit\u00e9<\/a> d\u00e9crits dans ce site Web doivent \u00eatre appliqu\u00e9s \u00e0 l\u2019ensemble du mobilier, des \u00e9l\u00e9ments fixes et de l\u2019\u00e9quipement.<\/p>\n<p>Une signalisation appropri\u00e9e est requise pr\u00e8s de toutes les entr\u00e9es de piscines, d\u2019installations sportives, de saunas et d\u2019aires de douches. Pour de plus amples renseignements, consultez la section <a href=\"https:\/\/clearingourpath.ca\/index.php\/fr\/exigences-generales-de-design\/elements-de-design-communs\/signalisation\/\">Signalisation<\/a>.<\/p>\n","protected":false},"excerpt":{"rendered":"<p>Le plan d\u2019un vestiaire doit \u00eatre logique et simple afin de pouvoir \u00eatre m\u00e9moris\u00e9 ais\u00e9ment. Le rev\u00eatement doit avoir un fini antid\u00e9rapant qui r\u00e9duit au minimum le danger caus\u00e9 par les flaques d\u2019eau au sortir d\u2019une douche ou d\u2019une piscine. Les traces d\u2019eau sur le [&hellip;]<\/p>\n","protected":false},"author":3,"featured_media":0,"parent":1211,"menu_order":4,"comment_status":"closed","ping_status":"closed","template":"","meta":{"_monsterinsights_skip_tracking":false,"_monsterinsights_sitenote_active":false,"_monsterinsights_sitenote_note":"","_monsterinsights_sitenote_category":0,"footnotes":""},"class_list":["post-1232","page","type-page","status-publish","hentry"],"_links":{"self":[{"href":"https:\/\/clearingourpath.ca\/index.php\/wp-json\/wp\/v2\/pages\/1232","targetHints":{"allow":["GET"]}}],"collection":[{"href":"https:\/\/clearingourpath.ca\/index.php\/wp-json\/wp\/v2\/pages"}],"about":[{"href":"https:\/\/clearingourpath.ca\/index.php\/wp-json\/wp\/v2\/types\/page"}],"author":[{"embeddable":true,"href":"https:\/\/clearingourpath.ca\/index.php\/wp-json\/wp\/v2\/users\/3"}],"replies":[{"embeddable":true,"href":"https:\/\/clearingourpath.ca\/index.php\/wp-json\/wp\/v2\/comments?post=1232"}],"version-history":[{"count":1,"href":"https:\/\/clearingourpath.ca\/index.php\/wp-json\/wp\/v2\/pages\/1232\/revisions"}],"predecessor-version":[{"id":1233,"href":"https:\/\/clearingourpath.ca\/index.php\/wp-json\/wp\/v2\/pages\/1232\/revisions\/1233"}],"up":[{"embeddable":true,"href":"https:\/\/clearingourpath.ca\/index.php\/wp-json\/wp\/v2\/pages\/1211"}],"wp:attachment":[{"href":"https:\/\/clearingourpath.ca\/index.php\/wp-json\/wp\/v2\/media?parent=1232"}],"curies":[{"name":"wp","href":"https:\/\/api.w.org\/{rel}","templated":true}]}}