{"id":1263,"date":"2022-11-01T13:09:53","date_gmt":"2022-11-01T13:09:53","guid":{"rendered":"https:\/\/clearingourpath.ca\/?page_id=1263"},"modified":"2022-11-01T13:09:53","modified_gmt":"2022-11-01T13:09:53","slug":"portes-de-sortie-et-quincaillerie","status":"publish","type":"page","link":"https:\/\/clearingourpath.ca\/index.php\/language\/fr\/situations-durgence-et-securite\/sorties-de-secours\/portes-de-sortie-et-quincaillerie\/","title":{"rendered":"Portes de sortie et quincaillerie"},"content":{"rendered":"<p>\u00c0 chaque \u00e9tage, les portes de sortie doivent \u00eatre clairement indiqu\u00e9es par une signalisation appropri\u00e9e. Les portes doivent ouvrir dans le sens de la sortie pour ne pas heurter une personne vivant avec la c\u00e9cit\u00e9. Comme toutes les portes dans un espace public, les portes de secours ne doivent jamais, en basculant, s\u2019ouvrir dans une voie de d\u00e9placement.<\/p>\n<p>La quincaillerie doit \u00eatre install\u00e9e entre 800\u00a0mm et 1100\u00a0mm de distance du plancher fini.<\/p>\n<p>Les seuils des portes de sortie doivent \u00eatre conformes aux exigences \u00e9nonc\u00e9es \u00e0 la section <a href=\"https:\/\/clearingourpath.ca\/index.php\/fr\/exigences-generales-de-design\/elements-de-design-exterieur\/portes-exterieures\/\">Portes ext\u00e9rieures<\/a>. Ils doivent pr\u00e9senter un contraste de couleur et de luminosit\u00e9 par rapport \u00e0 leur environnement. Il faut si possible utiliser des indicateurs tactiles au sol ou des rev\u00eatements de plancher textur\u00e9s afin que les sorties de secours soient facilement rep\u00e9rables.<\/p>\n<p>Les ferme-porte doivent \u00eatre r\u00e9gl\u00e9s de mani\u00e8re \u00e0 ce qu\u2019une porte ouverte \u00e0 90\u00a0degr\u00e9s prenne au moins 5\u00a0secondes pour revenir \u00e0 une position partiellement ferm\u00e9e d\u2019environ 12\u00a0degr\u00e9s. Le but est d\u2019accommoder les personnes qui marchent plus lentement.<\/p>\n<p>La largeur libre des portes de sortie ne doit pas \u00eatre inf\u00e9rieure \u00e0 920\u00a0mm. Les doubles portes servant d\u2019issue de secours ne doivent pas \u00eatre munies de montants centraux, sauf si ceux-ci sont requis par les codes du b\u00e2timent pour cr\u00e9er et maintenir des rideaux antifum\u00e9e et antiflammes dans un immeuble.<\/p>\n<p>On trouvera d\u2019autres renseignements sur les exigences relatives aux portes \u00e0 la section <a href=\"https:\/\/clearingourpath.ca\/index.php\/fr\/exigences-generales-de-design\/elements-de-design-exterieur\/portes-exterieures\/\">Portes ext\u00e9rieures<\/a>.<\/p>\n","protected":false},"excerpt":{"rendered":"<p>\u00c0 chaque \u00e9tage, les portes de sortie doivent \u00eatre clairement indiqu\u00e9es par une signalisation appropri\u00e9e. Les portes doivent ouvrir dans le sens de la sortie pour ne pas heurter une personne vivant avec la c\u00e9cit\u00e9. Comme toutes les portes dans un espace public, les portes [&hellip;]<\/p>\n","protected":false},"author":3,"featured_media":0,"parent":1255,"menu_order":1,"comment_status":"closed","ping_status":"closed","template":"","meta":{"_monsterinsights_skip_tracking":false,"_monsterinsights_sitenote_active":false,"_monsterinsights_sitenote_note":"","_monsterinsights_sitenote_category":0,"footnotes":""},"class_list":["post-1263","page","type-page","status-publish","hentry"],"_links":{"self":[{"href":"https:\/\/clearingourpath.ca\/index.php\/wp-json\/wp\/v2\/pages\/1263","targetHints":{"allow":["GET"]}}],"collection":[{"href":"https:\/\/clearingourpath.ca\/index.php\/wp-json\/wp\/v2\/pages"}],"about":[{"href":"https:\/\/clearingourpath.ca\/index.php\/wp-json\/wp\/v2\/types\/page"}],"author":[{"embeddable":true,"href":"https:\/\/clearingourpath.ca\/index.php\/wp-json\/wp\/v2\/users\/3"}],"replies":[{"embeddable":true,"href":"https:\/\/clearingourpath.ca\/index.php\/wp-json\/wp\/v2\/comments?post=1263"}],"version-history":[{"count":1,"href":"https:\/\/clearingourpath.ca\/index.php\/wp-json\/wp\/v2\/pages\/1263\/revisions"}],"predecessor-version":[{"id":1264,"href":"https:\/\/clearingourpath.ca\/index.php\/wp-json\/wp\/v2\/pages\/1263\/revisions\/1264"}],"up":[{"embeddable":true,"href":"https:\/\/clearingourpath.ca\/index.php\/wp-json\/wp\/v2\/pages\/1255"}],"wp:attachment":[{"href":"https:\/\/clearingourpath.ca\/index.php\/wp-json\/wp\/v2\/media?parent=1263"}],"curies":[{"name":"wp","href":"https:\/\/api.w.org\/{rel}","templated":true}]}}