{"id":1271,"date":"2022-11-01T13:11:55","date_gmt":"2022-11-01T13:11:55","guid":{"rendered":"https:\/\/clearingourpath.ca\/?page_id=1271"},"modified":"2022-11-01T13:11:55","modified_gmt":"2022-11-01T13:11:55","slug":"itineraires-exterieurs","status":"publish","type":"page","link":"https:\/\/clearingourpath.ca\/index.php\/language\/fr\/situations-durgence-et-securite\/sorties-de-secours\/itineraires-exterieurs\/","title":{"rendered":"Itin\u00e9raires ext\u00e9rieurs"},"content":{"rendered":"<p>L\u2019itin\u00e9raire \u00e0 la sortie d\u2019un immeuble doit \u00eatre une voie de d\u00e9placement accessible d\u2019au moins 1200 mm de large. Les voies de sortie doivent \u00eatre configur\u00e9es de fa\u00e7on que tous puissent \u00e9vacuer l\u2019immeuble rapidement et en toute s\u00e9curit\u00e9. Les personnes ne doivent pas \u00eatre oblig\u00e9es de passer pr\u00e8s des fen\u00eatres ni de longer le p\u00e9rim\u00e8tre imm\u00e9diat de l\u2019immeuble. Lorsque l\u2019itin\u00e9raire de sortie traverse des espaces paysagers, les voies pi\u00e9tonni\u00e8res doivent \u00eatre fermes et comporter des pentes conformes aux exigences en mati\u00e8re de voies accessibles. Cet itin\u00e9raire doit toujours \u00eatre libre de tout obstacle, comme l\u2019accumulation de neige et la v\u00e9g\u00e9tation.<\/p>\n<p>Les itin\u00e9raires ext\u00e9rieurs doivent avoir des surfaces de marche \u00e0 \u00e9l\u00e9ments tactiles et \u00e0 couleurs contrast\u00e9es qui en facilitent le rep\u00e9rage. Les itin\u00e9raires ext\u00e9rieurs \u00e0 utiliser en cas d\u2019urgence doivent \u00eatre clairement indiqu\u00e9s dans le plan de s\u00e9curit\u00e9 des personnes et \u00eatre bien connus par tous les occupants de l\u2019immeuble, en particulier ceux vivant avec la c\u00e9cit\u00e9.<\/p>\n","protected":false},"excerpt":{"rendered":"<p>L\u2019itin\u00e9raire \u00e0 la sortie d\u2019un immeuble doit \u00eatre une voie de d\u00e9placement accessible d\u2019au moins 1200 mm de large. Les voies de sortie doivent \u00eatre configur\u00e9es de fa\u00e7on que tous puissent \u00e9vacuer l\u2019immeuble rapidement et en toute s\u00e9curit\u00e9. Les personnes ne doivent pas \u00eatre oblig\u00e9es [&hellip;]<\/p>\n","protected":false},"author":3,"featured_media":0,"parent":1255,"menu_order":3,"comment_status":"closed","ping_status":"closed","template":"","meta":{"_monsterinsights_skip_tracking":false,"_monsterinsights_sitenote_active":false,"_monsterinsights_sitenote_note":"","_monsterinsights_sitenote_category":0,"footnotes":""},"class_list":["post-1271","page","type-page","status-publish","hentry"],"_links":{"self":[{"href":"https:\/\/clearingourpath.ca\/index.php\/wp-json\/wp\/v2\/pages\/1271","targetHints":{"allow":["GET"]}}],"collection":[{"href":"https:\/\/clearingourpath.ca\/index.php\/wp-json\/wp\/v2\/pages"}],"about":[{"href":"https:\/\/clearingourpath.ca\/index.php\/wp-json\/wp\/v2\/types\/page"}],"author":[{"embeddable":true,"href":"https:\/\/clearingourpath.ca\/index.php\/wp-json\/wp\/v2\/users\/3"}],"replies":[{"embeddable":true,"href":"https:\/\/clearingourpath.ca\/index.php\/wp-json\/wp\/v2\/comments?post=1271"}],"version-history":[{"count":1,"href":"https:\/\/clearingourpath.ca\/index.php\/wp-json\/wp\/v2\/pages\/1271\/revisions"}],"predecessor-version":[{"id":1272,"href":"https:\/\/clearingourpath.ca\/index.php\/wp-json\/wp\/v2\/pages\/1271\/revisions\/1272"}],"up":[{"embeddable":true,"href":"https:\/\/clearingourpath.ca\/index.php\/wp-json\/wp\/v2\/pages\/1255"}],"wp:attachment":[{"href":"https:\/\/clearingourpath.ca\/index.php\/wp-json\/wp\/v2\/media?parent=1271"}],"curies":[{"name":"wp","href":"https:\/\/api.w.org\/{rel}","templated":true}]}}