{"id":1304,"date":"2022-11-01T13:29:22","date_gmt":"2022-11-01T13:29:22","guid":{"rendered":"https:\/\/clearingourpath.ca\/?page_id=1304"},"modified":"2023-08-29T11:20:59","modified_gmt":"2023-08-29T14:20:59","slug":"glossaire","status":"publish","type":"page","link":"https:\/\/clearingourpath.ca\/index.php\/language\/fr\/ressources\/glossaire\/","title":{"rendered":"Glossaire"},"content":{"rendered":"<dl>\n<dt>aide \u00e9lectronique au d\u00e9placement :<\/dt>\n<dd>Dispositif de mobilit\u00e9 qui \u00e9met des ondes d\u2019\u00e9nergie et facilite la d\u00e9tection de ce qui est \u00e0 une certaine distance dans l\u2019environnement. L\u2019aide \u00e9lectronique au d\u00e9placement traite les signaux r\u00e9fl\u00e9chis et transmet l\u2019information \u00e0 l\u2019utilisateur, habituellement sous forme de vibrations, de sons ou de messages vocaux. Le fonctionnement des aides \u00e9lectroniques au d\u00e9placement repose sur des ondes laser ou sonar et, aujourd\u2019hui, \u00e9galement sur la technologie GPS (syst\u00e8me mondial de localisation).<\/dd>\n<dt>basse vision :<\/dt>\n<dd>Perte de vision qui ne peut \u00eatre corrig\u00e9e par des lunettes, lentilles corn\u00e9ennes, m\u00e9dicaments ou interventions chirurgicales standard.<\/dd>\n<dt>carte tactile :<\/dt>\n<dd>Carte form\u00e9e de lignes et de caract\u00e8res sur\u00e9lev\u00e9s (tactiles). Dans un immeuble, des cartes tactiles peuvent servir \u00e0 illustrer les plans d\u2019\u00e9tage et les plans en coupe transversale de l\u2019immeuble, et \u00e0 indiquer les principales voies de d\u00e9placement et les services \u00e0 chaque \u00e9tage. Les cartes tactiles pourraient \u00eatre petites et portables (distribu\u00e9es aux utilisateurs) ou \u00eatre affich\u00e9es sous forme de signalisation directionnelle dans un immeuble.<\/dd>\n<dt>cataracte :<\/dt>\n<dd>Opacification du cristallin.<\/dd>\n<dt>c\u00e9cit\u00e9 l\u00e9gale :<\/dt>\n<dd>Au Canada, o\u00f9 la vision dite normale est de 20\/20, la c\u00e9cit\u00e9 l\u00e9gale (ou c\u00e9cit\u00e9 au sens de la loi) est d\u00e9finie comme une acuit\u00e9 visuelle (avec la meilleure correction dans l\u2019\u0153il le plus fort) de 20\/200 ou moins, ou comme une \u00e9tendue de champ visuel inf\u00e9rieure \u00e0 20 degr\u00e9s de diam\u00e8tre.<\/dd>\n<dt>champ visuel :<\/dt>\n<dd>Zone compl\u00e8te de vision qui comprend ce qui est vu au-dessus, au-dessous, sur les c\u00f4t\u00e9s et au centre. Il existe un champ visuel central (directement devant) et un champ visuel p\u00e9riph\u00e9rique (dans la vision \u00ab lat\u00e9rale \u00bb).<\/dd>\n<dt>contraste de couleur :<\/dt>\n<dd>Degr\u00e9 de diff\u00e9rence entre une couleur et une autre sur la roue des couleurs. Plus les couleurs sont visuellement diff\u00e9rentes, plus le contraste est grand.<\/dd>\n<dt>contraste de luminosit\u00e9 :<\/dt>\n<dd>Diff\u00e9rence de luminosit\u00e9 entre deux objets ou deux surfaces. Plus les degr\u00e9s de luminosit\u00e9 sont diff\u00e9rents, plus le contraste est grand. Le contraste de luminosit\u00e9 est aussi appel\u00e9 contraste de brillance.<\/dd>\n<dt>contremarche :<\/dt>\n<dd>Face verticale d\u2019une marche d\u2019escalier.<\/dd>\n<dt>d\u00e9g\u00e9n\u00e9rescence maculaire li\u00e9e \u00e0 l\u2019\u00e2ge (DMLA) :<\/dt>\n<dd>Maladie oculaire d\u00e9g\u00e9n\u00e9rative qui entra\u00eene la c\u00e9cit\u00e9 centrale. La DMLA est la premi\u00e8re cause de perte de vision au Canada.<\/dd>\n<dt>design accessible :<\/dt>\n<dd>Design qui offre un degr\u00e9 d\u2019acc\u00e8s pour les personnes atteintes d\u2019un handicap. Le design accessible est une solution stigmatis\u00e9e, car les mesures adapt\u00e9es s\u00e9parent souvent ces personnes de la population g\u00e9n\u00e9rale. Le design universel est pr\u00e9f\u00e9rable au design accessible. Le design accessible est aussi appel\u00e9 conception accessible et design ou conception sans obstacle.<\/dd>\n<dt>design facilitant le rep\u00e9rage du chemin d\u2019acc\u00e8s :<\/dt>\n<dd>Organisation de l\u2019environnement b\u00e2ti de mani\u00e8re \u00e0 ce que celui-ci fournisse de l\u2019information utile pour le rep\u00e9rage du chemin d\u2019acc\u00e8s. Dans les environnements o\u00f9 les principes de design universel sont int\u00e9gr\u00e9s au design facilitant le rep\u00e9rage du chemin d\u2019acc\u00e8s, tous les sens humains et tous les modes de d\u00e9placement sont pris en compte.<\/dd>\n<dt>design universel :<\/dt>\n<dd>Conception d\u2019espaces et de b\u00e2timents utilisables par tous, bas\u00e9e sur sept principes.<\/p>\n<ul>\n<li>Utilisation \u00e9quitable : Le design est utile et commercialisable pour des personnes ayant diff\u00e9rents handicaps.<\/li>\n<li>Souplesse d\u2019utilisation : Le design convient \u00e0 un large \u00e9ventail de pr\u00e9f\u00e9rences et de capacit\u00e9s individuelles.<\/li>\n<li>Utilisation simple et intuitive : L\u2019utilisation du design est facile \u00e0 comprendre, quels que soient l\u2019exp\u00e9rience, les connaissances, les comp\u00e9tences linguistiques ou le degr\u00e9 de concentration courant de l\u2019utilisateur.<\/li>\n<li>Information perceptible : Le design transmet efficacement les renseignements n\u00e9cessaires \u00e0 l\u2019utilisateur, quelles que soient les conditions ambiantes ou les capacit\u00e9s sensorielles de l\u2019utilisateur.<\/li>\n<li>Tol\u00e9rance pour l\u2019erreur : Le design r\u00e9duit au minimum les dangers et les cons\u00e9quences f\u00e2cheuses d\u2019actions accidentelles ou non intentionnelles.<\/li>\n<li>Faible effort physique : Le design peut \u00eatre utilis\u00e9 efficacement et ais\u00e9ment avec un minimum de fatigue.<\/li>\n<li>Dimensions et espaces pour l\u2019approche et l\u2019utilisation : Des dimensions et un espace appropri\u00e9s sont fournis pour l\u2019approche, l\u2019atteinte, la manipulation et l\u2019utilisation, sans \u00e9gard \u00e0 la position du corps, \u00e0 la taille, \u00e0 la posture ou \u00e0 la mobilit\u00e9 de l\u2019utilisateur.<\/li>\n<\/ul>\n<p>(Source : Universit\u00e9 de l\u2019\u00c9tat de la Caroline du Nord, <span lang=\"en\">The Centre for Universal Design<\/span>)<\/dd>\n<dt>d\u00e9tectable avec une canne :<\/dt>\n<dd>Se dit d\u2019un objet qui est en saillie de plus de 100 mm par rapport \u00e0 un mur ou \u00e0 un support autoportant et qui est situ\u00e9 \u00e0 une hauteur de 680 mm ou moins au-dessus de la surface de marche. Un objet faisant saillie \u00e0 une hauteur sup\u00e9rieure \u00e0 680 mm et inf\u00e9rieure \u00e0 2030 mm peut \u00eatre rendu d\u00e9tectable par une canne si un garde-corps, un bac \u00e0 fleurs ou un autre obstacle d\u00e9tectable par une canne est plac\u00e9 \u00e0 une hauteur de 680 mm ou moins de la surface de marche.<\/dd>\n<dt>\u00e9blouissement sonore :<\/dt>\n<dd>Niveaux trop \u00e9lev\u00e9s de son ambiant et r\u00e9fl\u00e9chi qui interf\u00e8rent avec le processus de localisation d\u2019un rep\u00e8re sonore. L\u2019\u00e9blouissement sonore est une source de confusion et de fatigue pour une personne qui \u00e9coute. Il est aussi appel\u00e9 masquage ou r\u00e9verb\u00e9ration sonore ou acoustique.<\/dd>\n<dt>\u00e9cholocalisation :<\/dt>\n<dd>Processus par lequel une personne vivant avec la c\u00e9cit\u00e9 produit ou utilise un bruit et \u00e9coute le son r\u00e9fl\u00e9chi pour obtenir de l\u2019information sur l\u2019environnement b\u00e2ti. Les sons r\u00e9fl\u00e9chis par un tapotement de canne blanche ou un claquement de doigts peuvent aider cette personne \u00e0 \u00e9valuer les dimensions d\u2019une pi\u00e8ce et \u00e0 d\u00e9tecter la pr\u00e9sence de corridors ou la proximit\u00e9 d\u2019obstacles structuraux, par exemple.<\/dd>\n<dt>fen\u00eatre lat\u00e9rale :<\/dt>\n<dd>Panneau de verre encadr\u00e9 qui ne s\u2019ouvre pas et qui est plac\u00e9 juste \u00e0 c\u00f4t\u00e9 d\u2019une porte.<\/dd>\n<dt>giron :<\/dt>\n<dd>Face horizontale d\u2019une marche d\u2019escalier.<\/dd>\n<dt>glaucome :<\/dt>\n<dd>Groupe de maladies oculaires associ\u00e9es \u00e0 des l\u00e9sions au nerf optique.<\/dd>\n<dt>indicateur tactile d\u2019\u00e9veil de la vigilance sur une surface de marche :<\/dt>\n<dd>Indicateur tactile de surface de marche qui attire l\u2019attention sur les principaux dangers tels que le d\u00e9but d\u2019un escalier ou le bord d\u2019un quai dans une station de m\u00e9tro. Il est aussi appel\u00e9 indicateur d\u2019avertissement ou surface d\u2019avertissement.<\/dd>\n<dt>indicateur tactile de guidage sur une surface de marche :<\/dt>\n<dd>Indicateur tactile de surface de marche qui fournit de l\u2019information sur le sens de d\u00e9placement dans des espaces ouverts. Il est con\u00e7u pour guider une personne sur une voie de d\u00e9placement d\u00e9sign\u00e9e. Il est aussi appel\u00e9 bande de rep\u00e9rage du chemin d\u2019acc\u00e8s.<\/dd>\n<dt>indicateur tactile de surface de marche :<\/dt>\n<dd>Surface de marche normalis\u00e9e qui transmet aux personnes touch\u00e9es par la c\u00e9cit\u00e9 de l\u2019information sous forme de texture et, parfois, de son.<\/dd>\n<dt>longue canne blanche :<\/dt>\n<dd>Type de canne blanche le plus souvent utilis\u00e9 pour la mobilit\u00e9 par les personnes touch\u00e9es par la c\u00e9cit\u00e9. La longue canne blanche facilite la d\u00e9tection des objets et la perception de la profondeur, et informe \u00e0 l\u2019avance des changements de pente ou de niveau et des obstacles ou dangers \u00e0 venir sur la voie de d\u00e9placement. En g\u00e9n\u00e9ral, la longue canne blanche est utilis\u00e9e pour effectuer un mouvement de balayage ou de tapotement de part et d\u2019autre de la voie de d\u00e9placement.<\/dd>\n<dt>main courante :<\/dt>\n<dd>Garde-corps ou rampe qu\u2019une personne utilise comme appui ou comme moyen de s\u2019orienter dans l\u2019environnement b\u00e2ti. Les escaliers, les rampes d\u2019acc\u00e8s, les escaliers et trottoirs m\u00e9caniques de m\u00eame que les ascenseurs sont g\u00e9n\u00e9ralement dot\u00e9s de mains courantes.<\/dd>\n<dt>mobilit\u00e9 :<\/dt>\n<dd>Capacit\u00e9 de se d\u00e9placer ou de se rendre d\u2019un point \u00e0 un autre dans un espace.<\/dd>\n<dt>nez de marche :<\/dt>\n<dd>Bord qui d\u00e9passe horizontalement d\u2019une marche d\u2019escalier, et qui peut aussi comprendre les bandes ou marques de s\u00e9curit\u00e9 appliqu\u00e9es sur cette surface.<\/dd>\n<dt>ombre acoustique :<\/dt>\n<dd>Blocage ou distorsion de sons utiles par un objet solide plac\u00e9 entre une source de son et une personne qui \u00e9coute. Dans certains cas, les ombres sonores peuvent d\u00e9sorienter une personne qui se d\u00e9place en se fiant \u00e0 des rep\u00e8res auditifs pr\u00e9cis; dans d\u2019autres cas, les ombres sonores peuvent \u00eatre b\u00e9n\u00e9fiques et faciliter l\u2019orientation.<\/dd>\n<dt>orientation :<\/dt>\n<dd>Processus par lequel des personnes touch\u00e9es par la c\u00e9cit\u00e9 d\u00e9terminent o\u00f9 elles sont dans un espace \u00e0 tout moment.<\/dd>\n<dt>perte de vision :<\/dt>\n<dd>Terme qui englobe la perte de vision totale ou partielle et la surdic\u00e9cit\u00e9.<\/dd>\n<dt>rampe de transition entre le trottoir et la rue :<\/dt>\n<dd>Bordure \u00e0 rampe d\u2019acc\u00e8s int\u00e9gr\u00e9e qui cr\u00e9e une descente graduelle vers une surface de rue. Une telle rampe est parfois totalement exempte de l\u00e8vre (en d\u2019autres termes, assure une transition enti\u00e8rement homog\u00e8ne entre la bordure de trottoir et la rue) pour les personnes en fauteuil roulant.<\/dd>\n<dt>rep\u00e9rage du chemin d\u2019acc\u00e8s :<\/dt>\n<dd>Processus d\u2019utilisation des renseignements cognitifs et perceptuels pour aller d\u2019une destination \u00e0 une autre.<\/dd>\n<dt>signalisation pi\u00e9tonni\u00e8re accessible ou signaux pi\u00e9tonniers accessibles (SPA) :<\/dt>\n<dd>Dispositifs utilis\u00e9s \u00e0 des intersections et \u00e0 des traverses pi\u00e9tonni\u00e8res pour fournir aux personnes touch\u00e9es par la c\u00e9cit\u00e9 ou d\u2019audition de l\u2019information sonore, visuelle et tactile qui les aide \u00e0 traverser les rues de fa\u00e7on autonome.<\/dd>\n<dt>signalisation sonore :<\/dt>\n<dd>Signalisation qui pr\u00e9sente sous forme de synth\u00e8se vocale ou de voix pr\u00e9enregistr\u00e9es de l\u2019information qui appara\u00eet habituellement en version imprim\u00e9e sur des panneaux indicateurs.<\/dd>\n<dt>signalisation tactile :<\/dt>\n<dd>Toute forme de signalisation lisible par le toucher. Le braille, l\u2019imprim\u00e9 en relief de m\u00eame que les symboles ou pictogrammes sur\u00e9lev\u00e9s sont tous des exemples de signalisation tactile.<\/dd>\n<dt>sans-barri\u00e8re :<br \/>\nSans obstacle signifie qu&#8217;un b\u00e2timent et ses installations peuvent \u00eatre approch\u00e9s, entr\u00e9s et utilis\u00e9s par des personnes ayant un handicap physique ou sensoriel.<\/dt>\n<dt>surdic\u00e9cit\u00e9 :<\/dt>\n<dd>Perte \u00e0 la fois d\u2019audition et de vision. Parfois, les personnes sourdes et aveugles entendent et voient un peu. Certaines n\u2019entendent rien et voient un peu, ou vice versa. D\u2019autres ont une absence compl\u00e8te d\u2019ou\u00efe et de vision.<\/dd>\n<dt>technique de guide :<\/dt>\n<dd>Technique de mobilit\u00e9 qui consiste, pour une personne vivant avec la c\u00e9cit\u00e9, \u00e0 se faire accompagner d\u2019un guide qui voit pour se d\u00e9placer; une personne a g\u00e9n\u00e9ralement recours \u00e0 un guide dans des lieux bond\u00e9s ou dans des endroits qui lui sont peu familiers, ou lorsque sa perte de vision est r\u00e9cente. Selon cette technique, la personne vivant avec la c\u00e9cit\u00e9 saisit doucement le bras du guide par l\u2019arri\u00e8re, et se tient environ un demi-pas derri\u00e8re. Le guide et la personne vivant avec la c\u00e9cit\u00e9 marchent alors ais\u00e9ment en tandem.<\/dd>\n<dt>voie de d\u00e9placement :<\/dt>\n<dd>Tout espace dans un \u00e9tablissement ou une installation o\u00f9 des personnes pourraient, selon toute attente raisonnable, se d\u00e9placer d\u2019un point \u00e0 un autre. Une voie de d\u00e9placement est dite accessible si elle est con\u00e7ue pour accommoder tous les utilisateurs.<\/dd>\n<dt>vision p\u00e9riph\u00e9rique :<\/dt>\n<dd>Vision lat\u00e9rale, ou capacit\u00e9 de voir les objets et le mouvement \u00e0 l\u2019ext\u00e9rieur de la ligne directe de vision.<\/dd>\n<dt>vision r\u00e9siduelle ou r\u00e9sidu visuel :<\/dt>\n<dd>Toute vision pr\u00e9sente et utilisable chez une personne vivant avec la c\u00e9cit\u00e9. La vision r\u00e9siduelle peut comprendre la perception de la lumi\u00e8re. La plupart des personnes touch\u00e9es par la c\u00e9cit\u00e9 ont un certain degr\u00e9 de vision r\u00e9siduelle.<\/dd>\n<\/dl>\n","protected":false},"excerpt":{"rendered":"<p>aide \u00e9lectronique au d\u00e9placement : Dispositif de mobilit\u00e9 qui \u00e9met des ondes d\u2019\u00e9nergie et facilite la d\u00e9tection de ce qui est \u00e0 une certaine distance dans l\u2019environnement. L\u2019aide \u00e9lectronique au d\u00e9placement traite les signaux r\u00e9fl\u00e9chis et transmet l\u2019information \u00e0 l\u2019utilisateur, habituellement sous forme de vibrations, [&hellip;]<\/p>\n","protected":false},"author":3,"featured_media":0,"parent":1298,"menu_order":0,"comment_status":"closed","ping_status":"closed","template":"","meta":{"_monsterinsights_skip_tracking":false,"_monsterinsights_sitenote_active":false,"_monsterinsights_sitenote_note":"","_monsterinsights_sitenote_category":0,"footnotes":""},"class_list":["post-1304","page","type-page","status-publish","hentry"],"_links":{"self":[{"href":"https:\/\/clearingourpath.ca\/index.php\/wp-json\/wp\/v2\/pages\/1304","targetHints":{"allow":["GET"]}}],"collection":[{"href":"https:\/\/clearingourpath.ca\/index.php\/wp-json\/wp\/v2\/pages"}],"about":[{"href":"https:\/\/clearingourpath.ca\/index.php\/wp-json\/wp\/v2\/types\/page"}],"author":[{"embeddable":true,"href":"https:\/\/clearingourpath.ca\/index.php\/wp-json\/wp\/v2\/users\/3"}],"replies":[{"embeddable":true,"href":"https:\/\/clearingourpath.ca\/index.php\/wp-json\/wp\/v2\/comments?post=1304"}],"version-history":[{"count":4,"href":"https:\/\/clearingourpath.ca\/index.php\/wp-json\/wp\/v2\/pages\/1304\/revisions"}],"predecessor-version":[{"id":1614,"href":"https:\/\/clearingourpath.ca\/index.php\/wp-json\/wp\/v2\/pages\/1304\/revisions\/1614"}],"up":[{"embeddable":true,"href":"https:\/\/clearingourpath.ca\/index.php\/wp-json\/wp\/v2\/pages\/1298"}],"wp:attachment":[{"href":"https:\/\/clearingourpath.ca\/index.php\/wp-json\/wp\/v2\/media?parent=1304"}],"curies":[{"name":"wp","href":"https:\/\/api.w.org\/{rel}","templated":true}]}}