{"id":1377,"date":"2022-11-29T11:58:20","date_gmt":"2022-11-29T15:58:20","guid":{"rendered":"https:\/\/clearingourpath.ca\/?page_id=1377"},"modified":"2022-11-29T12:07:14","modified_gmt":"2022-11-29T16:07:14","slug":"avis-de-non-responsabilite","status":"publish","type":"page","link":"https:\/\/clearingourpath.ca\/index.php\/language\/fr\/avis-de-non-responsabilite\/","title":{"rendered":"Avis de non-responsabilit\u00e9"},"content":{"rendered":"<p>Le contenu du pr\u00e9sent site est fourni exclusivement \u00e0 titre d\u2019information et ne cherche en aucun cas \u00e0 remplacer quelque avis, diagnostic ou traitement m\u00e9dical que ce soit. Consultez toujours votre m\u00e9decin ou un professionnel de la sant\u00e9 qualifi\u00e9 si vous avez des questions au sujet d\u2019un probl\u00e8me m\u00e9dical. Tenez toujours compte de l\u2019avis des professionnels de la sant\u00e9, et ne tardez jamais \u00e0 solliciter ces personnes en raison de l\u2019information pr\u00e9sent\u00e9e dans le site Web de la Fondation INCA. Chaque situation est unique et les conseils g\u00e9n\u00e9raux publi\u00e9s ne s\u2019appliquent peut-\u00eatre pas \u00e0 vous. Si vous croyez que votre situation m\u00e9dicale est urgente, appelez votre m\u00e9decin ou composez le 911 imm\u00e9diatement.<\/p>\n<p>Les opinions exprim\u00e9es par les ressources externes li\u00e9es au pr\u00e9sent site ne repr\u00e9sentent pas n\u00e9cessairement celles d\u2019INCA.<\/p>\n","protected":false},"excerpt":{"rendered":"<p>Le contenu du pr\u00e9sent site est fourni exclusivement \u00e0 titre d\u2019information et ne cherche en aucun cas \u00e0 remplacer quelque avis, diagnostic ou traitement m\u00e9dical que ce soit. Consultez toujours votre m\u00e9decin ou un professionnel de la sant\u00e9 qualifi\u00e9 si vous avez des questions au [&hellip;]<\/p>\n","protected":false},"author":3,"featured_media":0,"parent":0,"menu_order":0,"comment_status":"closed","ping_status":"closed","template":"NoNavPage_Template.php","meta":{"_monsterinsights_skip_tracking":false,"_monsterinsights_sitenote_active":false,"_monsterinsights_sitenote_note":"","_monsterinsights_sitenote_category":0,"footnotes":""},"class_list":["post-1377","page","type-page","status-publish","hentry"],"_links":{"self":[{"href":"https:\/\/clearingourpath.ca\/index.php\/wp-json\/wp\/v2\/pages\/1377","targetHints":{"allow":["GET"]}}],"collection":[{"href":"https:\/\/clearingourpath.ca\/index.php\/wp-json\/wp\/v2\/pages"}],"about":[{"href":"https:\/\/clearingourpath.ca\/index.php\/wp-json\/wp\/v2\/types\/page"}],"author":[{"embeddable":true,"href":"https:\/\/clearingourpath.ca\/index.php\/wp-json\/wp\/v2\/users\/3"}],"replies":[{"embeddable":true,"href":"https:\/\/clearingourpath.ca\/index.php\/wp-json\/wp\/v2\/comments?post=1377"}],"version-history":[{"count":1,"href":"https:\/\/clearingourpath.ca\/index.php\/wp-json\/wp\/v2\/pages\/1377\/revisions"}],"predecessor-version":[{"id":1378,"href":"https:\/\/clearingourpath.ca\/index.php\/wp-json\/wp\/v2\/pages\/1377\/revisions\/1378"}],"wp:attachment":[{"href":"https:\/\/clearingourpath.ca\/index.php\/wp-json\/wp\/v2\/media?parent=1377"}],"curies":[{"name":"wp","href":"https:\/\/api.w.org\/{rel}","templated":true}]}}