{"id":165,"date":"2022-08-11T13:51:30","date_gmt":"2022-08-11T13:51:30","guid":{"rendered":"https:\/\/clearingourpath.ca\/?page_id=165"},"modified":"2022-08-11T13:51:30","modified_gmt":"2022-08-11T13:51:30","slug":"remerciements","status":"publish","type":"page","link":"https:\/\/clearingourpath.ca\/index.php\/language\/fr\/en-bref\/remerciements\/","title":{"rendered":"Remerciements"},"content":{"rendered":"<p>La Fondation <abbr>INCA<\/abbr> remercie chaleureusement les nombreuses personnes qui ont si g\u00e9n\u00e9reusement et si passionn\u00e9ment mis \u00c0 contribution leur temps et leurs comp\u00e9tences pour offrir conseils et aide depuis 1998, ann\u00e9e de la premi\u00e8re \u00e9dition d\u2019\u00ab\u00a0\u00c9liminons les barri\u00e8res architecturales\u00a0\u00bb. Leur conviction commune selon laquelle l\u2019accessibilit\u00e9 de l\u2019environnement b\u00e2ti pour les Canadiens vivant avec la c\u00e9cit\u00e9 est de la plus haute importance constitue le fondement de la ressource essentielle se trouvant entre vos mains.<\/p>\n<ul>\n<li>Cynthia Barty, sp\u00e9cialiste en orientation et mobilit\u00e9, <abbr>INCA<\/abbr><\/li>\n<li>Dawn Clelland, pr\u00e9sidente sortante, VIEWS for the Visually Impaired<\/li>\n<li>Jeffrey Chalmers, sp\u00e9cialiste du Code du b\u00e2timent<\/li>\n<li>Mary Jane Finlayson, ancienne associ\u00e9e, Sweeny Sterling Finlayson &amp; Co Architects Inc.)<\/li>\n<li>Mark Iantkow, directeur, Libertas Adult Education<\/li>\n<li>Chuck Letourneau, Starling Access Services<\/li>\n<li>Lesley Macdonald, ancienne sp\u00e9cialiste en orientation et mobilit\u00e9, <abbr>INCA<\/abbr><\/li>\n<li>Craig Nicol, comit\u00e9 de promotion et de d\u00e9fense des droits de Toronto d\u2019<abbr>INCA<\/abbr><\/li>\n<li>Peter Parsons, sp\u00e9cialiste en orientation et mobilit\u00e9, <abbr>INCA<\/abbr><\/li>\n<li>Rob Sleath, pr\u00e9sident, Access for Sight-Impaired Consumers<\/li>\n<li>Chris Stark, gestionnaire, Suivi, Liaison et M\u00e9diation, Direction des transports accessibles, Office des transports du Canada<\/li>\n<li>Bob Topping, DesignABLE Environments Inc.<\/li>\n<\/ul>\n<p>Nos remerciements vont \u00e9galement \u00c0\u00a0:<\/p>\n<ul>\n<li>Gary Baldey (lecteur critique)<\/li>\n<li>Morgan Ineson (bibliographie et sous-titrage des photos)<\/li>\n<li>Julia Morgan (r\u00e9dactrice en chef)<\/li>\n<li>Rick Mugford, B. Arch. (illustrations)<\/li>\n<li>Alexander Shaw (photographe)<\/li>\n<\/ul>\n<p><abbr>INCA<\/abbr> aimerait \u00e9galement profiter de l\u2019occasion pour remercier le gouvernement du Canada, dont l\u2019aide financi\u00e8re a permis la mise \u00c0 jour de l\u2019\u00e9dition de 2009 d\u2019\u00ab\u00a0\u00c9liminons les barri\u00e8res architecturales\u00a0\u00bb et la production de l\u2019ouvrage en ligne.<\/p>\n<p><img loading=\"lazy\" decoding=\"async\" class=\"size-full wp-image-19 aligncenter\" src=\"https:\/\/clearingourpath.ca\/wp-content\/uploads\/2022\/06\/WordMark_Bl_Rd_CMYK_188x60.jpg\" alt=\"Government of Canada\" width=\"188\" height=\"60\" \/><\/p>\n<p>\u00c0 noter que le contenu d\u2019\u00ab\u00a0\u00c9liminons les barri\u00e8res architecturales\u00a0\u00bb repr\u00e9sente le point de vue d\u2019<abbr>INCA<\/abbr>.<\/p>\n","protected":false},"excerpt":{"rendered":"<p>La Fondation INCA remercie chaleureusement les nombreuses personnes qui ont si g\u00e9n\u00e9reusement et si passionn\u00e9ment mis \u00c0 contribution leur temps et leurs comp\u00e9tences pour offrir conseils et aide depuis 1998, ann\u00e9e de la premi\u00e8re \u00e9dition d\u2019\u00ab\u00a0\u00c9liminons les barri\u00e8res architecturales\u00a0\u00bb. Leur conviction commune selon laquelle l\u2019accessibilit\u00e9 [&hellip;]<\/p>\n","protected":false},"author":3,"featured_media":0,"parent":151,"menu_order":0,"comment_status":"closed","ping_status":"closed","template":"","meta":{"_monsterinsights_skip_tracking":false,"_monsterinsights_sitenote_active":false,"_monsterinsights_sitenote_note":"","_monsterinsights_sitenote_category":0,"footnotes":""},"class_list":["post-165","page","type-page","status-publish","hentry"],"_links":{"self":[{"href":"https:\/\/clearingourpath.ca\/index.php\/wp-json\/wp\/v2\/pages\/165","targetHints":{"allow":["GET"]}}],"collection":[{"href":"https:\/\/clearingourpath.ca\/index.php\/wp-json\/wp\/v2\/pages"}],"about":[{"href":"https:\/\/clearingourpath.ca\/index.php\/wp-json\/wp\/v2\/types\/page"}],"author":[{"embeddable":true,"href":"https:\/\/clearingourpath.ca\/index.php\/wp-json\/wp\/v2\/users\/3"}],"replies":[{"embeddable":true,"href":"https:\/\/clearingourpath.ca\/index.php\/wp-json\/wp\/v2\/comments?post=165"}],"version-history":[{"count":1,"href":"https:\/\/clearingourpath.ca\/index.php\/wp-json\/wp\/v2\/pages\/165\/revisions"}],"predecessor-version":[{"id":166,"href":"https:\/\/clearingourpath.ca\/index.php\/wp-json\/wp\/v2\/pages\/165\/revisions\/166"}],"up":[{"embeddable":true,"href":"https:\/\/clearingourpath.ca\/index.php\/wp-json\/wp\/v2\/pages\/151"}],"wp:attachment":[{"href":"https:\/\/clearingourpath.ca\/index.php\/wp-json\/wp\/v2\/media?parent=165"}],"curies":[{"name":"wp","href":"https:\/\/api.w.org\/{rel}","templated":true}]}}