{"id":23,"date":"2022-06-14T15:21:37","date_gmt":"2022-06-14T15:21:37","guid":{"rendered":"https:\/\/clearingourpath.ca\/?page_id=23"},"modified":"2022-08-23T14:17:54","modified_gmt":"2022-08-23T14:17:54","slug":"accueil","status":"publish","type":"page","link":"https:\/\/clearingourpath.ca\/index.php\/language\/fr\/accueil\/","title":{"rendered":"Accueil"},"content":{"rendered":"<p>Vingt-deux pour cent de Canadiens (1 Canadien sur 4,5) vivent avec une incapacit\u00e9. Cela repr\u00e9sente un important segment d\u2019utilisateurs dont vous ne pouvez pas vous permettre de faire abstraction lors de la conception de votre projet de construction ou d\u2019espace public.<\/p>\n<p>C\u00e9l\u00e9brant 100 ans d&#8217;existence en 2018, la Fondation <abbr>INCA<\/abbr> est un organisme sans but lucratif r\u00e9solu \u00e0 changer ce que cela veut dire que d&#8217;\u00eatre aveugle dans la soci\u00e9t\u00e9 d&#8217;aujourd&#8217;hui. Nous mettons en \u0153uvre des programmes novateurs et des initiatives de d\u00e9fense des droits qui donnent aux personnes touch\u00e9es par la c\u00e9cit\u00e9 les moyens de r\u00e9aliser leurs r\u00eaves tout en \u00e9liminant les barri\u00e8res afin de favoriser l\u2019inclusion. Notre action est soutenue par un r\u00e9seau de b\u00e9n\u00e9voles, de donateurs et de partenaires d\u2019un oc\u00e9an \u00e0 l\u2019autre.<\/p>\n<p><abbr>INCA<\/abbr> a \u00e9labor\u00e9 la premi\u00e8re \u00e9dition imprim\u00e9e d\u2019\u00ab \u00c9liminons les barri\u00e8res architecturales \u00bb en 1998 pour r\u00e9pondre au besoin de renseignements sur la cr\u00e9ation d\u2019environnements accessibles pour les personnes vivant avec la c\u00e9cit\u00e9. Les lignes directrices recommand\u00e9es par la Fondation <abbr>INCA<\/abbr> \u00e9taient le r\u00e9sultat de 20 ann\u00e9es de savoir-faire en design universel au Canada, de m\u00eame que l\u2019aboutissement de notre long parcours, remontant \u00e0 1918, \u00e0 titre de seul organisme national offrant avec passion des services et un soutien communautaire, des renseignements et une repr\u00e9sentation nationale aux Canadiens aveugles. Depuis sa premi\u00e8re parution en 1998, \u00ab \u00c9liminons les barri\u00e8res architecturales \u00bb est devenu un outil indispensable pour les architectes, les concepteurs, les propri\u00e9taires d\u2019immeubles, les urbanistes, les organismes de normalisation et les autres parties concern\u00e9es qui cherchent \u00e0 rendre les milieux int\u00e9rieurs et ext\u00e9rieurs accessibles \u00e0 tous.<\/p>\n<p>La deuxi\u00e8me \u00e9dition du document est parue en 2009 et contient des renseignements \u00e0 jour fond\u00e9s sur de nouvelles recherches, de nouvelles normes internationales, de nouvelles technologies et les principes de design universel.<\/p>\n<p><img loading=\"lazy\" decoding=\"async\" class=\"aligncenter size-full wp-image-19\" src=\"https:\/\/clearingourpath.ca\/wp-content\/uploads\/2022\/06\/WordMark_Bl_Rd_CMYK_188x60.jpg\" alt=\"Government of Canada\" width=\"188\" height=\"60\" \/><\/p>\n<p>En 2016, gr\u00e2ce \u00e0 une subvention du gouvernement du Canada, la Fondation <abbr>INCA<\/abbr> a \u00e9t\u00e9 en mesure de mettre encore une fois ces lignes directrices \u00e0 jour, fond\u00e9es sur de nouvelles meilleures pratiques et a \u00e9galement pu offrir cette ressource en ligne dans les deux langues officielles du Canada.<\/p>\n<p>&nbsp;<\/p>\n","protected":false},"excerpt":{"rendered":"<p>Vingt-deux pour cent de Canadiens (1 Canadien sur 4,5) vivent avec une incapacit\u00e9. Cela repr\u00e9sente un important segment d\u2019utilisateurs dont vous ne pouvez pas vous permettre de faire abstraction lors de la conception de votre projet de construction ou d\u2019espace public. C\u00e9l\u00e9brant 100 ans d&#8217;existence [&hellip;]<\/p>\n","protected":false},"author":9,"featured_media":0,"parent":0,"menu_order":0,"comment_status":"closed","ping_status":"closed","template":"HomePage_Template.php","meta":{"_monsterinsights_skip_tracking":false,"_monsterinsights_sitenote_active":false,"_monsterinsights_sitenote_note":"","_monsterinsights_sitenote_category":0,"footnotes":""},"class_list":["post-23","page","type-page","status-publish","hentry"],"_links":{"self":[{"href":"https:\/\/clearingourpath.ca\/index.php\/wp-json\/wp\/v2\/pages\/23","targetHints":{"allow":["GET"]}}],"collection":[{"href":"https:\/\/clearingourpath.ca\/index.php\/wp-json\/wp\/v2\/pages"}],"about":[{"href":"https:\/\/clearingourpath.ca\/index.php\/wp-json\/wp\/v2\/types\/page"}],"author":[{"embeddable":true,"href":"https:\/\/clearingourpath.ca\/index.php\/wp-json\/wp\/v2\/users\/9"}],"replies":[{"embeddable":true,"href":"https:\/\/clearingourpath.ca\/index.php\/wp-json\/wp\/v2\/comments?post=23"}],"version-history":[{"count":4,"href":"https:\/\/clearingourpath.ca\/index.php\/wp-json\/wp\/v2\/pages\/23\/revisions"}],"predecessor-version":[{"id":262,"href":"https:\/\/clearingourpath.ca\/index.php\/wp-json\/wp\/v2\/pages\/23\/revisions\/262"}],"wp:attachment":[{"href":"https:\/\/clearingourpath.ca\/index.php\/wp-json\/wp\/v2\/media?parent=23"}],"curies":[{"name":"wp","href":"https:\/\/api.w.org\/{rel}","templated":true}]}}