{"id":374,"date":"2022-08-23T15:13:00","date_gmt":"2022-08-23T15:13:00","guid":{"rendered":"https:\/\/clearingourpath.ca\/?page_id=374"},"modified":"2023-08-09T11:28:41","modified_gmt":"2023-08-09T14:28:41","slug":"notions-de-base-sur-la-cecite","status":"publish","type":"page","link":"https:\/\/clearingourpath.ca\/index.php\/language\/fr\/notions-de-base-sur-la-cecite\/","title":{"rendered":"Notions de base sur la c\u00e9cit\u00e9"},"content":{"rendered":"<h2>Comprendre les besoins des personnes touch\u00e9es par la c\u00e9cit\u00e9<\/h2>\n<p>Le Canada fait face \u00e0 une crise en mati\u00e8re de la c\u00e9cit\u00e9. 1.5 million de personnes touch\u00e9es par la c\u00e9cit\u00e9 importante qui r\u00e9duit leur qualit\u00e9 de vie, et verra ce chiffre augmenter de beaucoup dans les 25 prochaines ann\u00e9es avec le vieillissement de sa population.<\/p>\n<figure id=\"attachment_267\" aria-describedby=\"caption-attachment-267\" style=\"width: 300px\" class=\"wp-caption alignright\"><img loading=\"lazy\" decoding=\"async\" class=\"wp-image-267 size-medium\" src=\"https:\/\/clearingourpath.ca\/wp-content\/uploads\/2022\/08\/fig1-0-1-300x175.jpg\" alt=\"Hommes munis d'une canne blanche traversant un passage pour pi\u00e9tons.\" width=\"300\" height=\"175\" srcset=\"https:\/\/clearingourpath.ca\/wp-content\/uploads\/2022\/08\/fig1-0-1-300x175.jpg 300w, https:\/\/clearingourpath.ca\/wp-content\/uploads\/2022\/08\/fig1-0-1-768x447.jpg 768w, https:\/\/clearingourpath.ca\/wp-content\/uploads\/2022\/08\/fig1-0-1.jpg 800w\" sizes=\"auto, (max-width: 300px) 100vw, 300px\" \/><figcaption id=\"caption-attachment-267\" class=\"wp-caption-text\">Hommes munis d&#8217;une canne blanche traversant un passage pour pi\u00e9tons.<\/figcaption><\/figure>\n<p>La proportion de Canadiens \u00e2g\u00e9s de 65 ans ou plus, qui fr\u00f4le actuellement 14 %, doublera d\u2019ici 25 ans. L\u2019une des quatre principales maladies oculaires alt\u00e9rant la vision \u2013 d\u00e9g\u00e9n\u00e9rescence maculaire li\u00e9e \u00e0 l\u2019\u00e2ge (<abbr>DMLA<\/abbr>), r\u00e9tinopathie diab\u00e9tique, glaucome et cataractes \u2013 a d\u00e9j\u00e0 \u00e9t\u00e9 diagnostiqu\u00e9e chez 5,5 millions de Canadiens et leur fait courir un s\u00e9rieux risque de la c\u00e9cit\u00e9 plus tard dans leur vie. La pr\u00e9valence accrue d\u2019ob\u00e9sit\u00e9 et de diab\u00e8te signifie aussi que plus de Canadiens pourraient subir la c\u00e9cit\u00e9 dans les ann\u00e9es \u00e0 venir.<\/p>\n<p>Devant cette forte hausse du nombre de Canadiens qui devront composer avec la c\u00e9cit\u00e9, le besoin d\u2019assurer le plus haut niveau possible d\u2019accessibilit\u00e9 de l\u2019environnement b\u00e2ti n\u2019a jamais \u00e9t\u00e9 si grand. Pour que les personnes touch\u00e9es par la c\u00e9cit\u00e9 puissent mener une vie autonome et bien remplie en tant que membres \u00e0 part enti\u00e8re de la soci\u00e9t\u00e9, il faut des installations qui leur permettent de se d\u00e9placer en toute s\u00e9curit\u00e9 dans leurs quartiers et dans les lieux publics, tels que les centres commerciaux et les \u00e9difices communautaires.<\/p>\n<p><strong>Dans cette section\u00a0:<\/strong><\/p>\n<ul>\n<li><a href=\"https:\/\/clearingourpath.ca\/index.php\/fr\/notions-de-base-sur-la-cecite\/maladies-oculaires-courantes\/\">Maladies oculaires courantes<\/a><\/li>\n<li><a href=\"https:\/\/clearingourpath.ca\/index.php\/fr\/notions-de-base-sur-la-cecite\/mobilite\/\">Mobilit\u00e9<\/a><\/li>\n<li><a href=\"https:\/\/clearingourpath.ca\/index.php\/fr\/notions-de-base-sur-la-cecite\/reperage-du-chemin-dacces\/\">Rep\u00e9rage du chemin d&#8217;acc\u00e8s<\/a><\/li>\n<li><a href=\"https:\/\/clearingourpath.ca\/index.php\/fr\/notions-de-base-sur-la-cecite\/lecture-et-ecriture\/\">Lecture et \u00e9criture<\/a><\/li>\n<\/ul>\n","protected":false},"excerpt":{"rendered":"<p>Comprendre les besoins des personnes touch\u00e9es par la c\u00e9cit\u00e9 Le Canada fait face \u00e0 une crise en mati\u00e8re de la c\u00e9cit\u00e9. 1.5 million de personnes touch\u00e9es par la c\u00e9cit\u00e9 importante qui r\u00e9duit leur qualit\u00e9 de vie, et verra ce chiffre augmenter de beaucoup dans les [&hellip;]<\/p>\n","protected":false},"author":3,"featured_media":0,"parent":0,"menu_order":0,"comment_status":"closed","ping_status":"closed","template":"","meta":{"_monsterinsights_skip_tracking":false,"_monsterinsights_sitenote_active":false,"_monsterinsights_sitenote_note":"","_monsterinsights_sitenote_category":0,"footnotes":""},"class_list":["post-374","page","type-page","status-publish","hentry"],"_links":{"self":[{"href":"https:\/\/clearingourpath.ca\/index.php\/wp-json\/wp\/v2\/pages\/374","targetHints":{"allow":["GET"]}}],"collection":[{"href":"https:\/\/clearingourpath.ca\/index.php\/wp-json\/wp\/v2\/pages"}],"about":[{"href":"https:\/\/clearingourpath.ca\/index.php\/wp-json\/wp\/v2\/types\/page"}],"author":[{"embeddable":true,"href":"https:\/\/clearingourpath.ca\/index.php\/wp-json\/wp\/v2\/users\/3"}],"replies":[{"embeddable":true,"href":"https:\/\/clearingourpath.ca\/index.php\/wp-json\/wp\/v2\/comments?post=374"}],"version-history":[{"count":4,"href":"https:\/\/clearingourpath.ca\/index.php\/wp-json\/wp\/v2\/pages\/374\/revisions"}],"predecessor-version":[{"id":1492,"href":"https:\/\/clearingourpath.ca\/index.php\/wp-json\/wp\/v2\/pages\/374\/revisions\/1492"}],"wp:attachment":[{"href":"https:\/\/clearingourpath.ca\/index.php\/wp-json\/wp\/v2\/media?parent=374"}],"curies":[{"name":"wp","href":"https:\/\/api.w.org\/{rel}","templated":true}]}}