{"id":376,"date":"2022-08-23T15:14:44","date_gmt":"2022-08-23T15:14:44","guid":{"rendered":"https:\/\/clearingourpath.ca\/?page_id=376"},"modified":"2022-08-23T15:14:44","modified_gmt":"2022-08-23T15:14:44","slug":"perte-de-vision-peripherique","status":"publish","type":"page","link":"https:\/\/clearingourpath.ca\/index.php\/language\/fr\/notions-de-base-sur-la-cecite\/maladies-oculaires-courantes\/perte-de-vision-peripherique\/","title":{"rendered":"Perte de vision p\u00e9riph\u00e9rique"},"content":{"rendered":"<p>La c\u00e9cit\u00e9 p\u00e9riph\u00e9rique, commun\u00e9ment appel\u00e9e \u00ab vision tubulaire \u00bb ou \u00ab vision en tunnel \u00bb, est d\u00e9finie comme un champ visuel normal au centre, mais absent autour de ce dernier. Le glaucome et la r\u00e9tinite pigmentaire en sont des causes fr\u00e9quentes. Les personnes ayant une vision p\u00e9riph\u00e9rique limit\u00e9e ne voient que ce qui est directement devant elles, et doivent sinon tourner la t\u00eate pour voir quelqu\u2019un ou quelque chose. Elles peuvent trouver difficile de se d\u00e9placer dans l\u2019environnement b\u00e2ti.<\/p>\n<figure id=\"attachment_268\" aria-describedby=\"caption-attachment-268\" style=\"width: 300px\" class=\"wp-caption alignleft\"><img loading=\"lazy\" decoding=\"async\" class=\"wp-image-268 size-medium\" src=\"https:\/\/clearingourpath.ca\/wp-content\/uploads\/2022\/08\/fig1-1-1-300x196.jpg\" alt=\"Vue d\u2019un immeuble avec une pleine vision.\" width=\"300\" height=\"196\" srcset=\"https:\/\/clearingourpath.ca\/wp-content\/uploads\/2022\/08\/fig1-1-1-300x196.jpg 300w, https:\/\/clearingourpath.ca\/wp-content\/uploads\/2022\/08\/fig1-1-1.jpg 726w\" sizes=\"auto, (max-width: 300px) 100vw, 300px\" \/><figcaption id=\"caption-attachment-268\" class=\"wp-caption-text\">Vue d\u2019un immeuble avec une pleine vision.<\/figcaption><\/figure>\n<figure id=\"attachment_269\" aria-describedby=\"caption-attachment-269\" style=\"width: 300px\" class=\"wp-caption alignleft\"><img loading=\"lazy\" decoding=\"async\" class=\"wp-image-269 size-medium\" src=\"https:\/\/clearingourpath.ca\/wp-content\/uploads\/2022\/08\/fig1-1-2-300x196.jpg\" alt=\"Vue d\u2019un immeuble avec la c\u00e9cit\u00e9 p\u00e9riph\u00e9rique.\" width=\"300\" height=\"196\" srcset=\"https:\/\/clearingourpath.ca\/wp-content\/uploads\/2022\/08\/fig1-1-2-300x196.jpg 300w, https:\/\/clearingourpath.ca\/wp-content\/uploads\/2022\/08\/fig1-1-2.jpg 726w\" sizes=\"auto, (max-width: 300px) 100vw, 300px\" \/><figcaption id=\"caption-attachment-269\" class=\"wp-caption-text\">Vue d\u2019un immeuble avec la c\u00e9cit\u00e9 p\u00e9riph\u00e9rique.<\/figcaption><\/figure>\n","protected":false},"excerpt":{"rendered":"<p>La c\u00e9cit\u00e9 p\u00e9riph\u00e9rique, commun\u00e9ment appel\u00e9e \u00ab vision tubulaire \u00bb ou \u00ab vision en tunnel \u00bb, est d\u00e9finie comme un champ visuel normal au centre, mais absent autour de ce dernier. Le glaucome et la r\u00e9tinite pigmentaire en sont des causes fr\u00e9quentes. Les personnes ayant une [&hellip;]<\/p>\n","protected":false},"author":3,"featured_media":0,"parent":372,"menu_order":0,"comment_status":"closed","ping_status":"closed","template":"","meta":{"_monsterinsights_skip_tracking":false,"_monsterinsights_sitenote_active":false,"_monsterinsights_sitenote_note":"","_monsterinsights_sitenote_category":0,"footnotes":""},"class_list":["post-376","page","type-page","status-publish","hentry"],"_links":{"self":[{"href":"https:\/\/clearingourpath.ca\/index.php\/wp-json\/wp\/v2\/pages\/376","targetHints":{"allow":["GET"]}}],"collection":[{"href":"https:\/\/clearingourpath.ca\/index.php\/wp-json\/wp\/v2\/pages"}],"about":[{"href":"https:\/\/clearingourpath.ca\/index.php\/wp-json\/wp\/v2\/types\/page"}],"author":[{"embeddable":true,"href":"https:\/\/clearingourpath.ca\/index.php\/wp-json\/wp\/v2\/users\/3"}],"replies":[{"embeddable":true,"href":"https:\/\/clearingourpath.ca\/index.php\/wp-json\/wp\/v2\/comments?post=376"}],"version-history":[{"count":1,"href":"https:\/\/clearingourpath.ca\/index.php\/wp-json\/wp\/v2\/pages\/376\/revisions"}],"predecessor-version":[{"id":377,"href":"https:\/\/clearingourpath.ca\/index.php\/wp-json\/wp\/v2\/pages\/376\/revisions\/377"}],"up":[{"embeddable":true,"href":"https:\/\/clearingourpath.ca\/index.php\/wp-json\/wp\/v2\/pages\/372"}],"wp:attachment":[{"href":"https:\/\/clearingourpath.ca\/index.php\/wp-json\/wp\/v2\/media?parent=376"}],"curies":[{"name":"wp","href":"https:\/\/api.w.org\/{rel}","templated":true}]}}