{"id":380,"date":"2022-08-23T15:17:48","date_gmt":"2022-08-23T15:17:48","guid":{"rendered":"https:\/\/clearingourpath.ca\/?page_id=380"},"modified":"2023-08-09T11:36:42","modified_gmt":"2023-08-09T14:36:42","slug":"perte-de-vision-centrale","status":"publish","type":"page","link":"https:\/\/clearingourpath.ca\/index.php\/language\/fr\/notions-de-base-sur-la-cecite\/maladies-oculaires-courantes\/perte-de-vision-centrale\/","title":{"rendered":"Perte de vision centrale"},"content":{"rendered":"<p>Lorsque la vision centrale est absente, les images semblent d\u00e9form\u00e9es ou floues, et la vision p\u00e9riph\u00e9rique est \u00e9galement r\u00e9duite quelque peu.<\/p>\n<figure id=\"attachment_268\" aria-describedby=\"caption-attachment-268\" style=\"width: 300px\" class=\"wp-caption alignleft\"><img loading=\"lazy\" decoding=\"async\" class=\"wp-image-268 size-medium\" src=\"https:\/\/clearingourpath.ca\/wp-content\/uploads\/2022\/08\/fig1-1-1-300x196.jpg\" alt=\"Vue d\u2019un immeuble avec une pleine vision.\" width=\"300\" height=\"196\" srcset=\"https:\/\/clearingourpath.ca\/wp-content\/uploads\/2022\/08\/fig1-1-1-300x196.jpg 300w, https:\/\/clearingourpath.ca\/wp-content\/uploads\/2022\/08\/fig1-1-1.jpg 726w\" sizes=\"auto, (max-width: 300px) 100vw, 300px\" \/><figcaption id=\"caption-attachment-268\" class=\"wp-caption-text\">Vue d\u2019un immeuble avec une pleine vision.<\/figcaption><\/figure>\n<figure id=\"attachment_270\" aria-describedby=\"caption-attachment-270\" style=\"width: 300px\" class=\"wp-caption alignleft\"><img loading=\"lazy\" decoding=\"async\" class=\"wp-image-270 size-medium\" src=\"https:\/\/clearingourpath.ca\/wp-content\/uploads\/2022\/08\/fig1-1-3-300x196.jpg\" alt=\"Vue d\u2019un immeuble avec la c\u00e9cit\u00e9 centrale.\" width=\"300\" height=\"196\" srcset=\"https:\/\/clearingourpath.ca\/wp-content\/uploads\/2022\/08\/fig1-1-3-300x196.jpg 300w, https:\/\/clearingourpath.ca\/wp-content\/uploads\/2022\/08\/fig1-1-3.jpg 726w\" sizes=\"auto, (max-width: 300px) 100vw, 300px\" \/><figcaption id=\"caption-attachment-270\" class=\"wp-caption-text\">Vue d\u2019un immeuble avec la c\u00e9cit\u00e9 centrale.<\/figcaption><\/figure>\n","protected":false},"excerpt":{"rendered":"<p>Lorsque la vision centrale est absente, les images semblent d\u00e9form\u00e9es ou floues, et la vision p\u00e9riph\u00e9rique est \u00e9galement r\u00e9duite quelque peu.<\/p>\n","protected":false},"author":3,"featured_media":0,"parent":372,"menu_order":1,"comment_status":"closed","ping_status":"closed","template":"","meta":{"_monsterinsights_skip_tracking":false,"_monsterinsights_sitenote_active":false,"_monsterinsights_sitenote_note":"","_monsterinsights_sitenote_category":0,"footnotes":""},"class_list":["post-380","page","type-page","status-publish","hentry"],"_links":{"self":[{"href":"https:\/\/clearingourpath.ca\/index.php\/wp-json\/wp\/v2\/pages\/380","targetHints":{"allow":["GET"]}}],"collection":[{"href":"https:\/\/clearingourpath.ca\/index.php\/wp-json\/wp\/v2\/pages"}],"about":[{"href":"https:\/\/clearingourpath.ca\/index.php\/wp-json\/wp\/v2\/types\/page"}],"author":[{"embeddable":true,"href":"https:\/\/clearingourpath.ca\/index.php\/wp-json\/wp\/v2\/users\/3"}],"replies":[{"embeddable":true,"href":"https:\/\/clearingourpath.ca\/index.php\/wp-json\/wp\/v2\/comments?post=380"}],"version-history":[{"count":3,"href":"https:\/\/clearingourpath.ca\/index.php\/wp-json\/wp\/v2\/pages\/380\/revisions"}],"predecessor-version":[{"id":1496,"href":"https:\/\/clearingourpath.ca\/index.php\/wp-json\/wp\/v2\/pages\/380\/revisions\/1496"}],"up":[{"embeddable":true,"href":"https:\/\/clearingourpath.ca\/index.php\/wp-json\/wp\/v2\/pages\/372"}],"wp:attachment":[{"href":"https:\/\/clearingourpath.ca\/index.php\/wp-json\/wp\/v2\/media?parent=380"}],"curies":[{"name":"wp","href":"https:\/\/api.w.org\/{rel}","templated":true}]}}