{"id":384,"date":"2022-08-23T15:25:24","date_gmt":"2022-08-23T15:25:24","guid":{"rendered":"https:\/\/clearingourpath.ca\/?page_id=384"},"modified":"2023-08-09T11:43:20","modified_gmt":"2023-08-09T14:43:20","slug":"vision-trouble","status":"publish","type":"page","link":"https:\/\/clearingourpath.ca\/index.php\/language\/fr\/notions-de-base-sur-la-cecite\/maladies-oculaires-courantes\/vision-trouble\/","title":{"rendered":"Vision trouble"},"content":{"rendered":"<table style=\"height: 82px;\" width=\"664\">\n<tbody>\n<tr>\n<td width=\"559\">Une vision trouble est l\u2019incapacit\u00e9 de voir avec une bonne mise au point. Les causes, nombreuses, peuvent \u00eatre par exemple une myopie extr\u00eame, des mouvements incontr\u00f4lables de l\u2019\u0153il et des cataractes.<\/td>\n<\/tr>\n<\/tbody>\n<\/table>\n<p>&nbsp;<\/p>\n<figure id=\"attachment_268\" aria-describedby=\"caption-attachment-268\" style=\"width: 412px\" class=\"wp-caption alignleft\"><img loading=\"lazy\" decoding=\"async\" class=\"wp-image-268\" src=\"https:\/\/clearingourpath.ca\/wp-content\/uploads\/2022\/08\/fig1-1-1.jpg\" alt=\"Vue d\u2019un immeuble avec une pleine vision.\" width=\"412\" height=\"270\" srcset=\"https:\/\/clearingourpath.ca\/wp-content\/uploads\/2022\/08\/fig1-1-1.jpg 726w, https:\/\/clearingourpath.ca\/wp-content\/uploads\/2022\/08\/fig1-1-1-300x196.jpg 300w\" sizes=\"auto, (max-width: 412px) 100vw, 412px\" \/><figcaption id=\"caption-attachment-268\" class=\"wp-caption-text\">Vue d\u2019un immeuble avec une pleine vision.<\/figcaption><\/figure>\n<figure id=\"attachment_271\" aria-describedby=\"caption-attachment-271\" style=\"width: 413px\" class=\"wp-caption alignleft\"><img loading=\"lazy\" decoding=\"async\" class=\"wp-image-271\" src=\"https:\/\/clearingourpath.ca\/wp-content\/uploads\/2022\/08\/fig1-1-4.jpg\" alt=\"Vue d\u2019un immeuble avec une vision trouble.\" width=\"413\" height=\"270\" srcset=\"https:\/\/clearingourpath.ca\/wp-content\/uploads\/2022\/08\/fig1-1-4.jpg 726w, https:\/\/clearingourpath.ca\/wp-content\/uploads\/2022\/08\/fig1-1-4-300x196.jpg 300w\" sizes=\"auto, (max-width: 413px) 100vw, 413px\" \/><figcaption id=\"caption-attachment-271\" class=\"wp-caption-text\">Vue d\u2019un immeuble avec une vision trouble.<\/figcaption><\/figure>\n","protected":false},"excerpt":{"rendered":"<p>Une vision trouble est l\u2019incapacit\u00e9 de voir avec une bonne mise au point. Les causes, nombreuses, peuvent \u00eatre par exemple une myopie extr\u00eame, des mouvements incontr\u00f4lables de l\u2019\u0153il et des cataractes. &nbsp;<\/p>\n","protected":false},"author":3,"featured_media":0,"parent":372,"menu_order":2,"comment_status":"closed","ping_status":"closed","template":"","meta":{"_monsterinsights_skip_tracking":false,"_monsterinsights_sitenote_active":false,"_monsterinsights_sitenote_note":"","_monsterinsights_sitenote_category":0,"footnotes":""},"class_list":["post-384","page","type-page","status-publish","hentry"],"_links":{"self":[{"href":"https:\/\/clearingourpath.ca\/index.php\/wp-json\/wp\/v2\/pages\/384","targetHints":{"allow":["GET"]}}],"collection":[{"href":"https:\/\/clearingourpath.ca\/index.php\/wp-json\/wp\/v2\/pages"}],"about":[{"href":"https:\/\/clearingourpath.ca\/index.php\/wp-json\/wp\/v2\/types\/page"}],"author":[{"embeddable":true,"href":"https:\/\/clearingourpath.ca\/index.php\/wp-json\/wp\/v2\/users\/3"}],"replies":[{"embeddable":true,"href":"https:\/\/clearingourpath.ca\/index.php\/wp-json\/wp\/v2\/comments?post=384"}],"version-history":[{"count":5,"href":"https:\/\/clearingourpath.ca\/index.php\/wp-json\/wp\/v2\/pages\/384\/revisions"}],"predecessor-version":[{"id":1547,"href":"https:\/\/clearingourpath.ca\/index.php\/wp-json\/wp\/v2\/pages\/384\/revisions\/1547"}],"up":[{"embeddable":true,"href":"https:\/\/clearingourpath.ca\/index.php\/wp-json\/wp\/v2\/pages\/372"}],"wp:attachment":[{"href":"https:\/\/clearingourpath.ca\/index.php\/wp-json\/wp\/v2\/media?parent=384"}],"curies":[{"name":"wp","href":"https:\/\/api.w.org\/{rel}","templated":true}]}}