{"id":392,"date":"2022-08-23T15:27:46","date_gmt":"2022-08-23T15:27:46","guid":{"rendered":"https:\/\/clearingourpath.ca\/?page_id=392"},"modified":"2023-08-09T11:48:40","modified_gmt":"2023-08-09T14:48:40","slug":"retinopathie-diabetique","status":"publish","type":"page","link":"https:\/\/clearingourpath.ca\/index.php\/language\/fr\/notions-de-base-sur-la-cecite\/maladies-oculaires-courantes\/retinopathie-diabetique\/","title":{"rendered":"R\u00e9tinopathie diab\u00e9tique"},"content":{"rendered":"<p>Les sympt\u00f4mes de la r\u00e9tinopathie diab\u00e9tique sont des points fonc\u00e9s flottants ou une absence d\u2019acuit\u00e9 dans l\u2019ensemble du champ visuel. Une certaine forme de r\u00e9tinopathie diab\u00e9tique se d\u00e9veloppe chez presque tous les patients atteints de diab\u00e8te de type 1 et chez 60 % des patients atteints de diab\u00e8te de type 2 dans les 20 ann\u00e9es suivant l\u2019installation du diab\u00e8te.<\/p>\n<figure id=\"attachment_272\" aria-describedby=\"caption-attachment-272\" style=\"width: 354px\" class=\"wp-caption alignleft\"><img loading=\"lazy\" decoding=\"async\" class=\"wp-image-272\" src=\"https:\/\/clearingourpath.ca\/wp-content\/uploads\/2022\/08\/fig1-1-5.jpg\" alt=\"Vue d\u2019un immeuble avec une r\u00e9tinopathie diab\u00e9tique.\" width=\"354\" height=\"232\" srcset=\"https:\/\/clearingourpath.ca\/wp-content\/uploads\/2022\/08\/fig1-1-5.jpg 726w, https:\/\/clearingourpath.ca\/wp-content\/uploads\/2022\/08\/fig1-1-5-300x196.jpg 300w\" sizes=\"auto, (max-width: 354px) 100vw, 354px\" \/><figcaption id=\"caption-attachment-272\" class=\"wp-caption-text\">Vue d\u2019un immeuble avec une r\u00e9tinopathie diab\u00e9tique.<\/figcaption><\/figure>\n<figure id=\"attachment_268\" aria-describedby=\"caption-attachment-268\" style=\"width: 355px\" class=\"wp-caption alignleft\"><img loading=\"lazy\" decoding=\"async\" class=\"wp-image-268\" src=\"https:\/\/clearingourpath.ca\/wp-content\/uploads\/2022\/08\/fig1-1-1.jpg\" alt=\"Vue d\u2019un immeuble avec une pleine vision.\" width=\"355\" height=\"232\" srcset=\"https:\/\/clearingourpath.ca\/wp-content\/uploads\/2022\/08\/fig1-1-1.jpg 726w, https:\/\/clearingourpath.ca\/wp-content\/uploads\/2022\/08\/fig1-1-1-300x196.jpg 300w\" sizes=\"auto, (max-width: 355px) 100vw, 355px\" \/><figcaption id=\"caption-attachment-268\" class=\"wp-caption-text\">Vue d\u2019un immeuble avec une pleine vision.<\/figcaption><\/figure>\n","protected":false},"excerpt":{"rendered":"<p>Les sympt\u00f4mes de la r\u00e9tinopathie diab\u00e9tique sont des points fonc\u00e9s flottants ou une absence d\u2019acuit\u00e9 dans l\u2019ensemble du champ visuel. Une certaine forme de r\u00e9tinopathie diab\u00e9tique se d\u00e9veloppe chez presque tous les patients atteints de diab\u00e8te de type 1 et chez 60 % des patients [&hellip;]<\/p>\n","protected":false},"author":3,"featured_media":0,"parent":372,"menu_order":4,"comment_status":"closed","ping_status":"closed","template":"","meta":{"_monsterinsights_skip_tracking":false,"_monsterinsights_sitenote_active":false,"_monsterinsights_sitenote_note":"","_monsterinsights_sitenote_category":0,"footnotes":""},"class_list":["post-392","page","type-page","status-publish","hentry"],"_links":{"self":[{"href":"https:\/\/clearingourpath.ca\/index.php\/wp-json\/wp\/v2\/pages\/392","targetHints":{"allow":["GET"]}}],"collection":[{"href":"https:\/\/clearingourpath.ca\/index.php\/wp-json\/wp\/v2\/pages"}],"about":[{"href":"https:\/\/clearingourpath.ca\/index.php\/wp-json\/wp\/v2\/types\/page"}],"author":[{"embeddable":true,"href":"https:\/\/clearingourpath.ca\/index.php\/wp-json\/wp\/v2\/users\/3"}],"replies":[{"embeddable":true,"href":"https:\/\/clearingourpath.ca\/index.php\/wp-json\/wp\/v2\/comments?post=392"}],"version-history":[{"count":5,"href":"https:\/\/clearingourpath.ca\/index.php\/wp-json\/wp\/v2\/pages\/392\/revisions"}],"predecessor-version":[{"id":1554,"href":"https:\/\/clearingourpath.ca\/index.php\/wp-json\/wp\/v2\/pages\/392\/revisions\/1554"}],"up":[{"embeddable":true,"href":"https:\/\/clearingourpath.ca\/index.php\/wp-json\/wp\/v2\/pages\/372"}],"wp:attachment":[{"href":"https:\/\/clearingourpath.ca\/index.php\/wp-json\/wp\/v2\/media?parent=392"}],"curies":[{"name":"wp","href":"https:\/\/api.w.org\/{rel}","templated":true}]}}