{"id":400,"date":"2022-08-23T15:29:18","date_gmt":"2022-08-23T15:29:18","guid":{"rendered":"https:\/\/clearingourpath.ca\/?page_id=400"},"modified":"2023-08-09T11:51:56","modified_gmt":"2023-08-09T14:51:56","slug":"sensibilite-a-leblouissement","status":"publish","type":"page","link":"https:\/\/clearingourpath.ca\/index.php\/language\/fr\/notions-de-base-sur-la-cecite\/maladies-oculaires-courantes\/sensibilite-a-leblouissement\/","title":{"rendered":"Sensibilit\u00e9 \u00c0 l\u2019\u00e9blouissement"},"content":{"rendered":"<p>La sensibilit\u00e9 \u00e0 l\u2019\u00e9blouissement est une incapacit\u00e9 de voir une lumi\u00e8re vive sans ressentir de douleur. Chez les adultes plus \u00e2g\u00e9s, cette affection est souvent attribuable \u00e0 des cataractes caus\u00e9es par des changements survenus \u00e0 l\u2019int\u00e9rieur du cristallin.<\/p>\n","protected":false},"excerpt":{"rendered":"<p>La sensibilit\u00e9 \u00e0 l\u2019\u00e9blouissement est une incapacit\u00e9 de voir une lumi\u00e8re vive sans ressentir de douleur. Chez les adultes plus \u00e2g\u00e9s, cette affection est souvent attribuable \u00e0 des cataractes caus\u00e9es par des changements survenus \u00e0 l\u2019int\u00e9rieur du cristallin.<\/p>\n","protected":false},"author":3,"featured_media":0,"parent":372,"menu_order":6,"comment_status":"closed","ping_status":"closed","template":"","meta":{"_monsterinsights_skip_tracking":false,"_monsterinsights_sitenote_active":false,"_monsterinsights_sitenote_note":"","_monsterinsights_sitenote_category":0,"footnotes":""},"class_list":["post-400","page","type-page","status-publish","hentry"],"_links":{"self":[{"href":"https:\/\/clearingourpath.ca\/index.php\/wp-json\/wp\/v2\/pages\/400","targetHints":{"allow":["GET"]}}],"collection":[{"href":"https:\/\/clearingourpath.ca\/index.php\/wp-json\/wp\/v2\/pages"}],"about":[{"href":"https:\/\/clearingourpath.ca\/index.php\/wp-json\/wp\/v2\/types\/page"}],"author":[{"embeddable":true,"href":"https:\/\/clearingourpath.ca\/index.php\/wp-json\/wp\/v2\/users\/3"}],"replies":[{"embeddable":true,"href":"https:\/\/clearingourpath.ca\/index.php\/wp-json\/wp\/v2\/comments?post=400"}],"version-history":[{"count":3,"href":"https:\/\/clearingourpath.ca\/index.php\/wp-json\/wp\/v2\/pages\/400\/revisions"}],"predecessor-version":[{"id":1557,"href":"https:\/\/clearingourpath.ca\/index.php\/wp-json\/wp\/v2\/pages\/400\/revisions\/1557"}],"up":[{"embeddable":true,"href":"https:\/\/clearingourpath.ca\/index.php\/wp-json\/wp\/v2\/pages\/372"}],"wp:attachment":[{"href":"https:\/\/clearingourpath.ca\/index.php\/wp-json\/wp\/v2\/media?parent=400"}],"curies":[{"name":"wp","href":"https:\/\/api.w.org\/{rel}","templated":true}]}}