{"id":404,"date":"2022-08-23T15:29:50","date_gmt":"2022-08-23T15:29:50","guid":{"rendered":"https:\/\/clearingourpath.ca\/?page_id=404"},"modified":"2023-08-09T11:52:59","modified_gmt":"2023-08-09T14:52:59","slug":"cecite-totale","status":"publish","type":"page","link":"https:\/\/clearingourpath.ca\/index.php\/language\/fr\/notions-de-base-sur-la-cecite\/maladies-oculaires-courantes\/cecite-totale\/","title":{"rendered":"C\u00e9cit\u00e9 totale"},"content":{"rendered":"<p>La c\u00e9cit\u00e9 totale est une absence compl\u00e8te de vision et touche une faible proportion de personnes vivant avec une perte de vision. Une personne peut \u00eatre compl\u00e8tement aveugle d\u00e8s sa naissance ou le devenir plus tard dans sa vie. C\u00e9cit\u00e9 totale ne veut pas forc\u00e9ment dire \u00ab noirceur \u00bb. Ainsi, une personne aveugle pourrait ne voir que du gris ou que du blanc.<\/p>\n<p>&nbsp;<\/p>\n","protected":false},"excerpt":{"rendered":"<p>La c\u00e9cit\u00e9 totale est une absence compl\u00e8te de vision et touche une faible proportion de personnes vivant avec une perte de vision. Une personne peut \u00eatre compl\u00e8tement aveugle d\u00e8s sa naissance ou le devenir plus tard dans sa vie. C\u00e9cit\u00e9 totale ne veut pas forc\u00e9ment [&hellip;]<\/p>\n","protected":false},"author":3,"featured_media":0,"parent":372,"menu_order":7,"comment_status":"closed","ping_status":"closed","template":"","meta":{"_monsterinsights_skip_tracking":false,"_monsterinsights_sitenote_active":false,"_monsterinsights_sitenote_note":"","_monsterinsights_sitenote_category":0,"footnotes":""},"class_list":["post-404","page","type-page","status-publish","hentry"],"_links":{"self":[{"href":"https:\/\/clearingourpath.ca\/index.php\/wp-json\/wp\/v2\/pages\/404","targetHints":{"allow":["GET"]}}],"collection":[{"href":"https:\/\/clearingourpath.ca\/index.php\/wp-json\/wp\/v2\/pages"}],"about":[{"href":"https:\/\/clearingourpath.ca\/index.php\/wp-json\/wp\/v2\/types\/page"}],"author":[{"embeddable":true,"href":"https:\/\/clearingourpath.ca\/index.php\/wp-json\/wp\/v2\/users\/3"}],"replies":[{"embeddable":true,"href":"https:\/\/clearingourpath.ca\/index.php\/wp-json\/wp\/v2\/comments?post=404"}],"version-history":[{"count":4,"href":"https:\/\/clearingourpath.ca\/index.php\/wp-json\/wp\/v2\/pages\/404\/revisions"}],"predecessor-version":[{"id":1558,"href":"https:\/\/clearingourpath.ca\/index.php\/wp-json\/wp\/v2\/pages\/404\/revisions\/1558"}],"up":[{"embeddable":true,"href":"https:\/\/clearingourpath.ca\/index.php\/wp-json\/wp\/v2\/pages\/372"}],"wp:attachment":[{"href":"https:\/\/clearingourpath.ca\/index.php\/wp-json\/wp\/v2\/media?parent=404"}],"curies":[{"name":"wp","href":"https:\/\/api.w.org\/{rel}","templated":true}]}}