{"id":416,"date":"2022-08-23T15:36:49","date_gmt":"2022-08-23T15:36:49","guid":{"rendered":"https:\/\/clearingourpath.ca\/?page_id=416"},"modified":"2022-08-23T18:14:05","modified_gmt":"2022-08-23T18:14:05","slug":"mobilite","status":"publish","type":"page","link":"https:\/\/clearingourpath.ca\/index.php\/language\/fr\/notions-de-base-sur-la-cecite\/mobilite\/","title":{"rendered":"Mobilit\u00e9"},"content":{"rendered":"<p>La mobilit\u00e9 est la capacit\u00e9 de se d\u00e9placer d\u2019un point \u00c0 un autre dans un espace. Pour concevoir des espaces destin\u00e9s \u00c0 des personnes touch\u00e9es par la c\u00e9cit\u00e9, il est important de comprendre ce qu\u2019est la mobilit\u00e9. La pr\u00e9sente section explique bri\u00e8vement comment ces personnes s\u2019y prennent pour se d\u00e9placer.<\/p>\n<p>En g\u00e9n\u00e9ral, les personnes touch\u00e9es par la c\u00e9cit\u00e9 choisissent une m\u00e9thode parmi plusieurs pour assurer leur mobilit\u00e9\u00a0:<\/p>\n<ul>\n<li>Elles se d\u00e9placent seules, en se fiant \u00c0 leur vision r\u00e9siduelle ou en se servant d\u2019une aide \u00c0 la mobilit\u00e9. Les trois principales aides \u00c0 la mobilit\u00e9 sont, par ordre de fr\u00e9quence d\u2019utilisation, la longue canne blanche, le chien-guide et l\u2019aide \u00e9lectronique au d\u00e9placement.<\/li>\n<li>Elles combinent souvent leur vision r\u00e9siduelle et une aide \u00c0 la mobilit\u00e9. Par exemple, la perception de la lumi\u00e8re peut \u00eatre jumel\u00e9e efficacement \u00c0 une aide \u00c0 la mobilit\u00e9.<\/li>\n<li>Elles ont recours \u00c0 un accompagnateur (aussi appel\u00e9 guide).<\/li>\n<\/ul>\n<figure id=\"attachment_273\" aria-describedby=\"caption-attachment-273\" style=\"width: 1425px\" class=\"wp-caption aligncenter\"><img loading=\"lazy\" decoding=\"async\" class=\"wp-image-273 size-full\" src=\"https:\/\/clearingourpath.ca\/wp-content\/uploads\/2022\/08\/fig1-2-1.jpg\" alt=\"\" width=\"1425\" height=\"720\" srcset=\"https:\/\/clearingourpath.ca\/wp-content\/uploads\/2022\/08\/fig1-2-1.jpg 1425w, https:\/\/clearingourpath.ca\/wp-content\/uploads\/2022\/08\/fig1-2-1-300x152.jpg 300w, https:\/\/clearingourpath.ca\/wp-content\/uploads\/2022\/08\/fig1-2-1-1024x517.jpg 1024w, https:\/\/clearingourpath.ca\/wp-content\/uploads\/2022\/08\/fig1-2-1-768x388.jpg 768w\" sizes=\"auto, (max-width: 1425px) 100vw, 1425px\" \/><figcaption id=\"caption-attachment-273\" class=\"wp-caption-text\">Diagramme illustrant quatre exemples de personnes touch\u00e9es par la c\u00e9cit\u00e9 et l\u2019espace requis pour chacune.<br \/>\u00a0\u00a0 &#8211; Une personne avec une canne blanche : 750 mm<br \/>\u00a0\u00a0 &#8211; Une personne avec deux b\u00e9quilles d\u2019avant-bras : 920 mm<br \/>\u00a0\u00a0 &#8211; Une personne guid\u00e9e par le bras d\u2019une autre personne : 1200 mm<br \/>\u00a0\u00a0 &#8211; Une personne avec un chien-guide : 1200 mm<\/figcaption><\/figure>\n<p class=\"clear down01\">Il existe diff\u00e9rents types d&#8217;aides \u00c0 la mobilit\u00e9\u00a0:<\/p>\n<ul>\n<li><a href=\"https:\/\/clearingourpath.ca\/index.php\/fr\/notions-de-base-sur-la-cecite\/mobilite\/vision-residuelle\/\">Vision r\u00e9siduelle<\/a><\/li>\n<li><a href=\"https:\/\/clearingourpath.ca\/index.php\/fr\/notions-de-base-sur-la-cecite\/mobilite\/longue-canne-blanche\/\">Longue canne blanche<\/a><\/li>\n<li><a href=\"https:\/\/clearingourpath.ca\/index.php\/fr\/notions-de-base-sur-la-cecite\/mobilite\/chien-guide\/\">Chien-guide<\/a><\/li>\n<li><a href=\"https:\/\/clearingourpath.ca\/index.php\/fr\/notions-de-base-sur-la-cecite\/mobilite\/technique-de-guide\/\">Technique de guide<\/a><\/li>\n<li><a href=\"https:\/\/clearingourpath.ca\/index.php\/fr\/notions-de-base-sur-la-cecite\/mobilite\/aides-electroniques-au-deplacement\/\">Aides \u00e9lectroniques au d\u00e9placement<\/a><\/li>\n<\/ul>\n","protected":false},"excerpt":{"rendered":"<p>La mobilit\u00e9 est la capacit\u00e9 de se d\u00e9placer d\u2019un point \u00c0 un autre dans un espace. Pour concevoir des espaces destin\u00e9s \u00c0 des personnes touch\u00e9es par la c\u00e9cit\u00e9, il est important de comprendre ce qu\u2019est la mobilit\u00e9. La pr\u00e9sente section explique bri\u00e8vement comment ces personnes [&hellip;]<\/p>\n","protected":false},"author":3,"featured_media":0,"parent":374,"menu_order":0,"comment_status":"closed","ping_status":"closed","template":"","meta":{"_monsterinsights_skip_tracking":false,"_monsterinsights_sitenote_active":false,"_monsterinsights_sitenote_note":"","_monsterinsights_sitenote_category":0,"footnotes":""},"class_list":["post-416","page","type-page","status-publish","hentry"],"_links":{"self":[{"href":"https:\/\/clearingourpath.ca\/index.php\/wp-json\/wp\/v2\/pages\/416","targetHints":{"allow":["GET"]}}],"collection":[{"href":"https:\/\/clearingourpath.ca\/index.php\/wp-json\/wp\/v2\/pages"}],"about":[{"href":"https:\/\/clearingourpath.ca\/index.php\/wp-json\/wp\/v2\/types\/page"}],"author":[{"embeddable":true,"href":"https:\/\/clearingourpath.ca\/index.php\/wp-json\/wp\/v2\/users\/3"}],"replies":[{"embeddable":true,"href":"https:\/\/clearingourpath.ca\/index.php\/wp-json\/wp\/v2\/comments?post=416"}],"version-history":[{"count":3,"href":"https:\/\/clearingourpath.ca\/index.php\/wp-json\/wp\/v2\/pages\/416\/revisions"}],"predecessor-version":[{"id":474,"href":"https:\/\/clearingourpath.ca\/index.php\/wp-json\/wp\/v2\/pages\/416\/revisions\/474"}],"up":[{"embeddable":true,"href":"https:\/\/clearingourpath.ca\/index.php\/wp-json\/wp\/v2\/pages\/374"}],"wp:attachment":[{"href":"https:\/\/clearingourpath.ca\/index.php\/wp-json\/wp\/v2\/media?parent=416"}],"curies":[{"name":"wp","href":"https:\/\/api.w.org\/{rel}","templated":true}]}}