{"id":422,"date":"2022-08-23T15:40:02","date_gmt":"2022-08-23T15:40:02","guid":{"rendered":"https:\/\/clearingourpath.ca\/?page_id=422"},"modified":"2022-08-23T15:40:02","modified_gmt":"2022-08-23T15:40:02","slug":"vision-residuelle","status":"publish","type":"page","link":"https:\/\/clearingourpath.ca\/index.php\/language\/fr\/notions-de-base-sur-la-cecite\/mobilite\/vision-residuelle\/","title":{"rendered":"Vision r\u00e9siduelle"},"content":{"rendered":"<p>Lorsqu\u2019elles conservent une certaine vision utilisable, les personnes touch\u00e9es par la c\u00e9cit\u00e9 arrivent \u00e0 se d\u00e9placer en apprenant \u00e0 se servir plus efficacement de leur vision r\u00e9siduelle. Bon nombre d\u2019entre elles amplifient leur vision r\u00e9siduelle gr\u00e2ce \u00e0 des aides de basse vision et \u00e0 une formation sur l\u2019efficacit\u00e9 visuelle. Toutefois, dans des conditions de faible \u00e9clairage, celles qui misent habituellement sur leur vision r\u00e9siduelle, mais qui sont atteintes de c\u00e9cit\u00e9 nocturne peuvent utiliser une aide \u00e0 la mobilit\u00e9 pour se d\u00e9placer de fa\u00e7on s\u00e9curitaire et autonome.<\/p>\n","protected":false},"excerpt":{"rendered":"<p>Lorsqu\u2019elles conservent une certaine vision utilisable, les personnes touch\u00e9es par la c\u00e9cit\u00e9 arrivent \u00e0 se d\u00e9placer en apprenant \u00e0 se servir plus efficacement de leur vision r\u00e9siduelle. Bon nombre d\u2019entre elles amplifient leur vision r\u00e9siduelle gr\u00e2ce \u00e0 des aides de basse vision et \u00e0 une [&hellip;]<\/p>\n","protected":false},"author":3,"featured_media":0,"parent":416,"menu_order":0,"comment_status":"closed","ping_status":"closed","template":"","meta":{"_monsterinsights_skip_tracking":false,"_monsterinsights_sitenote_active":false,"_monsterinsights_sitenote_note":"","_monsterinsights_sitenote_category":0,"footnotes":""},"class_list":["post-422","page","type-page","status-publish","hentry"],"_links":{"self":[{"href":"https:\/\/clearingourpath.ca\/index.php\/wp-json\/wp\/v2\/pages\/422","targetHints":{"allow":["GET"]}}],"collection":[{"href":"https:\/\/clearingourpath.ca\/index.php\/wp-json\/wp\/v2\/pages"}],"about":[{"href":"https:\/\/clearingourpath.ca\/index.php\/wp-json\/wp\/v2\/types\/page"}],"author":[{"embeddable":true,"href":"https:\/\/clearingourpath.ca\/index.php\/wp-json\/wp\/v2\/users\/3"}],"replies":[{"embeddable":true,"href":"https:\/\/clearingourpath.ca\/index.php\/wp-json\/wp\/v2\/comments?post=422"}],"version-history":[{"count":1,"href":"https:\/\/clearingourpath.ca\/index.php\/wp-json\/wp\/v2\/pages\/422\/revisions"}],"predecessor-version":[{"id":423,"href":"https:\/\/clearingourpath.ca\/index.php\/wp-json\/wp\/v2\/pages\/422\/revisions\/423"}],"up":[{"embeddable":true,"href":"https:\/\/clearingourpath.ca\/index.php\/wp-json\/wp\/v2\/pages\/416"}],"wp:attachment":[{"href":"https:\/\/clearingourpath.ca\/index.php\/wp-json\/wp\/v2\/media?parent=422"}],"curies":[{"name":"wp","href":"https:\/\/api.w.org\/{rel}","templated":true}]}}