{"id":432,"date":"2022-08-23T17:24:41","date_gmt":"2022-08-23T17:24:41","guid":{"rendered":"https:\/\/clearingourpath.ca\/?page_id=432"},"modified":"2022-10-18T14:17:35","modified_gmt":"2022-10-18T14:17:35","slug":"elements-de-design-communs","status":"publish","type":"page","link":"https:\/\/clearingourpath.ca\/index.php\/language\/fr\/exigences-generales-de-design\/elements-de-design-communs\/","title":{"rendered":"\u00c9l\u00e9ments de design communs"},"content":{"rendered":"<p>Cette section fournit des d\u00e9tails sur des \u00e9l\u00e9ments de design employ\u00e9s couramment dans des environnements int\u00e9rieurs et ext\u00e9rieurs.<\/p>\n<p>Les exigences de design en mati\u00e8re de voies de d\u00e9placement accessibles, dont les escaliers, les rampes d\u2019acc\u00e8s et les nez de quai, y sont pr\u00e9sent\u00e9s, plus particuli\u00e8rement pour les \u00e9l\u00e9ments qui se r\u00e9percutent sur la s\u00e9curit\u00e9 et la facilit\u00e9 d\u2019utilisation pour les personnes touch\u00e9es par la c\u00e9cit\u00e9. S\u2019y ajoutent les sp\u00e9cifications pour les indicateurs tactiles d\u2019\u00e9veil de la vigilance et de guidage sur les surfaces de marche, et les exigences critiques concernant leurs dimensions.<\/p>\n<p>Cette section traite aussi de l\u2019importance d\u2019une signalisation ad\u00e9quate pour les personnes touch\u00e9es par la c\u00e9cit\u00e9. Elle d\u00e9crit en outre les exigences techniques relatives \u00e0 la taille, \u00e0 la configuration et \u00e0 l\u2019emplacement des panneaux indicateurs, de m\u00eame que celles concernant la lisibilit\u00e9 au moyen de la vue, du toucher et de l\u2019ou\u00efe. La section couvre enfin les exigences techniques visant \u00e0 rendre utilisables par des personnes vivant avec une perte de vision les syst\u00e8mes d\u2019information et de communication, tels que les bureaux et guichets d\u2019information, les syst\u00e8mes de diffusion publique et les tableaux r\u00e9pertoires dans les immeubles.<\/p>\n<p>Pour de plus amples renseignements, consultez les sections <a href=\"https:\/\/clearingourpath.ca\/index.php\/fr\/exigences-generales-de-design\/elements-de-design-exterieur\/\">\u00c9l\u00e9ments de design ext\u00e9rieur<\/a> et <a href=\"https:\/\/clearingourpath.ca\/index.php\/fr\/exigences-generales-de-design\/elements-de-design-interieur\/\">\u00c9l\u00e9ments de design int\u00e9rieur<\/a> de ce document.<\/p>\n<p>Les exigences techniques \u00e9nonc\u00e9es dans cette section sont extraites de plusieurs sources, dont le <a href=\"http:\/\/www.nrc-cnrc.gc.ca\/fra\/publications\/centre_codes\/2010_code_national_batiment.html\" target=\"_blank\" rel=\"noopener\">Code national du b\u00e2timent &#8211; Canada<\/a>, <a href=\"https:\/\/store.csagroup.org\/ccrz__ProductDetails?viewState=DetailView&amp;cartID=&amp;sku=B651-18&amp;isCSRFlow=true&amp;portalUser=&amp;store=&amp;cclcl=fr_CA\" target=\"_blank\" rel=\"noopener\">CAN\/CSA B651 \u2013 Conception accessible pour l\u2019environnement b\u00e2ti<\/a>, <a href=\"http:\/\/www.iso.org\/iso\/fr\/home\/store\/catalogue_tc\/catalogue_detail.htm?csnumber=50498\" target=\"_blank\" rel=\"noopener\">ISO\/FDIS 21542 : Construction immobili\u00e8re \u2013 Accessibilit\u00e9 et facilit\u00e9 d\u2019utilisation de l\u2019environnement b\u00e2ti<\/a> et <a href=\"http:\/\/www.iso.org\/iso\/fr\/home\/store\/catalogue_tc\/catalogue_detail.htm?csnumber=55867\" target=\"_blank\" rel=\"noopener\">ISO 23599 : Produits d\u2019assistance pour personnes aveugles ou visuellement affaiblies \u2013 Indicateurs tactiles de surfaces de marche<\/a>. Veuillez consulter ces documents pour obtenir des sp\u00e9cifications techniques plus compl\u00e8tes.<\/p>\n<p><strong>Dans cette section\u00a0:<\/strong><\/p>\n<ul>\n<li><a href=\"https:\/\/clearingourpath.ca\/index.php\/fr\/exigences-generales-de-design\/elements-de-design-communs\/voies-de-deplacement\/\">Voies de d\u00e9placement<\/a><\/li>\n<li><a href=\"https:\/\/clearingourpath.ca\/index.php\/fr\/exigences-generales-de-design\/elements-de-design-communs\/objets-en-saillie-et-autres-obstacles\/\">Objets en saillie et autres obstacles<\/a><\/li>\n<li><a href=\"https:\/\/clearingourpath.ca\/index.php\/fr\/exigences-generales-de-design\/elements-de-design-communs\/indicateurs-tactiles-de-surface-de-marche\/\">Indicateurs tactiles de surface de marche<\/a><\/li>\n<li><a href=\"https:\/\/clearingourpath.ca\/index.php\/fr\/exigences-generales-de-design\/elements-de-design-communs\/escaliers\/\">Escaliers<\/a><\/li>\n<li><a href=\"https:\/\/clearingourpath.ca\/index.php\/fr\/exigences-generales-de-design\/elements-de-design-communs\/rampes-dacces\/\">Rampes d&#8217;acc\u00e8s<\/a><\/li>\n<li><a href=\"https:\/\/clearingourpath.ca\/index.php\/fr\/exigences-generales-de-design\/elements-de-design-communs\/bords-de-quai\/\">Bords de quai<\/a><\/li>\n<li><a href=\"https:\/\/clearingourpath.ca\/index.php\/fr\/exigences-generales-de-design\/elements-de-design-communs\/signalisation\/\">Signalisation<\/a><\/li>\n<li><a href=\"https:\/\/clearingourpath.ca\/index.php\/fr\/exigences-generales-de-design\/elements-de-design-communs\/systemes-dinformation-et-de-communication\/\">Syst\u00e8mes d&#8217;information et de communication<\/a><\/li>\n<li><a href=\"https:\/\/clearingourpath.ca\/index.php\/fr\/exigences-generales-de-design\/elements-de-design-communs\/systemes-de-securite-par-carte-pave-numerique-ou-autre\/\">Syst\u00e8mes de s\u00e9curit\u00e9 par carte, pav\u00e9 num\u00e9rique ou autre<\/a><\/li>\n<\/ul>\n","protected":false},"excerpt":{"rendered":"<p>Cette section fournit des d\u00e9tails sur des \u00e9l\u00e9ments de design employ\u00e9s couramment dans des environnements int\u00e9rieurs et ext\u00e9rieurs. Les exigences de design en mati\u00e8re de voies de d\u00e9placement accessibles, dont les escaliers, les rampes d\u2019acc\u00e8s et les nez de quai, y sont pr\u00e9sent\u00e9s, plus particuli\u00e8rement [&hellip;]<\/p>\n","protected":false},"author":3,"featured_media":0,"parent":428,"menu_order":2,"comment_status":"closed","ping_status":"closed","template":"","meta":{"_monsterinsights_skip_tracking":false,"_monsterinsights_sitenote_active":false,"_monsterinsights_sitenote_note":"","_monsterinsights_sitenote_category":0,"footnotes":""},"class_list":["post-432","page","type-page","status-publish","hentry"],"_links":{"self":[{"href":"https:\/\/clearingourpath.ca\/index.php\/wp-json\/wp\/v2\/pages\/432","targetHints":{"allow":["GET"]}}],"collection":[{"href":"https:\/\/clearingourpath.ca\/index.php\/wp-json\/wp\/v2\/pages"}],"about":[{"href":"https:\/\/clearingourpath.ca\/index.php\/wp-json\/wp\/v2\/types\/page"}],"author":[{"embeddable":true,"href":"https:\/\/clearingourpath.ca\/index.php\/wp-json\/wp\/v2\/users\/3"}],"replies":[{"embeddable":true,"href":"https:\/\/clearingourpath.ca\/index.php\/wp-json\/wp\/v2\/comments?post=432"}],"version-history":[{"count":4,"href":"https:\/\/clearingourpath.ca\/index.php\/wp-json\/wp\/v2\/pages\/432\/revisions"}],"predecessor-version":[{"id":863,"href":"https:\/\/clearingourpath.ca\/index.php\/wp-json\/wp\/v2\/pages\/432\/revisions\/863"}],"up":[{"embeddable":true,"href":"https:\/\/clearingourpath.ca\/index.php\/wp-json\/wp\/v2\/pages\/428"}],"wp:attachment":[{"href":"https:\/\/clearingourpath.ca\/index.php\/wp-json\/wp\/v2\/media?parent=432"}],"curies":[{"name":"wp","href":"https:\/\/api.w.org\/{rel}","templated":true}]}}