{"id":440,"date":"2022-08-23T17:29:05","date_gmt":"2022-08-23T17:29:05","guid":{"rendered":"https:\/\/clearingourpath.ca\/?page_id=440"},"modified":"2022-08-23T17:29:05","modified_gmt":"2022-08-23T17:29:05","slug":"longue-canne-blanche","status":"publish","type":"page","link":"https:\/\/clearingourpath.ca\/index.php\/language\/fr\/notions-de-base-sur-la-cecite\/mobilite\/longue-canne-blanche\/","title":{"rendered":"Longue canne blanche"},"content":{"rendered":"<p>Il existe plusieurs types de cannes de marche ou de mobilit\u00e9 pour les personnes touch\u00e9es par la c\u00e9cit\u00e9.<\/p>\n<p>Une courte canne, appel\u00e9e canne d\u2019identification, peut avoir comme objectif principal d\u2019indiquer que l\u2019utilisateur est une personne vivant avec la c\u00e9cit\u00e9 et d\u2019inciter les autres \u00e0 adopter un comportement appropri\u00e9 (p. ex., lui offrir une assistance ou ne pas entraver son chemin). En plus de recourir \u00e0 une canne d\u2019identification, une personne peut aussi se faire accompagner d\u2019un guide ou se fier \u00e0 sa vision r\u00e9siduelle pour se d\u00e9placer.<\/p>\n<p>Une canne d\u2019appui, g\u00e9n\u00e9ralement blanche, am\u00e9liore l\u2019\u00e9quilibre et permet de reconna\u00eetre une personne vivant avec la c\u00e9cit\u00e9. Par exemple, une personne \u00e2g\u00e9e qui a besoin d\u2019un appui et d\u2019une stabilit\u00e9 suppl\u00e9mentaires peut choisir ce type de canne. Une canne d\u2019appui peut \u00eatre jumel\u00e9e \u00e0 la vision r\u00e9siduelle ou \u00e0 une autre aide \u00e0 la mobilit\u00e9.<\/p>\n<p>La canne blanche la plus souvent employ\u00e9e pour la mobilit\u00e9 est la longue canne. Elle facilite la d\u00e9tection des objets et la perception de la profondeur, informant \u00e0 l\u2019avance des changements de pente ou de niveau et des obstacles ou dangers \u00e0 venir sur le parcours. Comme les autres types de cannes, elle sert aussi \u00e0 indiquer qu\u2019une personne vit avec la c\u00e9cit\u00e9.<\/p>\n<p>Les personnes qui choisissent la longue canne re\u00e7oivent parfois un enseignement en bonne et due forme sur l\u2019utilisation de celle-ci, appel\u00e9 formation en orientation et mobilit\u00e9. Elles acqui\u00e8rent ainsi des comp\u00e9tences pour se d\u00e9placer de fa\u00e7on s\u00e9curitaire, autonome et digne dans leur environnement.<\/p>\n<p>La longue canne se veut un moyen de d\u00e9tecter les objets dans la ligne de d\u00e9placement qui sont au-dessous du niveau de la taille (680mm). Elle ne permettra pas de d\u00e9tecter les objets saillants qui se trouvent au-dessus de la taille, \u00e0 moins qu\u2019ils ne soient d\u00fbment identifi\u00e9s au niveau ou \u00e0 proximit\u00e9 du sol, auquel cas ils sont dits \u00ab d\u00e9tectables avec une canne \u00bb. Pour de plus amples renseignements sur les objets saillants et la d\u00e9tectabilit\u00e9 avec une canne, veuillez consulter la section <a href=\"https:\/\/clearingourpath.ca\/index.php\/fr\/exigences-generales-de-design\/elements-de-design-communs\/objets-en-saillie-et-autres-obstacles\/\">Objets en saillie et autres obstacles<\/a>.<\/p>\n<p>Fait \u00e0 noter, les cannes de diverses couleurs ont gagn\u00e9 en popularit\u00e9 depuis quelques ann\u00e9es. Il s\u2019agit simplement d\u2019une pr\u00e9f\u00e9rence individuelle, qui ne modifie en rien les techniques d\u2019utilisation par les personnes touch\u00e9es par la c\u00e9cit\u00e9.<\/p>\n<p>La principale technique d\u2019utilisation d\u2019une canne est la \u00ab\u00a0technique du toucher\u00a0\u00bb. Elle consiste \u00e0 tapoter syst\u00e9matiquement le sol \u00e0 gauche et \u00e0 droite en d\u00e9crivant un grand arc, allant environ 25\u00a0mm au-del\u00e0 de la partie la plus large du corps. En plus de renseigner sur les objets situ\u00e9s sur le parcours, la technique du toucher peut aussi fournir de l\u2019information acoustique.<\/p>\n<p>Si de nombreuses personnes re\u00e7oivent une formation en bonne et due forme sur l\u2019utilisation d\u2019une canne, certaines n\u2019en suivent aucune et acqui\u00e8rent leurs propres techniques.<\/p>\n<p>Lorsqu\u2019une personne utilise sa vision r\u00e9siduelle jumel\u00e9e \u00e0 une longue canne blanche, elle se fie g\u00e9n\u00e9ralement \u00e0 sa vision pour d\u00e9tecter des objets au-dessus du niveau de la taille et \u00e0 sa canne pour d\u00e9tecter les objets sous le niveau de la taille. Par exemple, une personne ayant une bonne vision centrale, mais une vision p\u00e9riph\u00e9rique limit\u00e9e peut utiliser sa vision pour rep\u00e9rer les objets plac\u00e9s directement devant elle (comme des branches d\u2019arbres et les panneaux de signalisation routi\u00e8re) et se servir de sa canne pour d\u00e9tecter les obstacles au niveau du sol.<\/p>\n","protected":false},"excerpt":{"rendered":"<p>Il existe plusieurs types de cannes de marche ou de mobilit\u00e9 pour les personnes touch\u00e9es par la c\u00e9cit\u00e9. Une courte canne, appel\u00e9e canne d\u2019identification, peut avoir comme objectif principal d\u2019indiquer que l\u2019utilisateur est une personne vivant avec la c\u00e9cit\u00e9 et d\u2019inciter les autres \u00e0 adopter [&hellip;]<\/p>\n","protected":false},"author":3,"featured_media":0,"parent":416,"menu_order":0,"comment_status":"closed","ping_status":"closed","template":"","meta":{"_monsterinsights_skip_tracking":false,"_monsterinsights_sitenote_active":false,"_monsterinsights_sitenote_note":"","_monsterinsights_sitenote_category":0,"footnotes":""},"class_list":["post-440","page","type-page","status-publish","hentry"],"_links":{"self":[{"href":"https:\/\/clearingourpath.ca\/index.php\/wp-json\/wp\/v2\/pages\/440","targetHints":{"allow":["GET"]}}],"collection":[{"href":"https:\/\/clearingourpath.ca\/index.php\/wp-json\/wp\/v2\/pages"}],"about":[{"href":"https:\/\/clearingourpath.ca\/index.php\/wp-json\/wp\/v2\/types\/page"}],"author":[{"embeddable":true,"href":"https:\/\/clearingourpath.ca\/index.php\/wp-json\/wp\/v2\/users\/3"}],"replies":[{"embeddable":true,"href":"https:\/\/clearingourpath.ca\/index.php\/wp-json\/wp\/v2\/comments?post=440"}],"version-history":[{"count":1,"href":"https:\/\/clearingourpath.ca\/index.php\/wp-json\/wp\/v2\/pages\/440\/revisions"}],"predecessor-version":[{"id":441,"href":"https:\/\/clearingourpath.ca\/index.php\/wp-json\/wp\/v2\/pages\/440\/revisions\/441"}],"up":[{"embeddable":true,"href":"https:\/\/clearingourpath.ca\/index.php\/wp-json\/wp\/v2\/pages\/416"}],"wp:attachment":[{"href":"https:\/\/clearingourpath.ca\/index.php\/wp-json\/wp\/v2\/media?parent=440"}],"curies":[{"name":"wp","href":"https:\/\/api.w.org\/{rel}","templated":true}]}}