{"id":444,"date":"2022-08-23T18:03:16","date_gmt":"2022-08-23T18:03:16","guid":{"rendered":"https:\/\/clearingourpath.ca\/?page_id=444"},"modified":"2022-08-23T18:08:00","modified_gmt":"2022-08-23T18:08:00","slug":"chien-guide","status":"publish","type":"page","link":"https:\/\/clearingourpath.ca\/index.php\/language\/fr\/notions-de-base-sur-la-cecite\/mobilite\/chien-guide\/","title":{"rendered":"Chien-guide"},"content":{"rendered":"<figure id=\"attachment_274\" aria-describedby=\"caption-attachment-274\" style=\"width: 199px\" class=\"wp-caption alignright\"><img loading=\"lazy\" decoding=\"async\" class=\"wp-image-274 size-medium\" src=\"https:\/\/clearingourpath.ca\/wp-content\/uploads\/2022\/08\/fig1-2-3-1-199x300.jpg\" alt=\"Dame aveugle se promenant avec son chien-guide (Labrador noir) sur le trottoir d'une rue r\u00e9sidentielle.\" width=\"199\" height=\"300\" srcset=\"https:\/\/clearingourpath.ca\/wp-content\/uploads\/2022\/08\/fig1-2-3-1-199x300.jpg 199w, https:\/\/clearingourpath.ca\/wp-content\/uploads\/2022\/08\/fig1-2-3-1.jpg 598w\" sizes=\"auto, (max-width: 199px) 100vw, 199px\" \/><figcaption id=\"caption-attachment-274\" class=\"wp-caption-text\">Dame aveugle se promenant avec son chien-guide (Labrador noir) sur le trottoir d&#8217;une rue r\u00e9sidentielle.<\/figcaption><\/figure>\n<p>Bien des personnes touch\u00e9es par la c\u00e9cit\u00e9 ont recours \u00e0 un chien-guide pour se d\u00e9placer. Un chien-guide \u00ab au travail \u00bb porte un harnais auquel le ma\u00eetre s\u2019agrippe. Lorsqu\u2019un chien-guide n\u2019est pas au travail, il est habituellement lib\u00e9r\u00e9 du harnais et ma\u00eetris\u00e9 au moyen d\u2019une laisse. Contrairement \u00e0 la longue canne blanche, qui sert \u00e0 d\u00e9tecter les obstacles, le chien-guide travaille en partenariat avec son ma\u00eetre pour r\u00e9agir aux obstacles. Une fois dress\u00e9, le chien-guide apprend \u00e0 s\u2019arr\u00eater aux changements de niveau et \u00e0 diriger son ma\u00eetre autour des zones dangereuses (p. ex., chantiers de construction) et loin des saillies en surplomb. Le ma\u00eetre est toujours aux commandes et donne des ordres au chien (p. ex., \u00ab\u00a0tourne \u00e0 droite\u00a0\u00bb, \u00ab\u00a0tourne \u00e0 gauche\u00a0\u00bb).<\/p>\n<p>Au Canada, les lois provinciales autorisent les personnes accompagn\u00e9es d\u2019un chien-guide \u00e0 acc\u00e9der \u00e0 tous les espaces publics et \u00e0 les utiliser. Pour ce qui est de l\u2019environnement b\u00e2ti, des aires de soulagement ou d\u2019autres zones gazonn\u00e9es destin\u00e9es aux chiens-guides doivent, dans toute la mesure du possible, \u00eatre am\u00e9nag\u00e9es pour les utilisateurs de chiens-guides. Veuillez consulter la section <a href=\"https:\/\/clearingourpath.ca\/index.php\/fr\/exigences-generales-de-design\/elements-de-design-exterieur\/entretien\/\">Entretien<\/a> pour en savoir plus \u00e0 ce sujet.<\/p>\n","protected":false},"excerpt":{"rendered":"<p>Bien des personnes touch\u00e9es par la c\u00e9cit\u00e9 ont recours \u00e0 un chien-guide pour se d\u00e9placer. Un chien-guide \u00ab au travail \u00bb porte un harnais auquel le ma\u00eetre s\u2019agrippe. Lorsqu\u2019un chien-guide n\u2019est pas au travail, il est habituellement lib\u00e9r\u00e9 du harnais et ma\u00eetris\u00e9 au moyen d\u2019une [&hellip;]<\/p>\n","protected":false},"author":3,"featured_media":0,"parent":416,"menu_order":0,"comment_status":"closed","ping_status":"closed","template":"","meta":{"_monsterinsights_skip_tracking":false,"_monsterinsights_sitenote_active":false,"_monsterinsights_sitenote_note":"","_monsterinsights_sitenote_category":0,"footnotes":""},"class_list":["post-444","page","type-page","status-publish","hentry"],"_links":{"self":[{"href":"https:\/\/clearingourpath.ca\/index.php\/wp-json\/wp\/v2\/pages\/444","targetHints":{"allow":["GET"]}}],"collection":[{"href":"https:\/\/clearingourpath.ca\/index.php\/wp-json\/wp\/v2\/pages"}],"about":[{"href":"https:\/\/clearingourpath.ca\/index.php\/wp-json\/wp\/v2\/types\/page"}],"author":[{"embeddable":true,"href":"https:\/\/clearingourpath.ca\/index.php\/wp-json\/wp\/v2\/users\/3"}],"replies":[{"embeddable":true,"href":"https:\/\/clearingourpath.ca\/index.php\/wp-json\/wp\/v2\/comments?post=444"}],"version-history":[{"count":2,"href":"https:\/\/clearingourpath.ca\/index.php\/wp-json\/wp\/v2\/pages\/444\/revisions"}],"predecessor-version":[{"id":455,"href":"https:\/\/clearingourpath.ca\/index.php\/wp-json\/wp\/v2\/pages\/444\/revisions\/455"}],"up":[{"embeddable":true,"href":"https:\/\/clearingourpath.ca\/index.php\/wp-json\/wp\/v2\/pages\/416"}],"wp:attachment":[{"href":"https:\/\/clearingourpath.ca\/index.php\/wp-json\/wp\/v2\/media?parent=444"}],"curies":[{"name":"wp","href":"https:\/\/api.w.org\/{rel}","templated":true}]}}